{"id":991,"date":"2025-10-29T19:10:49","date_gmt":"2025-10-29T22:10:49","guid":{"rendered":"https:\/\/hydrastoretcg.cl\/?post_type=product&#038;p=991"},"modified":"2026-04-02T12:58:06","modified_gmt":"2026-04-02T15:58:06","slug":"rocket-tin-mewtwo-ex-destined-rivals-ingles","status":"publish","type":"product","link":"https:\/\/hydrastoretcg.cl\/?product=rocket-tin-mewtwo-ex-destined-rivals-ingles","title":{"rendered":"Rocket Tin &#8211; Mewtwo Ex Destined Rivals &#8211; Ingl\u00e9s"},"content":{"rendered":"<p>Los Pok\u00e9mon del Team Rocket est\u00e1n listos para entrar a la batalla y vienen en un producto imperdible.<\/p>\n<p>Este producto incluye:<\/p>\n<ul>\n<li>1 carta promo foil de Mewtwo Ex.<\/li>\n<li>3 sobres Destined Rivals.<\/li>\n<li>2 Sobres Journey Together.<\/li>\n<li>1 c\u00f3digo para jugar online.<\/li>\n<\/ul>\n","protected":false},"excerpt":{"rendered":"<p>Los Pok\u00e9mon del Team Rocket est\u00e1n listos para entrar a la batalla y vienen en un producto imperdible. Este producto incluye: 1 carta promo foil de Mewtwo Ex. 3 sobres Destined Rivals. 2 Sobres Journey Together. 1 c\u00f3digo para jugar online.<\/p>\n","protected":false},"featured_media":992,"template":"","meta":[],"product_brand":[52],"product_cat":[28,167,26],"product_tag":[54,38],"class_list":{"0":"post-991","1":"product","2":"type-product","3":"status-publish","4":"has-post-thumbnail","6":"product_brand-pokemon-tcg","7":"product_cat-pokemon","8":"product_cat-scarlet-violet-destined-rivals","9":"product_cat-tcg","10":"product_tag-deck","11":"product_tag-pokemon","13":"first","14":"outofstock","15":"taxable","16":"shipping-taxable","17":"purchasable","18":"product-type-simple"},"jetpack_sharing_enabled":true,"_links":{"self":[{"href":"https:\/\/hydrastoretcg.cl\/index.php?rest_route=\/wp\/v2\/product\/991","targetHints":{"allow":["GET"]}}],"collection":[{"href":"https:\/\/hydrastoretcg.cl\/index.php?rest_route=\/wp\/v2\/product"}],"about":[{"href":"https:\/\/hydrastoretcg.cl\/index.php?rest_route=\/wp\/v2\/types\/product"}],"wp:featuredmedia":[{"embeddable":true,"href":"https:\/\/hydrastoretcg.cl\/index.php?rest_route=\/wp\/v2\/media\/992"}],"wp:attachment":[{"href":"https:\/\/hydrastoretcg.cl\/index.php?rest_route=%2Fwp%2Fv2%2Fmedia&parent=991"}],"wp:term":[{"taxonomy":"product_brand","embeddable":true,"href":"https:\/\/hydrastoretcg.cl\/index.php?rest_route=%2Fwp%2Fv2%2Fproduct_brand&post=991"},{"taxonomy":"product_cat","embeddable":true,"href":"https:\/\/hydrastoretcg.cl\/index.php?rest_route=%2Fwp%2Fv2%2Fproduct_cat&post=991"},{"taxonomy":"product_tag","embeddable":true,"href":"https:\/\/hydrastoretcg.cl\/index.php?rest_route=%2Fwp%2Fv2%2Fproduct_tag&post=991"}],"curies":[{"name":"wp","href":"https:\/\/api.w.org\/{rel}","templated":true}]}}