{"id":989,"date":"2025-10-29T18:56:08","date_gmt":"2025-10-29T21:56:08","guid":{"rendered":"https:\/\/hydrastoretcg.cl\/?post_type=product&#038;p=989"},"modified":"2025-11-10T17:17:51","modified_gmt":"2025-11-10T20:17:51","slug":"october-deluxe-battle-deck-mega-gengar-ingles","status":"publish","type":"product","link":"https:\/\/hydrastoretcg.cl\/?product=october-deluxe-battle-deck-mega-gengar-ingles","title":{"rendered":"October Deluxe Battle Deck &#8211; Mega Gengar &#8211; Ingl\u00e9s"},"content":{"rendered":"<p>Mega Gengar est\u00e1 listo para unirse a la batalla de las mega evoluciones Pok\u00e9mon con un deck imparable, listo para entrar de lleno a la alta competencia.<\/p>\n<p>El producto incluye:<\/p>\n<ul>\n<li>1 mazo de 60 cartas listo para jugar.<\/li>\n<li>1 set de contadores de da\u00f1o.<\/li>\n<li>1 moneda.<\/li>\n<li>1 deckbox.<\/li>\n<li>1 playmat reversible con estrategias.<\/li>\n<li>1 c\u00f3digo para jugar online.<\/li>\n<\/ul>\n","protected":false},"excerpt":{"rendered":"<p>Mega Gengar est\u00e1 listo para unirse a la batalla de las mega evoluciones Pok\u00e9mon con un deck imparable, listo para entrar de lleno a la alta competencia. El producto incluye: 1 mazo de 60 cartas listo para jugar. 1 set de contadores de da\u00f1o. 1 moneda. 1 deckbox. 1 playmat reversible con estrategias. 1 c\u00f3digo [&hellip;]<\/p>\n","protected":false},"featured_media":990,"template":"","meta":[],"product_brand":[52],"product_cat":[28,26],"product_tag":[54,58],"class_list":{"0":"post-989","1":"product","2":"type-product","3":"status-publish","4":"has-post-thumbnail","6":"product_brand-pokemon-tcg","7":"product_cat-pokemon","8":"product_cat-tcg","9":"product_tag-deck","10":"product_tag-megaevolucion","12":"first","13":"outofstock","14":"taxable","15":"shipping-taxable","16":"purchasable","17":"product-type-simple"},"jetpack_sharing_enabled":true,"_links":{"self":[{"href":"https:\/\/hydrastoretcg.cl\/index.php?rest_route=\/wp\/v2\/product\/989","targetHints":{"allow":["GET"]}}],"collection":[{"href":"https:\/\/hydrastoretcg.cl\/index.php?rest_route=\/wp\/v2\/product"}],"about":[{"href":"https:\/\/hydrastoretcg.cl\/index.php?rest_route=\/wp\/v2\/types\/product"}],"wp:featuredmedia":[{"embeddable":true,"href":"https:\/\/hydrastoretcg.cl\/index.php?rest_route=\/wp\/v2\/media\/990"}],"wp:attachment":[{"href":"https:\/\/hydrastoretcg.cl\/index.php?rest_route=%2Fwp%2Fv2%2Fmedia&parent=989"}],"wp:term":[{"taxonomy":"product_brand","embeddable":true,"href":"https:\/\/hydrastoretcg.cl\/index.php?rest_route=%2Fwp%2Fv2%2Fproduct_brand&post=989"},{"taxonomy":"product_cat","embeddable":true,"href":"https:\/\/hydrastoretcg.cl\/index.php?rest_route=%2Fwp%2Fv2%2Fproduct_cat&post=989"},{"taxonomy":"product_tag","embeddable":true,"href":"https:\/\/hydrastoretcg.cl\/index.php?rest_route=%2Fwp%2Fv2%2Fproduct_tag&post=989"}],"curies":[{"name":"wp","href":"https:\/\/api.w.org\/{rel}","templated":true}]}}