{"id":987,"date":"2025-10-29T18:53:42","date_gmt":"2025-10-29T21:53:42","guid":{"rendered":"https:\/\/hydrastoretcg.cl\/?post_type=product&#038;p=987"},"modified":"2026-03-28T20:27:19","modified_gmt":"2026-03-28T23:27:19","slug":"october-deluxe-battle-deck-mega-diance-ex-ingles","status":"publish","type":"product","link":"https:\/\/hydrastoretcg.cl\/?product=october-deluxe-battle-deck-mega-diance-ex-ingles","title":{"rendered":"October Deluxe Battle Deck &#8211; Mega Diance Ex &#8211; Ingl\u00e9s"},"content":{"rendered":"<p>La batalla de las mega evoluciones ya lleg\u00f3 y Mega Diance Ex est\u00e1 listo para combatir con este deck de lujo para llegar y jugar.<\/p>\n<p>El producto incluye:<\/p>\n<ul>\n<li>1 mazo de 60 cartas listo para jugar.<\/li>\n<li>1 set de contadores de da\u00f1o.<\/li>\n<li>1 moneda.<\/li>\n<li>1 deckbox.<\/li>\n<li>1 playmat reversible con estrategias.<\/li>\n<li>1 c\u00f3digo para jugar online.<\/li>\n<\/ul>\n","protected":false},"excerpt":{"rendered":"<p>La batalla de las mega evoluciones ya lleg\u00f3 y Mega Diance Ex est\u00e1 listo para combatir con este deck de lujo para llegar y jugar. El producto incluye: 1 mazo de 60 cartas listo para jugar. 1 set de contadores de da\u00f1o. 1 moneda. 1 deckbox. 1 playmat reversible con estrategias. 1 c\u00f3digo para jugar [&hellip;]<\/p>\n","protected":false},"featured_media":988,"template":"","meta":[],"product_brand":[52],"product_cat":[28,26],"product_tag":[54,100],"class_list":{"0":"post-987","1":"product","2":"type-product","3":"status-publish","4":"has-post-thumbnail","6":"product_brand-pokemon-tcg","7":"product_cat-pokemon","8":"product_cat-tcg","9":"product_tag-deck","10":"product_tag-megaevoluciones","12":"first","13":"outofstock","14":"sale","15":"taxable","16":"shipping-taxable","17":"purchasable","18":"product-type-simple"},"jetpack_sharing_enabled":true,"_links":{"self":[{"href":"https:\/\/hydrastoretcg.cl\/index.php?rest_route=\/wp\/v2\/product\/987","targetHints":{"allow":["GET"]}}],"collection":[{"href":"https:\/\/hydrastoretcg.cl\/index.php?rest_route=\/wp\/v2\/product"}],"about":[{"href":"https:\/\/hydrastoretcg.cl\/index.php?rest_route=\/wp\/v2\/types\/product"}],"wp:featuredmedia":[{"embeddable":true,"href":"https:\/\/hydrastoretcg.cl\/index.php?rest_route=\/wp\/v2\/media\/988"}],"wp:attachment":[{"href":"https:\/\/hydrastoretcg.cl\/index.php?rest_route=%2Fwp%2Fv2%2Fmedia&parent=987"}],"wp:term":[{"taxonomy":"product_brand","embeddable":true,"href":"https:\/\/hydrastoretcg.cl\/index.php?rest_route=%2Fwp%2Fv2%2Fproduct_brand&post=987"},{"taxonomy":"product_cat","embeddable":true,"href":"https:\/\/hydrastoretcg.cl\/index.php?rest_route=%2Fwp%2Fv2%2Fproduct_cat&post=987"},{"taxonomy":"product_tag","embeddable":true,"href":"https:\/\/hydrastoretcg.cl\/index.php?rest_route=%2Fwp%2Fv2%2Fproduct_tag&post=987"}],"curies":[{"name":"wp","href":"https:\/\/api.w.org\/{rel}","templated":true}]}}