{"id":983,"date":"2025-10-28T14:50:10","date_gmt":"2025-10-28T17:50:10","guid":{"rendered":"https:\/\/hydrastoretcg.cl\/?post_type=product&#038;p=983"},"modified":"2026-04-02T12:56:17","modified_gmt":"2026-04-02T15:56:17","slug":"box-mega-latias-ex-espanol","status":"publish","type":"product","link":"https:\/\/hydrastoretcg.cl\/?product=box-mega-latias-ex-espanol","title":{"rendered":"Box &#8211; Mega Latias Ex &#8211; Espa\u00f1ol"},"content":{"rendered":"<p>Despliega la m\u00e1xima velocidad en el campo de batalla con la ayuda de tu Mega Latias Ex que ya est\u00e1 aqu\u00ed para ayudarte con este box que sacar\u00e1 el m\u00e1ximo rendimiento a tu estrategia.<\/p>\n<p>Este producto incluye:<\/p>\n<ul>\n<li>1 carta foil promo Mega Latias Ex.<\/li>\n<li>1 carta foil lenticular overside Mega Latias Ex.<\/li>\n<li>4 sobres de mejora de Pok\u00e9mon TCG.<\/li>\n<li>1 c\u00f3digo para jugar online.<\/li>\n<\/ul>\n","protected":false},"excerpt":{"rendered":"<p>Despliega la m\u00e1xima velocidad en el campo de batalla con la ayuda de tu Mega Latias Ex que ya est\u00e1 aqu\u00ed para ayudarte con este box que sacar\u00e1 el m\u00e1ximo rendimiento a tu estrategia. Este producto incluye: 1 carta foil promo Mega Latias Ex. 1 carta foil lenticular overside Mega Latias Ex. 4 sobres de [&hellip;]<\/p>\n","protected":false},"featured_media":984,"template":"","meta":[],"product_brand":[52],"product_cat":[165,28,26],"product_tag":[60,67,100],"class_list":{"0":"post-983","1":"product","2":"type-product","3":"status-publish","4":"has-post-thumbnail","6":"product_brand-pokemon-tcg","7":"product_cat-megaevolution","8":"product_cat-pokemon","9":"product_cat-tcg","10":"product_tag-booster","11":"product_tag-box","12":"product_tag-megaevoluciones","14":"first","15":"outofstock","16":"taxable","17":"shipping-taxable","18":"purchasable","19":"product-type-simple"},"jetpack_sharing_enabled":true,"_links":{"self":[{"href":"https:\/\/hydrastoretcg.cl\/index.php?rest_route=\/wp\/v2\/product\/983","targetHints":{"allow":["GET"]}}],"collection":[{"href":"https:\/\/hydrastoretcg.cl\/index.php?rest_route=\/wp\/v2\/product"}],"about":[{"href":"https:\/\/hydrastoretcg.cl\/index.php?rest_route=\/wp\/v2\/types\/product"}],"wp:featuredmedia":[{"embeddable":true,"href":"https:\/\/hydrastoretcg.cl\/index.php?rest_route=\/wp\/v2\/media\/984"}],"wp:attachment":[{"href":"https:\/\/hydrastoretcg.cl\/index.php?rest_route=%2Fwp%2Fv2%2Fmedia&parent=983"}],"wp:term":[{"taxonomy":"product_brand","embeddable":true,"href":"https:\/\/hydrastoretcg.cl\/index.php?rest_route=%2Fwp%2Fv2%2Fproduct_brand&post=983"},{"taxonomy":"product_cat","embeddable":true,"href":"https:\/\/hydrastoretcg.cl\/index.php?rest_route=%2Fwp%2Fv2%2Fproduct_cat&post=983"},{"taxonomy":"product_tag","embeddable":true,"href":"https:\/\/hydrastoretcg.cl\/index.php?rest_route=%2Fwp%2Fv2%2Fproduct_tag&post=983"}],"curies":[{"name":"wp","href":"https:\/\/api.w.org\/{rel}","templated":true}]}}