{"id":959,"date":"2025-10-28T03:14:47","date_gmt":"2025-10-28T06:14:47","guid":{"rendered":"https:\/\/hydrastoretcg.cl\/?post_type=product&#038;p=959"},"modified":"2025-11-10T17:20:27","modified_gmt":"2025-11-10T20:20:27","slug":"illustration-collection-victini-black-bolt-white-flame-ingles","status":"publish","type":"product","link":"https:\/\/hydrastoretcg.cl\/?product=illustration-collection-victini-black-bolt-white-flame-ingles","title":{"rendered":"Illustration Collection &#8211; Victini Black Bolt &#038; White Flame &#8211; Ingl\u00e9s"},"content":{"rendered":"<p>Una incre\u00edble colecci\u00f3n que tiene a Victini como gran protagonista con cartas promocionales de arte exclusivos del set.<\/p>\n<p>Este producto incluye:<\/p>\n<ul>\n<li>1 carta promo foil full art de Victini.<\/li>\n<li>1 carta promo foil de Victini dise\u00f1o Pok\u00e9 Ball.<\/li>\n<li>1 carta promo foil overside ilustraci\u00f3n especial de Victini.<\/li>\n<li>2 sobres de Scarlett &amp; Violet Black Bolt.<\/li>\n<li>2 sobres de Scarlett &amp; Violet White Flame.<\/li>\n<li>1 c\u00f3digo para jugar online.<\/li>\n<\/ul>\n","protected":false},"excerpt":{"rendered":"<p>Una incre\u00edble colecci\u00f3n que tiene a Victini como gran protagonista con cartas promocionales de arte exclusivos del set. Este producto incluye: 1 carta promo foil full art de Victini. 1 carta promo foil de Victini dise\u00f1o Pok\u00e9 Ball. 1 carta promo foil overside ilustraci\u00f3n especial de Victini. 2 sobres de Scarlett &amp; Violet Black Bolt. [&hellip;]<\/p>\n","protected":false},"featured_media":960,"template":"","meta":[],"product_brand":[52],"product_cat":[28,26],"product_tag":[],"class_list":{"0":"post-959","1":"product","2":"type-product","3":"status-publish","4":"has-post-thumbnail","6":"product_brand-pokemon-tcg","7":"product_cat-pokemon","8":"product_cat-tcg","10":"first","11":"outofstock","12":"taxable","13":"shipping-taxable","14":"purchasable","15":"product-type-simple"},"jetpack_sharing_enabled":true,"_links":{"self":[{"href":"https:\/\/hydrastoretcg.cl\/index.php?rest_route=\/wp\/v2\/product\/959","targetHints":{"allow":["GET"]}}],"collection":[{"href":"https:\/\/hydrastoretcg.cl\/index.php?rest_route=\/wp\/v2\/product"}],"about":[{"href":"https:\/\/hydrastoretcg.cl\/index.php?rest_route=\/wp\/v2\/types\/product"}],"wp:featuredmedia":[{"embeddable":true,"href":"https:\/\/hydrastoretcg.cl\/index.php?rest_route=\/wp\/v2\/media\/960"}],"wp:attachment":[{"href":"https:\/\/hydrastoretcg.cl\/index.php?rest_route=%2Fwp%2Fv2%2Fmedia&parent=959"}],"wp:term":[{"taxonomy":"product_brand","embeddable":true,"href":"https:\/\/hydrastoretcg.cl\/index.php?rest_route=%2Fwp%2Fv2%2Fproduct_brand&post=959"},{"taxonomy":"product_cat","embeddable":true,"href":"https:\/\/hydrastoretcg.cl\/index.php?rest_route=%2Fwp%2Fv2%2Fproduct_cat&post=959"},{"taxonomy":"product_tag","embeddable":true,"href":"https:\/\/hydrastoretcg.cl\/index.php?rest_route=%2Fwp%2Fv2%2Fproduct_tag&post=959"}],"curies":[{"name":"wp","href":"https:\/\/api.w.org\/{rel}","templated":true}]}}