{"id":956,"date":"2025-10-28T03:05:55","date_gmt":"2025-10-28T06:05:55","guid":{"rendered":"https:\/\/hydrastoretcg.cl\/?post_type=product&#038;p=956"},"modified":"2025-11-10T17:20:57","modified_gmt":"2025-11-10T20:20:57","slug":"rival-battle-deck-steven-ingles","status":"publish","type":"product","link":"https:\/\/hydrastoretcg.cl\/?product=rival-battle-deck-steven-ingles","title":{"rendered":"Rival Battle Deck &#8211; Steven &#8211; Ingl\u00e9s"},"content":{"rendered":"<p>\u00danete a Steven Stone y a su equipo campe\u00f3n de Hoenn en una batalla sin igual donde el acero relucir\u00e1 en el campo con un mazo de 60 cartas para llegar y jugar.<\/p>\n<p>Este producto incluye:<\/p>\n<ul>\n<li>1 mazo de 60 cartas.<\/li>\n<li>1 deckbox con dise\u00f1o de Steven.<\/li>\n<li>1 moneda met\u00e1lica de colecci\u00f3n.<\/li>\n<li>1 hoja de estrategia.<\/li>\n<li>1 contador de da\u00f1o.<\/li>\n<li>Marcadores de condici\u00f3n.<\/li>\n<li>1 carta de referencia r\u00e1pida.<\/li>\n<\/ul>\n","protected":false},"excerpt":{"rendered":"<p>\u00danete a Steven Stone y a su equipo campe\u00f3n de Hoenn en una batalla sin igual donde el acero relucir\u00e1 en el campo con un mazo de 60 cartas para llegar y jugar. Este producto incluye: 1 mazo de 60 cartas. 1 deckbox con dise\u00f1o de Steven. 1 moneda met\u00e1lica de colecci\u00f3n. 1 hoja de [&hellip;]<\/p>\n","protected":false},"featured_media":957,"template":"","meta":[],"product_brand":[39],"product_cat":[28,26],"product_tag":[54,38,95],"class_list":{"0":"post-956","1":"product","2":"type-product","3":"status-publish","4":"has-post-thumbnail","6":"product_brand-top-deck","7":"product_cat-pokemon","8":"product_cat-tcg","9":"product_tag-deck","10":"product_tag-pokemon","11":"product_tag-steven","13":"first","14":"outofstock","15":"taxable","16":"shipping-taxable","17":"purchasable","18":"product-type-simple"},"jetpack_sharing_enabled":true,"_links":{"self":[{"href":"https:\/\/hydrastoretcg.cl\/index.php?rest_route=\/wp\/v2\/product\/956","targetHints":{"allow":["GET"]}}],"collection":[{"href":"https:\/\/hydrastoretcg.cl\/index.php?rest_route=\/wp\/v2\/product"}],"about":[{"href":"https:\/\/hydrastoretcg.cl\/index.php?rest_route=\/wp\/v2\/types\/product"}],"wp:featuredmedia":[{"embeddable":true,"href":"https:\/\/hydrastoretcg.cl\/index.php?rest_route=\/wp\/v2\/media\/957"}],"wp:attachment":[{"href":"https:\/\/hydrastoretcg.cl\/index.php?rest_route=%2Fwp%2Fv2%2Fmedia&parent=956"}],"wp:term":[{"taxonomy":"product_brand","embeddable":true,"href":"https:\/\/hydrastoretcg.cl\/index.php?rest_route=%2Fwp%2Fv2%2Fproduct_brand&post=956"},{"taxonomy":"product_cat","embeddable":true,"href":"https:\/\/hydrastoretcg.cl\/index.php?rest_route=%2Fwp%2Fv2%2Fproduct_cat&post=956"},{"taxonomy":"product_tag","embeddable":true,"href":"https:\/\/hydrastoretcg.cl\/index.php?rest_route=%2Fwp%2Fv2%2Fproduct_tag&post=956"}],"curies":[{"name":"wp","href":"https:\/\/api.w.org\/{rel}","templated":true}]}}