{"id":954,"date":"2025-10-28T02:57:59","date_gmt":"2025-10-28T05:57:59","guid":{"rendered":"https:\/\/hydrastoretcg.cl\/?post_type=product&#038;p=954"},"modified":"2026-04-02T12:58:06","modified_gmt":"2026-04-02T15:58:06","slug":"sobre-destined-rivals-scarlett-violet-ingles","status":"publish","type":"product","link":"https:\/\/hydrastoretcg.cl\/?product=sobre-destined-rivals-scarlett-violet-ingles","title":{"rendered":"Sobre &#8211; Destined Rivals Scarlett &#038; Violet &#8211; Ingl\u00e9s"},"content":{"rendered":"<p>Tu camino est\u00e1 destinado a encontrar a tu rival en esta edici\u00f3n de Pok\u00e9mon TCG. Cada sobre de mejora contiene 10 cartas.<\/p>\n","protected":false},"excerpt":{"rendered":"<p>Tu camino est\u00e1 destinado a encontrar a tu rival en esta edici\u00f3n de Pok\u00e9mon TCG. Cada sobre de mejora contiene 10 cartas.<\/p>\n","protected":false},"featured_media":955,"template":"","meta":[],"product_brand":[52],"product_cat":[28,167,26],"product_tag":[60,91,38],"class_list":{"0":"post-954","1":"product","2":"type-product","3":"status-publish","4":"has-post-thumbnail","6":"product_brand-pokemon-tcg","7":"product_cat-pokemon","8":"product_cat-scarlet-violet-destined-rivals","9":"product_cat-tcg","10":"product_tag-booster","11":"product_tag-play","12":"product_tag-pokemon","14":"first","15":"outofstock","16":"taxable","17":"shipping-taxable","18":"purchasable","19":"product-type-simple"},"jetpack_sharing_enabled":true,"_links":{"self":[{"href":"https:\/\/hydrastoretcg.cl\/index.php?rest_route=\/wp\/v2\/product\/954","targetHints":{"allow":["GET"]}}],"collection":[{"href":"https:\/\/hydrastoretcg.cl\/index.php?rest_route=\/wp\/v2\/product"}],"about":[{"href":"https:\/\/hydrastoretcg.cl\/index.php?rest_route=\/wp\/v2\/types\/product"}],"wp:featuredmedia":[{"embeddable":true,"href":"https:\/\/hydrastoretcg.cl\/index.php?rest_route=\/wp\/v2\/media\/955"}],"wp:attachment":[{"href":"https:\/\/hydrastoretcg.cl\/index.php?rest_route=%2Fwp%2Fv2%2Fmedia&parent=954"}],"wp:term":[{"taxonomy":"product_brand","embeddable":true,"href":"https:\/\/hydrastoretcg.cl\/index.php?rest_route=%2Fwp%2Fv2%2Fproduct_brand&post=954"},{"taxonomy":"product_cat","embeddable":true,"href":"https:\/\/hydrastoretcg.cl\/index.php?rest_route=%2Fwp%2Fv2%2Fproduct_cat&post=954"},{"taxonomy":"product_tag","embeddable":true,"href":"https:\/\/hydrastoretcg.cl\/index.php?rest_route=%2Fwp%2Fv2%2Fproduct_tag&post=954"}],"curies":[{"name":"wp","href":"https:\/\/api.w.org\/{rel}","templated":true}]}}