{"id":949,"date":"2025-10-28T02:46:41","date_gmt":"2025-10-28T05:46:41","guid":{"rendered":"https:\/\/hydrastoretcg.cl\/?post_type=product&#038;p=949"},"modified":"2025-11-10T17:21:37","modified_gmt":"2025-11-10T20:21:37","slug":"special-collection-charizard-ex-ingles","status":"publish","type":"product","link":"https:\/\/hydrastoretcg.cl\/?product=special-collection-charizard-ex-ingles","title":{"rendered":"Special Collection &#8211; Charizard Ex &#8211; Ingl\u00e9s"},"content":{"rendered":"<p>Saca a relucir tu fuego interior con esta colecci\u00f3n especial dedicada a Charizard Ex.<\/p>\n<p>Este producto contiene:<\/p>\n<ul>\n<li>1 carta promocional hologr\u00e1fica en relieve de Charizard Ex tipo Oscuridad.<\/li>\n<li>2 cartas hologr\u00e1ficas de Charmander y Charmeleon.<\/li>\n<li>5 sobres de Pok\u00e9mon TCG.<\/li>\n<li>1 carta overside lenticular.<\/li>\n<li>1 c\u00f3digo para jugar online.<\/li>\n<\/ul>\n","protected":false},"excerpt":{"rendered":"<p>Saca a relucir tu fuego interior con esta colecci\u00f3n especial dedicada a Charizard Ex. Este producto contiene: 1 carta promocional hologr\u00e1fica en relieve de Charizard Ex tipo Oscuridad. 2 cartas hologr\u00e1ficas de Charmander y Charmeleon. 5 sobres de Pok\u00e9mon TCG. 1 carta overside lenticular. 1 c\u00f3digo para jugar online.<\/p>\n","protected":false},"featured_media":950,"template":"","meta":[],"product_brand":[52],"product_cat":[28,26],"product_tag":[],"class_list":{"0":"post-949","1":"product","2":"type-product","3":"status-publish","4":"has-post-thumbnail","6":"product_brand-pokemon-tcg","7":"product_cat-pokemon","8":"product_cat-tcg","10":"first","11":"outofstock","12":"taxable","13":"shipping-taxable","14":"purchasable","15":"product-type-simple"},"jetpack_sharing_enabled":true,"_links":{"self":[{"href":"https:\/\/hydrastoretcg.cl\/index.php?rest_route=\/wp\/v2\/product\/949","targetHints":{"allow":["GET"]}}],"collection":[{"href":"https:\/\/hydrastoretcg.cl\/index.php?rest_route=\/wp\/v2\/product"}],"about":[{"href":"https:\/\/hydrastoretcg.cl\/index.php?rest_route=\/wp\/v2\/types\/product"}],"wp:featuredmedia":[{"embeddable":true,"href":"https:\/\/hydrastoretcg.cl\/index.php?rest_route=\/wp\/v2\/media\/950"}],"wp:attachment":[{"href":"https:\/\/hydrastoretcg.cl\/index.php?rest_route=%2Fwp%2Fv2%2Fmedia&parent=949"}],"wp:term":[{"taxonomy":"product_brand","embeddable":true,"href":"https:\/\/hydrastoretcg.cl\/index.php?rest_route=%2Fwp%2Fv2%2Fproduct_brand&post=949"},{"taxonomy":"product_cat","embeddable":true,"href":"https:\/\/hydrastoretcg.cl\/index.php?rest_route=%2Fwp%2Fv2%2Fproduct_cat&post=949"},{"taxonomy":"product_tag","embeddable":true,"href":"https:\/\/hydrastoretcg.cl\/index.php?rest_route=%2Fwp%2Fv2%2Fproduct_tag&post=949"}],"curies":[{"name":"wp","href":"https:\/\/api.w.org\/{rel}","templated":true}]}}