{"id":944,"date":"2025-10-28T02:36:00","date_gmt":"2025-10-28T05:36:00","guid":{"rendered":"https:\/\/hydrastoretcg.cl\/?post_type=product&#038;p=944"},"modified":"2025-11-10T17:20:41","modified_gmt":"2025-11-10T20:20:41","slug":"elite-trainer-box-evoluciones-prismaticas-scarlett-voilet-espanol","status":"publish","type":"product","link":"https:\/\/hydrastoretcg.cl\/?product=elite-trainer-box-evoluciones-prismaticas-scarlett-voilet-espanol","title":{"rendered":"Elite Trainer Box &#8211; Evoluciones Prism\u00e1ticas Scarlett &#038; Voilet &#8211; Espa\u00f1ol"},"content":{"rendered":"<p>Eevee y sus evoluciones prism\u00e1ticas llega con mas de 175 cartas para completar una gran colecci\u00f3n con cartas raras de ilustraciones especiales y diferentes patrones foil que har\u00e1n a\u00fan m\u00e1s especial el producto.<\/p>\n<p>Este ETB contiene:<\/p>\n<ul>\n<li>9 sobres de mejora Scarlett &amp; Violet Evoluciones Prism\u00e1ticas.<\/li>\n<li>1 carta foil promo arte expandido de Eevee.<\/li>\n<li>65 protectores con ilustraci\u00f3n de Eevee.<\/li>\n<li>45 cartas de energ\u00eda.<\/li>\n<li>1 gu\u00eda para jugadores.<\/li>\n<li>6 dados contadores de da\u00f1o.<\/li>\n<li>1 dado para lanzamiento de moneda.<\/li>\n<li>2 marcadores de condici\u00f3n acr\u00edlicos.<\/li>\n<li>1 marcador V-Astro acr\u00edlico.<\/li>\n<li>1 deckbox coleccionista.<\/li>\n<li>1 carta para jugar online.<\/li>\n<\/ul>\n","protected":false},"excerpt":{"rendered":"<p>Eevee y sus evoluciones prism\u00e1ticas llega con mas de 175 cartas para completar una gran colecci\u00f3n con cartas raras de ilustraciones especiales y diferentes patrones foil que har\u00e1n a\u00fan m\u00e1s especial el producto. Este ETB contiene: 9 sobres de mejora Scarlett &amp; Violet Evoluciones Prism\u00e1ticas. 1 carta foil promo arte expandido de Eevee. 65 protectores [&hellip;]<\/p>\n","protected":false},"featured_media":945,"template":"","meta":[],"product_brand":[52],"product_cat":[28,26],"product_tag":[90,38],"class_list":{"0":"post-944","1":"product","2":"type-product","3":"status-publish","4":"has-post-thumbnail","6":"product_brand-pokemon-tcg","7":"product_cat-pokemon","8":"product_cat-tcg","9":"product_tag-etb","10":"product_tag-pokemon","12":"first","13":"outofstock","14":"taxable","15":"shipping-taxable","16":"purchasable","17":"product-type-simple"},"jetpack_sharing_enabled":true,"_links":{"self":[{"href":"https:\/\/hydrastoretcg.cl\/index.php?rest_route=\/wp\/v2\/product\/944","targetHints":{"allow":["GET"]}}],"collection":[{"href":"https:\/\/hydrastoretcg.cl\/index.php?rest_route=\/wp\/v2\/product"}],"about":[{"href":"https:\/\/hydrastoretcg.cl\/index.php?rest_route=\/wp\/v2\/types\/product"}],"wp:featuredmedia":[{"embeddable":true,"href":"https:\/\/hydrastoretcg.cl\/index.php?rest_route=\/wp\/v2\/media\/945"}],"wp:attachment":[{"href":"https:\/\/hydrastoretcg.cl\/index.php?rest_route=%2Fwp%2Fv2%2Fmedia&parent=944"}],"wp:term":[{"taxonomy":"product_brand","embeddable":true,"href":"https:\/\/hydrastoretcg.cl\/index.php?rest_route=%2Fwp%2Fv2%2Fproduct_brand&post=944"},{"taxonomy":"product_cat","embeddable":true,"href":"https:\/\/hydrastoretcg.cl\/index.php?rest_route=%2Fwp%2Fv2%2Fproduct_cat&post=944"},{"taxonomy":"product_tag","embeddable":true,"href":"https:\/\/hydrastoretcg.cl\/index.php?rest_route=%2Fwp%2Fv2%2Fproduct_tag&post=944"}],"curies":[{"name":"wp","href":"https:\/\/api.w.org\/{rel}","templated":true}]}}