{"id":935,"date":"2025-10-28T02:13:10","date_gmt":"2025-10-28T05:13:10","guid":{"rendered":"https:\/\/hydrastoretcg.cl\/?post_type=product&#038;p=935"},"modified":"2026-04-01T22:33:06","modified_gmt":"2026-04-02T01:33:06","slug":"gift-bundle-spiderman-ingles","status":"publish","type":"product","link":"https:\/\/hydrastoretcg.cl\/?product=gift-bundle-spiderman-ingles","title":{"rendered":"Gift Bundle &#8211; Spiderman &#8211; Ingl\u00e9s"},"content":{"rendered":"<p>La forma m\u00e1s \u00e9pica de Spiderman en su aventura por Magic The Gatering llega para impresionarte con gr\u00e1ficas impresionantes y una versi\u00f3n \u00fanica para coleccionistas.<\/p>\n<p>Este producto contiene:<\/p>\n<ul>\n<li>9 sobres de Spiderman.<\/li>\n<li>1 sobre collector de Spiderman.<\/li>\n<li>1 carta promo foil exclusiva.<\/li>\n<li>5 tierras b\u00e1sicas foil arte extendido.<\/li>\n<li>10 tierras b\u00e1sicas foil.<\/li>\n<li>5 tierras b\u00e1sicas non foil arte extendido.<\/li>\n<li>10 tierras b\u00e1sicas non foil.<\/li>\n<li>1 contador de vida.<\/li>\n<li>1 deck box.<\/li>\n<li>2 cartas de referencia.<\/li>\n<\/ul>\n","protected":false},"excerpt":{"rendered":"<p>La forma m\u00e1s \u00e9pica de Spiderman en su aventura por Magic The Gatering llega para impresionarte con gr\u00e1ficas impresionantes y una versi\u00f3n \u00fanica para coleccionistas. Este producto contiene: 9 sobres de Spiderman. 1 sobre collector de Spiderman. 1 carta promo foil exclusiva. 5 tierras b\u00e1sicas foil arte extendido. 10 tierras b\u00e1sicas foil. 5 tierras b\u00e1sicas [&hellip;]<\/p>\n","protected":false},"featured_media":936,"template":"","meta":[],"product_brand":[47],"product_cat":[27,150,146,26],"product_tag":[60,61,86,50,85],"class_list":{"0":"post-935","1":"product","2":"type-product","3":"status-publish","4":"has-post-thumbnail","6":"product_brand-magic-the-gathering","7":"product_cat-magicthegathering","8":"product_cat-spider","9":"product_cat-ofertas","10":"product_cat-tcg","11":"product_tag-booster","12":"product_tag-bundle","13":"product_tag-gift","14":"product_tag-mtg","15":"product_tag-spiderman","17":"first","18":"instock","19":"sale","20":"taxable","21":"shipping-taxable","22":"purchasable","23":"product-type-simple"},"jetpack_sharing_enabled":true,"_links":{"self":[{"href":"https:\/\/hydrastoretcg.cl\/index.php?rest_route=\/wp\/v2\/product\/935","targetHints":{"allow":["GET"]}}],"collection":[{"href":"https:\/\/hydrastoretcg.cl\/index.php?rest_route=\/wp\/v2\/product"}],"about":[{"href":"https:\/\/hydrastoretcg.cl\/index.php?rest_route=\/wp\/v2\/types\/product"}],"wp:featuredmedia":[{"embeddable":true,"href":"https:\/\/hydrastoretcg.cl\/index.php?rest_route=\/wp\/v2\/media\/936"}],"wp:attachment":[{"href":"https:\/\/hydrastoretcg.cl\/index.php?rest_route=%2Fwp%2Fv2%2Fmedia&parent=935"}],"wp:term":[{"taxonomy":"product_brand","embeddable":true,"href":"https:\/\/hydrastoretcg.cl\/index.php?rest_route=%2Fwp%2Fv2%2Fproduct_brand&post=935"},{"taxonomy":"product_cat","embeddable":true,"href":"https:\/\/hydrastoretcg.cl\/index.php?rest_route=%2Fwp%2Fv2%2Fproduct_cat&post=935"},{"taxonomy":"product_tag","embeddable":true,"href":"https:\/\/hydrastoretcg.cl\/index.php?rest_route=%2Fwp%2Fv2%2Fproduct_tag&post=935"}],"curies":[{"name":"wp","href":"https:\/\/api.w.org\/{rel}","templated":true}]}}