{"id":933,"date":"2025-10-28T02:06:58","date_gmt":"2025-10-28T05:06:58","guid":{"rendered":"https:\/\/hydrastoretcg.cl\/?post_type=product&#038;p=933"},"modified":"2026-04-01T22:33:06","modified_gmt":"2026-04-02T01:33:06","slug":"sobre-collector-spiderman-ingles","status":"publish","type":"product","link":"https:\/\/hydrastoretcg.cl\/?product=sobre-collector-spiderman-ingles","title":{"rendered":"Sobre Collector &#8211; Spiderman &#8211; Ingl\u00e9s"},"content":{"rendered":"<p>Lo mejor de la edici\u00f3n del hombre ara\u00f1a de Marvel llega en este sobre para coleccionistas. Este sobre cuenta con 15 cartas que contienen m\u00e1s cartas raras, posibilidad de cartas seriadas, cartas foil tradicionales y cartas con arte extendido.<\/p>\n","protected":false},"excerpt":{"rendered":"<p>Lo mejor de la edici\u00f3n del hombre ara\u00f1a de Marvel llega en este sobre para coleccionistas. Este sobre cuenta con 15 cartas que contienen m\u00e1s cartas raras, posibilidad de cartas seriadas, cartas foil tradicionales y cartas con arte extendido.<\/p>\n","protected":false},"featured_media":934,"template":"","meta":[],"product_brand":[47],"product_cat":[27,150,146,26],"product_tag":[60,82,50,85],"class_list":{"0":"post-933","1":"product","2":"type-product","3":"status-publish","4":"has-post-thumbnail","6":"product_brand-magic-the-gathering","7":"product_cat-magicthegathering","8":"product_cat-spider","9":"product_cat-ofertas","10":"product_cat-tcg","11":"product_tag-booster","12":"product_tag-collector","13":"product_tag-mtg","14":"product_tag-spiderman","16":"first","17":"instock","18":"sale","19":"taxable","20":"shipping-taxable","21":"purchasable","22":"product-type-simple"},"jetpack_sharing_enabled":true,"_links":{"self":[{"href":"https:\/\/hydrastoretcg.cl\/index.php?rest_route=\/wp\/v2\/product\/933","targetHints":{"allow":["GET"]}}],"collection":[{"href":"https:\/\/hydrastoretcg.cl\/index.php?rest_route=\/wp\/v2\/product"}],"about":[{"href":"https:\/\/hydrastoretcg.cl\/index.php?rest_route=\/wp\/v2\/types\/product"}],"wp:featuredmedia":[{"embeddable":true,"href":"https:\/\/hydrastoretcg.cl\/index.php?rest_route=\/wp\/v2\/media\/934"}],"wp:attachment":[{"href":"https:\/\/hydrastoretcg.cl\/index.php?rest_route=%2Fwp%2Fv2%2Fmedia&parent=933"}],"wp:term":[{"taxonomy":"product_brand","embeddable":true,"href":"https:\/\/hydrastoretcg.cl\/index.php?rest_route=%2Fwp%2Fv2%2Fproduct_brand&post=933"},{"taxonomy":"product_cat","embeddable":true,"href":"https:\/\/hydrastoretcg.cl\/index.php?rest_route=%2Fwp%2Fv2%2Fproduct_cat&post=933"},{"taxonomy":"product_tag","embeddable":true,"href":"https:\/\/hydrastoretcg.cl\/index.php?rest_route=%2Fwp%2Fv2%2Fproduct_tag&post=933"}],"curies":[{"name":"wp","href":"https:\/\/api.w.org\/{rel}","templated":true}]}}