{"id":928,"date":"2025-10-28T02:01:29","date_gmt":"2025-10-28T05:01:29","guid":{"rendered":"https:\/\/hydrastoretcg.cl\/?post_type=product&#038;p=928"},"modified":"2026-04-01T22:33:47","modified_gmt":"2026-04-02T01:33:47","slug":"commander-deck-counter-intelligence-edge-of-eternities-ingles","status":"publish","type":"product","link":"https:\/\/hydrastoretcg.cl\/?product=commander-deck-counter-intelligence-edge-of-eternities-ingles","title":{"rendered":"Commander Deck &#8211; Counter Intelligence Edge of Eternities &#8211; Ingl\u00e9s"},"content":{"rendered":"<p>El universo est\u00e1 en guerra y es tu misi\u00f3n apoderarte de este junto a Kilo, Mente en Apogeo, quien te ayudar\u00e1 a multiplicar tu energ\u00eda proliferando. Con esto podr\u00e1s cargar una serie de artefactos y veh\u00edculos que te dar\u00e1n ventaja en la batalla.<\/p>\n<p>Este producto contiene:<\/p>\n<ul>\n<li>1 mazo commander de 100 cartas.<\/li>\n<li>1 comandante destacado foil con ilustraci\u00f3n sin borde.<\/li>\n<li>10 fichas de 2 caras.<\/li>\n<li>1 sobre coleccionista con 2 cartas de muestra.<\/li>\n<li>1 deck box.<\/li>\n<\/ul>\n","protected":false},"excerpt":{"rendered":"<p>El universo est\u00e1 en guerra y es tu misi\u00f3n apoderarte de este junto a Kilo, Mente en Apogeo, quien te ayudar\u00e1 a multiplicar tu energ\u00eda proliferando. Con esto podr\u00e1s cargar una serie de artefactos y veh\u00edculos que te dar\u00e1n ventaja en la batalla. Este producto contiene: 1 mazo commander de 100 cartas. 1 comandante destacado [&hellip;]<\/p>\n","protected":false},"featured_media":929,"template":"","meta":[],"product_brand":[47],"product_cat":[151,27,26],"product_tag":[49,54,50],"class_list":{"0":"post-928","1":"product","2":"type-product","3":"status-publish","4":"has-post-thumbnail","6":"product_brand-magic-the-gathering","7":"product_cat-edge-of-eternities","8":"product_cat-magicthegathering","9":"product_cat-tcg","10":"product_tag-commander","11":"product_tag-deck","12":"product_tag-mtg","14":"first","15":"outofstock","16":"taxable","17":"shipping-taxable","18":"purchasable","19":"product-type-simple"},"jetpack_sharing_enabled":true,"_links":{"self":[{"href":"https:\/\/hydrastoretcg.cl\/index.php?rest_route=\/wp\/v2\/product\/928","targetHints":{"allow":["GET"]}}],"collection":[{"href":"https:\/\/hydrastoretcg.cl\/index.php?rest_route=\/wp\/v2\/product"}],"about":[{"href":"https:\/\/hydrastoretcg.cl\/index.php?rest_route=\/wp\/v2\/types\/product"}],"wp:featuredmedia":[{"embeddable":true,"href":"https:\/\/hydrastoretcg.cl\/index.php?rest_route=\/wp\/v2\/media\/929"}],"wp:attachment":[{"href":"https:\/\/hydrastoretcg.cl\/index.php?rest_route=%2Fwp%2Fv2%2Fmedia&parent=928"}],"wp:term":[{"taxonomy":"product_brand","embeddable":true,"href":"https:\/\/hydrastoretcg.cl\/index.php?rest_route=%2Fwp%2Fv2%2Fproduct_brand&post=928"},{"taxonomy":"product_cat","embeddable":true,"href":"https:\/\/hydrastoretcg.cl\/index.php?rest_route=%2Fwp%2Fv2%2Fproduct_cat&post=928"},{"taxonomy":"product_tag","embeddable":true,"href":"https:\/\/hydrastoretcg.cl\/index.php?rest_route=%2Fwp%2Fv2%2Fproduct_tag&post=928"}],"curies":[{"name":"wp","href":"https:\/\/api.w.org\/{rel}","templated":true}]}}