{"id":921,"date":"2025-10-28T01:43:10","date_gmt":"2025-10-28T04:43:10","guid":{"rendered":"https:\/\/hydrastoretcg.cl\/?post_type=product&#038;p=921"},"modified":"2026-04-01T22:33:47","modified_gmt":"2026-04-02T01:33:47","slug":"sobre-edge-of-eternities-ingles","status":"publish","type":"product","link":"https:\/\/hydrastoretcg.cl\/producto\/sobre-edge-of-eternities-ingles\/","title":{"rendered":"Sobre &#8211; Edge of Eternities &#8211; Ingl\u00e9s"},"content":{"rendered":"<p>La lucha por la galaxia llega en esta edici\u00f3n de Magic The Gathering, con din\u00e1micas que acelerar\u00e1n al m\u00e1ximo tu ritmo de juego. Cada sobre contiene 14 cartas.<\/p>\n","protected":false},"excerpt":{"rendered":"<p>La lucha por la galaxia llega en esta edici\u00f3n de Magic The Gathering, con din\u00e1micas que acelerar\u00e1n al m\u00e1ximo tu ritmo de juego. Cada sobre contiene 14 cartas.<\/p>\n","protected":false},"featured_media":922,"template":"","meta":[],"product_brand":[47],"product_cat":[151,27,26],"product_tag":[60,50,70],"class_list":{"0":"post-921","1":"product","2":"type-product","3":"status-publish","4":"has-post-thumbnail","6":"product_brand-magic-the-gathering","7":"product_cat-edge-of-eternities","8":"product_cat-magicthegathering","9":"product_cat-tcg","10":"product_tag-booster","11":"product_tag-mtg","12":"product_tag-sobre","14":"first","15":"outofstock","16":"taxable","17":"shipping-taxable","18":"purchasable","19":"product-type-simple"},"jetpack_sharing_enabled":true,"_links":{"self":[{"href":"https:\/\/hydrastoretcg.cl\/wp-json\/wp\/v2\/product\/921","targetHints":{"allow":["GET"]}}],"collection":[{"href":"https:\/\/hydrastoretcg.cl\/wp-json\/wp\/v2\/product"}],"about":[{"href":"https:\/\/hydrastoretcg.cl\/wp-json\/wp\/v2\/types\/product"}],"wp:featuredmedia":[{"embeddable":true,"href":"https:\/\/hydrastoretcg.cl\/wp-json\/wp\/v2\/media\/922"}],"wp:attachment":[{"href":"https:\/\/hydrastoretcg.cl\/wp-json\/wp\/v2\/media?parent=921"}],"wp:term":[{"taxonomy":"product_brand","embeddable":true,"href":"https:\/\/hydrastoretcg.cl\/wp-json\/wp\/v2\/product_brand?post=921"},{"taxonomy":"product_cat","embeddable":true,"href":"https:\/\/hydrastoretcg.cl\/wp-json\/wp\/v2\/product_cat?post=921"},{"taxonomy":"product_tag","embeddable":true,"href":"https:\/\/hydrastoretcg.cl\/wp-json\/wp\/v2\/product_tag?post=921"}],"curies":[{"name":"wp","href":"https:\/\/api.w.org\/{rel}","templated":true}]}}