{"id":917,"date":"2025-10-28T01:38:28","date_gmt":"2025-10-28T04:38:28","guid":{"rendered":"https:\/\/hydrastoretcg.cl\/?post_type=product&#038;p=917"},"modified":"2026-04-01T22:36:00","modified_gmt":"2026-04-02T01:36:00","slug":"bundle-tarkir-dragonstorm-ingles","status":"publish","type":"product","link":"https:\/\/hydrastoretcg.cl\/?product=bundle-tarkir-dragonstorm-ingles","title":{"rendered":"Bundle &#8211; Tarkir Dragonstorm &#8211; Ingl\u00e9s"},"content":{"rendered":"<p>Descubre el mundo de los dragones con esta edici\u00f3n de Tarkir, donde encontrar\u00e1s acabadas estrategias para poner en juego las criaturas m\u00e1s poderosas.<\/p>\n<p>Este producto contiene:<\/p>\n<ul>\n<li>9 sobres de la edici\u00f3n.<\/li>\n<li>1 carta foil con arte alternativo exclusiva.<\/li>\n<li>15 tierras b\u00e1sicas foil.<\/li>\n<li>15 tierras b\u00e1sicas.<\/li>\n<li>1 contador de vidas.<\/li>\n<li>1 deck box.<\/li>\n<li>2 tarjetas de referencia.<\/li>\n<\/ul>\n","protected":false},"excerpt":{"rendered":"<p>Descubre el mundo de los dragones con esta edici\u00f3n de Tarkir, donde encontrar\u00e1s acabadas estrategias para poner en juego las criaturas m\u00e1s poderosas. Este producto contiene: 9 sobres de la edici\u00f3n. 1 carta foil con arte alternativo exclusiva. 15 tierras b\u00e1sicas foil. 15 tierras b\u00e1sicas. 1 contador de vidas. 1 deck box. 2 tarjetas de [&hellip;]<\/p>\n","protected":false},"featured_media":918,"template":"","meta":[],"product_brand":[47],"product_cat":[27,154,26],"product_tag":[60,61,50,81],"class_list":{"0":"post-917","1":"product","2":"type-product","3":"status-publish","4":"has-post-thumbnail","6":"product_brand-magic-the-gathering","7":"product_cat-magicthegathering","8":"product_cat-tarkir-dragonstorm","9":"product_cat-tcg","10":"product_tag-booster","11":"product_tag-bundle","12":"product_tag-mtg","13":"product_tag-tarkir","15":"first","16":"outofstock","17":"taxable","18":"shipping-taxable","19":"purchasable","20":"product-type-simple"},"jetpack_sharing_enabled":true,"_links":{"self":[{"href":"https:\/\/hydrastoretcg.cl\/index.php?rest_route=\/wp\/v2\/product\/917","targetHints":{"allow":["GET"]}}],"collection":[{"href":"https:\/\/hydrastoretcg.cl\/index.php?rest_route=\/wp\/v2\/product"}],"about":[{"href":"https:\/\/hydrastoretcg.cl\/index.php?rest_route=\/wp\/v2\/types\/product"}],"wp:featuredmedia":[{"embeddable":true,"href":"https:\/\/hydrastoretcg.cl\/index.php?rest_route=\/wp\/v2\/media\/918"}],"wp:attachment":[{"href":"https:\/\/hydrastoretcg.cl\/index.php?rest_route=%2Fwp%2Fv2%2Fmedia&parent=917"}],"wp:term":[{"taxonomy":"product_brand","embeddable":true,"href":"https:\/\/hydrastoretcg.cl\/index.php?rest_route=%2Fwp%2Fv2%2Fproduct_brand&post=917"},{"taxonomy":"product_cat","embeddable":true,"href":"https:\/\/hydrastoretcg.cl\/index.php?rest_route=%2Fwp%2Fv2%2Fproduct_cat&post=917"},{"taxonomy":"product_tag","embeddable":true,"href":"https:\/\/hydrastoretcg.cl\/index.php?rest_route=%2Fwp%2Fv2%2Fproduct_tag&post=917"}],"curies":[{"name":"wp","href":"https:\/\/api.w.org\/{rel}","templated":true}]}}