{"id":913,"date":"2025-10-28T01:29:41","date_gmt":"2025-10-28T04:29:41","guid":{"rendered":"https:\/\/hydrastoretcg.cl\/?post_type=product&#038;p=913"},"modified":"2025-11-10T17:22:31","modified_gmt":"2025-11-10T20:22:31","slug":"sobre-tarkir-dragonstorm-ingles","status":"publish","type":"product","link":"https:\/\/hydrastoretcg.cl\/?product=sobre-tarkir-dragonstorm-ingles","title":{"rendered":"Sobre &#8211; Tarkir Dragonstorm &#8211; Ingl\u00e9s"},"content":{"rendered":"<p>Domina el mundo sobre dragones que provocar\u00e1n un gran da\u00f1o a tu oponente. Cada sobre contiene 14 cartas.<\/p>\n","protected":false},"excerpt":{"rendered":"<p>Domina el mundo sobre dragones que provocar\u00e1n un gran da\u00f1o a tu oponente. Cada sobre contiene 14 cartas.<\/p>\n","protected":false},"featured_media":914,"template":"","meta":[],"product_brand":[47],"product_cat":[27,26],"product_tag":[60,50,81],"class_list":{"0":"post-913","1":"product","2":"type-product","3":"status-publish","4":"has-post-thumbnail","6":"product_brand-magic-the-gathering","7":"product_cat-magicthegathering","8":"product_cat-tcg","9":"product_tag-booster","10":"product_tag-mtg","11":"product_tag-tarkir","13":"first","14":"outofstock","15":"taxable","16":"shipping-taxable","17":"purchasable","18":"product-type-simple"},"jetpack_sharing_enabled":true,"_links":{"self":[{"href":"https:\/\/hydrastoretcg.cl\/index.php?rest_route=\/wp\/v2\/product\/913","targetHints":{"allow":["GET"]}}],"collection":[{"href":"https:\/\/hydrastoretcg.cl\/index.php?rest_route=\/wp\/v2\/product"}],"about":[{"href":"https:\/\/hydrastoretcg.cl\/index.php?rest_route=\/wp\/v2\/types\/product"}],"wp:featuredmedia":[{"embeddable":true,"href":"https:\/\/hydrastoretcg.cl\/index.php?rest_route=\/wp\/v2\/media\/914"}],"wp:attachment":[{"href":"https:\/\/hydrastoretcg.cl\/index.php?rest_route=%2Fwp%2Fv2%2Fmedia&parent=913"}],"wp:term":[{"taxonomy":"product_brand","embeddable":true,"href":"https:\/\/hydrastoretcg.cl\/index.php?rest_route=%2Fwp%2Fv2%2Fproduct_brand&post=913"},{"taxonomy":"product_cat","embeddable":true,"href":"https:\/\/hydrastoretcg.cl\/index.php?rest_route=%2Fwp%2Fv2%2Fproduct_cat&post=913"},{"taxonomy":"product_tag","embeddable":true,"href":"https:\/\/hydrastoretcg.cl\/index.php?rest_route=%2Fwp%2Fv2%2Fproduct_tag&post=913"}],"curies":[{"name":"wp","href":"https:\/\/api.w.org\/{rel}","templated":true}]}}