{"id":911,"date":"2025-10-28T01:27:18","date_gmt":"2025-10-28T04:27:18","guid":{"rendered":"https:\/\/hydrastoretcg.cl\/?post_type=product&#038;p=911"},"modified":"2026-04-01T21:23:46","modified_gmt":"2026-04-02T00:23:46","slug":"commander-deck-living-energy-aetherdrift-ingles","status":"publish","type":"product","link":"https:\/\/hydrastoretcg.cl\/?product=commander-deck-living-energy-aetherdrift-ingles","title":{"rendered":"Commander Deck &#8211; Living Energy Aetherdrift &#8211; Ingl\u00e9s"},"content":{"rendered":"<p>Crea y usa contadores de energ\u00eda para sacar el m\u00e1ximo provecho a tu comandante, Saheeli, Radiant Creator, que te ayudar\u00e1 a llenar tu mesa con artefactos que dominar\u00e1n el juego.<\/p>\n<p>Este producto incluye:<\/p>\n<ul>\n<li>1 mazo de 100 cartas listo para usar.<\/li>\n<li>1 sobre collector con 2 cartas de muestra.<\/li>\n<li>10 cartas nuevas de Magic The Gathering.<\/li>\n<li>10 fichas de 2 caras.<\/li>\n<li>1 deck box.<\/li>\n<li>1 hoja de estrategia.<\/li>\n<\/ul>\n","protected":false},"excerpt":{"rendered":"<p>Crea y usa contadores de energ\u00eda para sacar el m\u00e1ximo provecho a tu comandante, Saheeli, Radiant Creator, que te ayudar\u00e1 a llenar tu mesa con artefactos que dominar\u00e1n el juego. Este producto incluye: 1 mazo de 100 cartas listo para usar. 1 sobre collector con 2 cartas de muestra. 10 cartas nuevas de Magic The [&hellip;]<\/p>\n","protected":false},"featured_media":912,"template":"","meta":[],"product_brand":[47],"product_cat":[27,146,26],"product_tag":[80,49,54,50],"class_list":{"0":"post-911","1":"product","2":"type-product","3":"status-publish","4":"has-post-thumbnail","6":"product_brand-magic-the-gathering","7":"product_cat-magicthegathering","8":"product_cat-ofertas","9":"product_cat-tcg","10":"product_tag-aetherdrift","11":"product_tag-commander","12":"product_tag-deck","13":"product_tag-mtg","15":"first","16":"instock","17":"sale","18":"taxable","19":"shipping-taxable","20":"purchasable","21":"product-type-simple"},"jetpack_sharing_enabled":true,"_links":{"self":[{"href":"https:\/\/hydrastoretcg.cl\/index.php?rest_route=\/wp\/v2\/product\/911","targetHints":{"allow":["GET"]}}],"collection":[{"href":"https:\/\/hydrastoretcg.cl\/index.php?rest_route=\/wp\/v2\/product"}],"about":[{"href":"https:\/\/hydrastoretcg.cl\/index.php?rest_route=\/wp\/v2\/types\/product"}],"wp:featuredmedia":[{"embeddable":true,"href":"https:\/\/hydrastoretcg.cl\/index.php?rest_route=\/wp\/v2\/media\/912"}],"wp:attachment":[{"href":"https:\/\/hydrastoretcg.cl\/index.php?rest_route=%2Fwp%2Fv2%2Fmedia&parent=911"}],"wp:term":[{"taxonomy":"product_brand","embeddable":true,"href":"https:\/\/hydrastoretcg.cl\/index.php?rest_route=%2Fwp%2Fv2%2Fproduct_brand&post=911"},{"taxonomy":"product_cat","embeddable":true,"href":"https:\/\/hydrastoretcg.cl\/index.php?rest_route=%2Fwp%2Fv2%2Fproduct_cat&post=911"},{"taxonomy":"product_tag","embeddable":true,"href":"https:\/\/hydrastoretcg.cl\/index.php?rest_route=%2Fwp%2Fv2%2Fproduct_tag&post=911"}],"curies":[{"name":"wp","href":"https:\/\/api.w.org\/{rel}","templated":true}]}}