{"id":907,"date":"2025-10-28T01:16:39","date_gmt":"2025-10-28T04:16:39","guid":{"rendered":"https:\/\/hydrastoretcg.cl\/?post_type=product&#038;p=907"},"modified":"2026-04-04T13:59:41","modified_gmt":"2026-04-04T16:59:41","slug":"starter-kit-final-fantasy-ingles","status":"publish","type":"product","link":"https:\/\/hydrastoretcg.cl\/?product=starter-kit-final-fantasy-ingles","title":{"rendered":"Starter Kit &#8211; Final Fantasy &#8211; Ingl\u00e9s"},"content":{"rendered":"<p>Aprende a jugar Magic The Gathering junto al universo de Final Fantasy con un producto creado para tener la mejor experiencia de juego con una tem\u00e1tica \u00fanica.<\/p>\n<p>Este producto incluye:<\/p>\n<ul>\n<li>2 mazos preconstruidos de 60 cartas.<\/li>\n<li>4 fichas de 2 caras.<\/li>\n<li>2 tarjetas con c\u00f3digos MTG Arena.<\/li>\n<li>2 deck box.<\/li>\n<\/ul>\n","protected":false},"excerpt":{"rendered":"<p>Aprende a jugar Magic The Gathering junto al universo de Final Fantasy con un producto creado para tener la mejor experiencia de juego con una tem\u00e1tica \u00fanica. Este producto incluye: 2 mazos preconstruidos de 60 cartas. 4 fichas de 2 caras. 2 tarjetas con c\u00f3digos MTG Arena. 2 deck box.<\/p>\n","protected":false},"featured_media":908,"template":"","meta":[],"product_brand":[47],"product_cat":[152,27,26],"product_tag":[78,77,50,79],"class_list":{"0":"post-907","1":"product","2":"type-product","3":"status-publish","4":"has-post-thumbnail","6":"product_brand-magic-the-gathering","7":"product_cat-final-fantasy","8":"product_cat-magicthegathering","9":"product_cat-tcg","10":"product_tag-fantasy","11":"product_tag-final","12":"product_tag-mtg","13":"product_tag-starter","15":"first","16":"outofstock","17":"taxable","18":"shipping-taxable","19":"purchasable","20":"product-type-simple"},"jetpack_sharing_enabled":true,"_links":{"self":[{"href":"https:\/\/hydrastoretcg.cl\/index.php?rest_route=\/wp\/v2\/product\/907","targetHints":{"allow":["GET"]}}],"collection":[{"href":"https:\/\/hydrastoretcg.cl\/index.php?rest_route=\/wp\/v2\/product"}],"about":[{"href":"https:\/\/hydrastoretcg.cl\/index.php?rest_route=\/wp\/v2\/types\/product"}],"wp:featuredmedia":[{"embeddable":true,"href":"https:\/\/hydrastoretcg.cl\/index.php?rest_route=\/wp\/v2\/media\/908"}],"wp:attachment":[{"href":"https:\/\/hydrastoretcg.cl\/index.php?rest_route=%2Fwp%2Fv2%2Fmedia&parent=907"}],"wp:term":[{"taxonomy":"product_brand","embeddable":true,"href":"https:\/\/hydrastoretcg.cl\/index.php?rest_route=%2Fwp%2Fv2%2Fproduct_brand&post=907"},{"taxonomy":"product_cat","embeddable":true,"href":"https:\/\/hydrastoretcg.cl\/index.php?rest_route=%2Fwp%2Fv2%2Fproduct_cat&post=907"},{"taxonomy":"product_tag","embeddable":true,"href":"https:\/\/hydrastoretcg.cl\/index.php?rest_route=%2Fwp%2Fv2%2Fproduct_tag&post=907"}],"curies":[{"name":"wp","href":"https:\/\/api.w.org\/{rel}","templated":true}]}}