{"id":903,"date":"2025-10-28T01:06:05","date_gmt":"2025-10-28T04:06:05","guid":{"rendered":"https:\/\/hydrastoretcg.cl\/?post_type=product&#038;p=903"},"modified":"2026-04-04T13:58:47","modified_gmt":"2026-04-04T16:58:47","slug":"caja-de-sobres-final-fantasy-ingles","status":"publish","type":"product","link":"https:\/\/hydrastoretcg.cl\/?product=caja-de-sobres-final-fantasy-ingles","title":{"rendered":"Caja de sobres &#8211; Final Fantasy &#8211; Ingl\u00e9s"},"content":{"rendered":"<p>El mundo de Final Fantasy lleg\u00f3 a Magic The Gathering con una colecci\u00f3n inigualable. Cada caja contiene 30 sobres de 14 cartas.<\/p>\n","protected":false},"excerpt":{"rendered":"<p>El mundo de Final Fantasy lleg\u00f3 a Magic The Gathering con una colecci\u00f3n inigualable. Cada caja contiene 30 sobres de 14 cartas.<\/p>\n","protected":false},"featured_media":904,"template":"","meta":[],"product_brand":[47],"product_cat":[152,27,26],"product_tag":[60,78,77,50],"class_list":{"0":"post-903","1":"product","2":"type-product","3":"status-publish","4":"has-post-thumbnail","6":"product_brand-magic-the-gathering","7":"product_cat-final-fantasy","8":"product_cat-magicthegathering","9":"product_cat-tcg","10":"product_tag-booster","11":"product_tag-fantasy","12":"product_tag-final","13":"product_tag-mtg","15":"first","16":"outofstock","17":"taxable","18":"shipping-taxable","19":"purchasable","20":"product-type-simple"},"jetpack_sharing_enabled":true,"_links":{"self":[{"href":"https:\/\/hydrastoretcg.cl\/index.php?rest_route=\/wp\/v2\/product\/903","targetHints":{"allow":["GET"]}}],"collection":[{"href":"https:\/\/hydrastoretcg.cl\/index.php?rest_route=\/wp\/v2\/product"}],"about":[{"href":"https:\/\/hydrastoretcg.cl\/index.php?rest_route=\/wp\/v2\/types\/product"}],"wp:featuredmedia":[{"embeddable":true,"href":"https:\/\/hydrastoretcg.cl\/index.php?rest_route=\/wp\/v2\/media\/904"}],"wp:attachment":[{"href":"https:\/\/hydrastoretcg.cl\/index.php?rest_route=%2Fwp%2Fv2%2Fmedia&parent=903"}],"wp:term":[{"taxonomy":"product_brand","embeddable":true,"href":"https:\/\/hydrastoretcg.cl\/index.php?rest_route=%2Fwp%2Fv2%2Fproduct_brand&post=903"},{"taxonomy":"product_cat","embeddable":true,"href":"https:\/\/hydrastoretcg.cl\/index.php?rest_route=%2Fwp%2Fv2%2Fproduct_cat&post=903"},{"taxonomy":"product_tag","embeddable":true,"href":"https:\/\/hydrastoretcg.cl\/index.php?rest_route=%2Fwp%2Fv2%2Fproduct_tag&post=903"}],"curies":[{"name":"wp","href":"https:\/\/api.w.org\/{rel}","templated":true}]}}