{"id":898,"date":"2025-10-28T00:56:52","date_gmt":"2025-10-28T03:56:52","guid":{"rendered":"https:\/\/hydrastoretcg.cl\/?post_type=product&#038;p=898"},"modified":"2025-11-10T17:23:22","modified_gmt":"2025-11-10T20:23:22","slug":"sobre-innistrad-ingles","status":"publish","type":"product","link":"https:\/\/hydrastoretcg.cl\/?product=sobre-innistrad-ingles","title":{"rendered":"Sobre &#8211; Innistrad &#8211; Ingl\u00e9s"},"content":{"rendered":"<p>Descubre el terror g\u00f3tico de Innistrad en estos sobres que completar\u00e1n tu estrategia. Cada sobre contiene 14 cartas.<\/p>\n<p>&nbsp;<\/p>\n","protected":false},"excerpt":{"rendered":"<p>Descubre el terror g\u00f3tico de Innistrad en estos sobres que completar\u00e1n tu estrategia. Cada sobre contiene 14 cartas. &nbsp;<\/p>\n","protected":false},"featured_media":899,"template":"","meta":[],"product_brand":[47],"product_cat":[27,26],"product_tag":[75,50,76,56],"class_list":{"0":"post-898","1":"product","2":"type-product","3":"status-publish","4":"has-post-thumbnail","6":"product_brand-magic-the-gathering","7":"product_cat-magicthegathering","8":"product_cat-tcg","9":"product_tag-innestrad","10":"product_tag-mtg","11":"product_tag-reimpresion","12":"product_tag-sobres","14":"first","15":"outofstock","16":"taxable","17":"shipping-taxable","18":"purchasable","19":"product-type-simple"},"jetpack_sharing_enabled":true,"_links":{"self":[{"href":"https:\/\/hydrastoretcg.cl\/index.php?rest_route=\/wp\/v2\/product\/898","targetHints":{"allow":["GET"]}}],"collection":[{"href":"https:\/\/hydrastoretcg.cl\/index.php?rest_route=\/wp\/v2\/product"}],"about":[{"href":"https:\/\/hydrastoretcg.cl\/index.php?rest_route=\/wp\/v2\/types\/product"}],"wp:featuredmedia":[{"embeddable":true,"href":"https:\/\/hydrastoretcg.cl\/index.php?rest_route=\/wp\/v2\/media\/899"}],"wp:attachment":[{"href":"https:\/\/hydrastoretcg.cl\/index.php?rest_route=%2Fwp%2Fv2%2Fmedia&parent=898"}],"wp:term":[{"taxonomy":"product_brand","embeddable":true,"href":"https:\/\/hydrastoretcg.cl\/index.php?rest_route=%2Fwp%2Fv2%2Fproduct_brand&post=898"},{"taxonomy":"product_cat","embeddable":true,"href":"https:\/\/hydrastoretcg.cl\/index.php?rest_route=%2Fwp%2Fv2%2Fproduct_cat&post=898"},{"taxonomy":"product_tag","embeddable":true,"href":"https:\/\/hydrastoretcg.cl\/index.php?rest_route=%2Fwp%2Fv2%2Fproduct_tag&post=898"}],"curies":[{"name":"wp","href":"https:\/\/api.w.org\/{rel}","templated":true}]}}