{"id":890,"date":"2025-10-28T00:36:09","date_gmt":"2025-10-28T03:36:09","guid":{"rendered":"https:\/\/hydrastoretcg.cl\/?post_type=product&#038;p=890"},"modified":"2026-04-01T21:23:46","modified_gmt":"2026-04-02T00:23:46","slug":"commander-deck-deep-clue-sea-murder-at-karlov-manor-ingles","status":"publish","type":"product","link":"https:\/\/hydrastoretcg.cl\/?product=commander-deck-deep-clue-sea-murder-at-karlov-manor-ingles","title":{"rendered":"Commander Deck &#8211; Deep Clue Sea Murders at Karlov Manor &#8211; Ingl\u00e9s"},"content":{"rendered":"<p>Solo para grandes investigadores. Llena la mesa de tokens de pista que junto a tu comandante, Morska, Undersea Sleuth, te ayudar\u00e1n a tener m\u00e1s cartas en tu mano y provocar m\u00e1s da\u00f1o a los rivales.<\/p>\n<p>Este producto incluye:<\/p>\n<ul>\n<li>1 mazo de 100 cartas verdes, blancas y azules.<\/li>\n<li>12 cartas nuevas inclu\u00eddas 2 tierras duales.<\/li>\n<li>1 sobre collector de muestra de 2 cartas.<\/li>\n<li>1 comandante foil grabado en relieve.<\/li>\n<li>10 fichas doble cara.<\/li>\n<li>1 deck box.<\/li>\n<li>1 contador de vidas.<\/li>\n<\/ul>\n","protected":false},"excerpt":{"rendered":"<p>Solo para grandes investigadores. Llena la mesa de tokens de pista que junto a tu comandante, Morska, Undersea Sleuth, te ayudar\u00e1n a tener m\u00e1s cartas en tu mano y provocar m\u00e1s da\u00f1o a los rivales. Este producto incluye: 1 mazo de 100 cartas verdes, blancas y azules. 12 cartas nuevas inclu\u00eddas 2 tierras duales. 1 [&hellip;]<\/p>\n","protected":false},"featured_media":891,"template":"","meta":[],"product_brand":[47],"product_cat":[27,146,26],"product_tag":[49,54,50],"class_list":{"0":"post-890","1":"product","2":"type-product","3":"status-publish","4":"has-post-thumbnail","6":"product_brand-magic-the-gathering","7":"product_cat-magicthegathering","8":"product_cat-ofertas","9":"product_cat-tcg","10":"product_tag-commander","11":"product_tag-deck","12":"product_tag-mtg","14":"first","15":"instock","16":"sale","17":"taxable","18":"shipping-taxable","19":"purchasable","20":"product-type-simple"},"jetpack_sharing_enabled":true,"_links":{"self":[{"href":"https:\/\/hydrastoretcg.cl\/index.php?rest_route=\/wp\/v2\/product\/890","targetHints":{"allow":["GET"]}}],"collection":[{"href":"https:\/\/hydrastoretcg.cl\/index.php?rest_route=\/wp\/v2\/product"}],"about":[{"href":"https:\/\/hydrastoretcg.cl\/index.php?rest_route=\/wp\/v2\/types\/product"}],"wp:featuredmedia":[{"embeddable":true,"href":"https:\/\/hydrastoretcg.cl\/index.php?rest_route=\/wp\/v2\/media\/891"}],"wp:attachment":[{"href":"https:\/\/hydrastoretcg.cl\/index.php?rest_route=%2Fwp%2Fv2%2Fmedia&parent=890"}],"wp:term":[{"taxonomy":"product_brand","embeddable":true,"href":"https:\/\/hydrastoretcg.cl\/index.php?rest_route=%2Fwp%2Fv2%2Fproduct_brand&post=890"},{"taxonomy":"product_cat","embeddable":true,"href":"https:\/\/hydrastoretcg.cl\/index.php?rest_route=%2Fwp%2Fv2%2Fproduct_cat&post=890"},{"taxonomy":"product_tag","embeddable":true,"href":"https:\/\/hydrastoretcg.cl\/index.php?rest_route=%2Fwp%2Fv2%2Fproduct_tag&post=890"}],"curies":[{"name":"wp","href":"https:\/\/api.w.org\/{rel}","templated":true}]}}