{"id":888,"date":"2025-10-28T00:30:43","date_gmt":"2025-10-28T03:30:43","guid":{"rendered":"https:\/\/hydrastoretcg.cl\/?post_type=product&#038;p=888"},"modified":"2025-12-30T19:24:44","modified_gmt":"2025-12-30T22:24:44","slug":"commander-deck-blame-game-murders-at-karlov-manor-ingles","status":"publish","type":"product","link":"https:\/\/hydrastoretcg.cl\/?product=commander-deck-blame-game-murders-at-karlov-manor-ingles","title":{"rendered":"Commander Deck &#8211; Blame Game Murders at Karlov Manor &#8211; Ingl\u00e9s"},"content":{"rendered":"<p>Obliga al resto a pelear entre s\u00ed godeando criaturas y protegi\u00e9ndote de tus rivales con este mazo comandante blanco y rojo. S\u00famate al poder de Nelly Borca, Impulsive Accuser, para godear criaturas y robar cartas para acelerar la mesa y prevenir que te hagan da\u00f1o.<\/p>\n<p>Este producto incluye:<\/p>\n<ul>\n<li>1 mazo de 100 cartas rojas y blancas.<\/li>\n<li>12 cartas nuevas inclu\u00eddas 2 tierras duales.<\/li>\n<li>1 sobre collector de muestra de 2 cartas.<\/li>\n<li>1 comandante foil grabado en relieve.<\/li>\n<li>10 fichas doble cara.<\/li>\n<li>1 deck box.<\/li>\n<li>1 contador de vidas.<\/li>\n<\/ul>\n","protected":false},"excerpt":{"rendered":"<p>Obliga al resto a pelear entre s\u00ed godeando criaturas y protegi\u00e9ndote de tus rivales con este mazo comandante blanco y rojo. S\u00famate al poder de Nelly Borca, Impulsive Accuser, para godear criaturas y robar cartas para acelerar la mesa y prevenir que te hagan da\u00f1o. Este producto incluye: 1 mazo de 100 cartas rojas y [&hellip;]<\/p>\n","protected":false},"featured_media":889,"template":"","meta":[],"product_brand":[47],"product_cat":[27,26],"product_tag":[49,54,50],"class_list":{"0":"post-888","1":"product","2":"type-product","3":"status-publish","4":"has-post-thumbnail","6":"product_brand-magic-the-gathering","7":"product_cat-magicthegathering","8":"product_cat-tcg","9":"product_tag-commander","10":"product_tag-deck","11":"product_tag-mtg","13":"first","14":"outofstock","15":"taxable","16":"shipping-taxable","17":"purchasable","18":"product-type-simple"},"jetpack_sharing_enabled":true,"_links":{"self":[{"href":"https:\/\/hydrastoretcg.cl\/index.php?rest_route=\/wp\/v2\/product\/888","targetHints":{"allow":["GET"]}}],"collection":[{"href":"https:\/\/hydrastoretcg.cl\/index.php?rest_route=\/wp\/v2\/product"}],"about":[{"href":"https:\/\/hydrastoretcg.cl\/index.php?rest_route=\/wp\/v2\/types\/product"}],"wp:featuredmedia":[{"embeddable":true,"href":"https:\/\/hydrastoretcg.cl\/index.php?rest_route=\/wp\/v2\/media\/889"}],"wp:attachment":[{"href":"https:\/\/hydrastoretcg.cl\/index.php?rest_route=%2Fwp%2Fv2%2Fmedia&parent=888"}],"wp:term":[{"taxonomy":"product_brand","embeddable":true,"href":"https:\/\/hydrastoretcg.cl\/index.php?rest_route=%2Fwp%2Fv2%2Fproduct_brand&post=888"},{"taxonomy":"product_cat","embeddable":true,"href":"https:\/\/hydrastoretcg.cl\/index.php?rest_route=%2Fwp%2Fv2%2Fproduct_cat&post=888"},{"taxonomy":"product_tag","embeddable":true,"href":"https:\/\/hydrastoretcg.cl\/index.php?rest_route=%2Fwp%2Fv2%2Fproduct_tag&post=888"}],"curies":[{"name":"wp","href":"https:\/\/api.w.org\/{rel}","templated":true}]}}