{"id":884,"date":"2025-10-28T00:20:16","date_gmt":"2025-10-28T03:20:16","guid":{"rendered":"https:\/\/hydrastoretcg.cl\/?post_type=product&#038;p=884"},"modified":"2026-02-10T12:23:36","modified_gmt":"2026-02-10T15:23:36","slug":"commader-deck-deadly-desguise-murders-at-karlov-manor-ingles","status":"publish","type":"product","link":"https:\/\/hydrastoretcg.cl\/?product=commader-deck-deadly-desguise-murders-at-karlov-manor-ingles","title":{"rendered":"Commader Deck &#8211; Deadly Desguise Murders at Karlov Manor &#8211; Ingl\u00e9s"},"content":{"rendered":"<p>Soprende a tus contrincantes disfrazando criaturas por bajos costes y haci\u00e9ndolas aparecer en los momentos m\u00e1s incre\u00edbles y tomar el control total de la mesa. Descubre a Kaust, Eyes of the Glades, el comandante que te ayudar\u00e1 a golpear mucho m\u00e1s fuerte cuando tus criaturas se den vuelta y se quiten el disfraz.<\/p>\n<p>Este producto incluye:<\/p>\n<ul>\n<li>1 mazo de 100 cartas verdes, rojas y blancas.<\/li>\n<li>12 cartas nuevas inclu\u00eddas 2 tierras duales.<\/li>\n<li>1 sobre collector de muestra de 2 cartas.<\/li>\n<li>1 comandante foil grabado en relieve.<\/li>\n<li>10 fichas doble cara.<\/li>\n<li>1 deck box.<\/li>\n<li>1 contador de vidas.<\/li>\n<\/ul>\n","protected":false},"excerpt":{"rendered":"<p>Soprende a tus contrincantes disfrazando criaturas por bajos costes y haci\u00e9ndolas aparecer en los momentos m\u00e1s incre\u00edbles y tomar el control total de la mesa. Descubre a Kaust, Eyes of the Glades, el comandante que te ayudar\u00e1 a golpear mucho m\u00e1s fuerte cuando tus criaturas se den vuelta y se quiten el disfraz. Este producto [&hellip;]<\/p>\n","protected":false},"featured_media":885,"template":"","meta":[],"product_brand":[47],"product_cat":[27,26],"product_tag":[49,54,50],"class_list":{"0":"post-884","1":"product","2":"type-product","3":"status-publish","4":"has-post-thumbnail","6":"product_brand-magic-the-gathering","7":"product_cat-magicthegathering","8":"product_cat-tcg","9":"product_tag-commander","10":"product_tag-deck","11":"product_tag-mtg","13":"first","14":"outofstock","15":"taxable","16":"shipping-taxable","17":"purchasable","18":"product-type-simple"},"jetpack_sharing_enabled":true,"_links":{"self":[{"href":"https:\/\/hydrastoretcg.cl\/index.php?rest_route=\/wp\/v2\/product\/884","targetHints":{"allow":["GET"]}}],"collection":[{"href":"https:\/\/hydrastoretcg.cl\/index.php?rest_route=\/wp\/v2\/product"}],"about":[{"href":"https:\/\/hydrastoretcg.cl\/index.php?rest_route=\/wp\/v2\/types\/product"}],"wp:featuredmedia":[{"embeddable":true,"href":"https:\/\/hydrastoretcg.cl\/index.php?rest_route=\/wp\/v2\/media\/885"}],"wp:attachment":[{"href":"https:\/\/hydrastoretcg.cl\/index.php?rest_route=%2Fwp%2Fv2%2Fmedia&parent=884"}],"wp:term":[{"taxonomy":"product_brand","embeddable":true,"href":"https:\/\/hydrastoretcg.cl\/index.php?rest_route=%2Fwp%2Fv2%2Fproduct_brand&post=884"},{"taxonomy":"product_cat","embeddable":true,"href":"https:\/\/hydrastoretcg.cl\/index.php?rest_route=%2Fwp%2Fv2%2Fproduct_cat&post=884"},{"taxonomy":"product_tag","embeddable":true,"href":"https:\/\/hydrastoretcg.cl\/index.php?rest_route=%2Fwp%2Fv2%2Fproduct_tag&post=884"}],"curies":[{"name":"wp","href":"https:\/\/api.w.org\/{rel}","templated":true}]}}