{"id":882,"date":"2025-10-28T00:12:47","date_gmt":"2025-10-28T03:12:47","guid":{"rendered":"https:\/\/hydrastoretcg.cl\/?post_type=product&#038;p=882"},"modified":"2025-11-10T17:23:47","modified_gmt":"2025-11-10T20:23:47","slug":"commander-deck-fallout-science-ingles","status":"publish","type":"product","link":"https:\/\/hydrastoretcg.cl\/?product=commander-deck-fallout-science-ingles","title":{"rendered":"Commander Deck &#8211; Fallout Science &#8211; Ingl\u00e9s"},"content":{"rendered":"<p>Crea, multiplica y utiliza energ\u00eda junto a la Dra. Madison Li y su combinaci\u00f3n de colores blanco, rojo y azul, para lanzar una gran cantidad de artefactos que llevar\u00e1 tu juego a la m\u00e1xima intensidad permiti\u00e9ndote jugar con mayor velocidad para impactar antes en la mesa.<\/p>\n<p>Este producto incluye:<\/p>\n<ul>\n<li>1 carta de exhibici\u00f3n Dra. Madison Li.<\/li>\n<li>1 mazo con 100 cartas de alta sinergia.<\/li>\n<li>1 sobre collector de muestra con 2 cartas especiales.<\/li>\n<li>1 deck box.<\/li>\n<li>1 contador de vidas.<\/li>\n<\/ul>\n","protected":false},"excerpt":{"rendered":"<p>Crea, multiplica y utiliza energ\u00eda junto a la Dra. Madison Li y su combinaci\u00f3n de colores blanco, rojo y azul, para lanzar una gran cantidad de artefactos que llevar\u00e1 tu juego a la m\u00e1xima intensidad permiti\u00e9ndote jugar con mayor velocidad para impactar antes en la mesa. Este producto incluye: 1 carta de exhibici\u00f3n Dra. Madison [&hellip;]<\/p>\n","protected":false},"featured_media":883,"template":"","meta":[],"product_brand":[47],"product_cat":[27,26],"product_tag":[49,54,50],"class_list":{"0":"post-882","1":"product","2":"type-product","3":"status-publish","4":"has-post-thumbnail","6":"product_brand-magic-the-gathering","7":"product_cat-magicthegathering","8":"product_cat-tcg","9":"product_tag-commander","10":"product_tag-deck","11":"product_tag-mtg","13":"first","14":"outofstock","15":"taxable","16":"shipping-taxable","17":"purchasable","18":"product-type-simple"},"jetpack_sharing_enabled":true,"_links":{"self":[{"href":"https:\/\/hydrastoretcg.cl\/index.php?rest_route=\/wp\/v2\/product\/882","targetHints":{"allow":["GET"]}}],"collection":[{"href":"https:\/\/hydrastoretcg.cl\/index.php?rest_route=\/wp\/v2\/product"}],"about":[{"href":"https:\/\/hydrastoretcg.cl\/index.php?rest_route=\/wp\/v2\/types\/product"}],"wp:featuredmedia":[{"embeddable":true,"href":"https:\/\/hydrastoretcg.cl\/index.php?rest_route=\/wp\/v2\/media\/883"}],"wp:attachment":[{"href":"https:\/\/hydrastoretcg.cl\/index.php?rest_route=%2Fwp%2Fv2%2Fmedia&parent=882"}],"wp:term":[{"taxonomy":"product_brand","embeddable":true,"href":"https:\/\/hydrastoretcg.cl\/index.php?rest_route=%2Fwp%2Fv2%2Fproduct_brand&post=882"},{"taxonomy":"product_cat","embeddable":true,"href":"https:\/\/hydrastoretcg.cl\/index.php?rest_route=%2Fwp%2Fv2%2Fproduct_cat&post=882"},{"taxonomy":"product_tag","embeddable":true,"href":"https:\/\/hydrastoretcg.cl\/index.php?rest_route=%2Fwp%2Fv2%2Fproduct_tag&post=882"}],"curies":[{"name":"wp","href":"https:\/\/api.w.org\/{rel}","templated":true}]}}