{"id":880,"date":"2025-10-28T00:04:13","date_gmt":"2025-10-28T03:04:13","guid":{"rendered":"https:\/\/hydrastoretcg.cl\/?post_type=product&#038;p=880"},"modified":"2025-11-10T17:23:56","modified_gmt":"2025-11-10T20:23:56","slug":"sobre-jumpstar-vol-2-the-lord-of-the-rings-ingles","status":"publish","type":"product","link":"https:\/\/hydrastoretcg.cl\/?product=sobre-jumpstar-vol-2-the-lord-of-the-rings-ingles","title":{"rendered":"Sobre Jumpstar Vol. 2 &#8211; The Lord of the Rings &#8211; Ingl\u00e9s"},"content":{"rendered":"<p>Un sobre para asegurar lo que falta a tu colecci\u00f3n, en el cual encontrar\u00e1s cartas de un solo color que ayudar\u00e1n a fortalecer tu estrategia. Adem\u00e1s, combinando 2 sobres podr\u00e1s jugar de manera r\u00e1pida y divertida con un deck armado al azar que incluye las tierras necesarias y 2 tierras foil.<\/p>\n","protected":false},"excerpt":{"rendered":"<p>Un sobre para asegurar lo que falta a tu colecci\u00f3n, en el cual encontrar\u00e1s cartas de un solo color que ayudar\u00e1n a fortalecer tu estrategia. Adem\u00e1s, combinando 2 sobres podr\u00e1s jugar de manera r\u00e1pida y divertida con un deck armado al azar que incluye las tierras necesarias y 2 tierras foil.<\/p>\n","protected":false},"featured_media":881,"template":"","meta":[],"product_brand":[47],"product_cat":[27,26],"product_tag":[71,69,50,70],"class_list":{"0":"post-880","1":"product","2":"type-product","3":"status-publish","4":"has-post-thumbnail","6":"product_brand-magic-the-gathering","7":"product_cat-magicthegathering","8":"product_cat-tcg","9":"product_tag-jumpstar","10":"product_tag-lotr","11":"product_tag-mtg","12":"product_tag-sobre","14":"first","15":"outofstock","16":"taxable","17":"shipping-taxable","18":"purchasable","19":"product-type-simple"},"jetpack_sharing_enabled":true,"_links":{"self":[{"href":"https:\/\/hydrastoretcg.cl\/index.php?rest_route=\/wp\/v2\/product\/880","targetHints":{"allow":["GET"]}}],"collection":[{"href":"https:\/\/hydrastoretcg.cl\/index.php?rest_route=\/wp\/v2\/product"}],"about":[{"href":"https:\/\/hydrastoretcg.cl\/index.php?rest_route=\/wp\/v2\/types\/product"}],"wp:featuredmedia":[{"embeddable":true,"href":"https:\/\/hydrastoretcg.cl\/index.php?rest_route=\/wp\/v2\/media\/881"}],"wp:attachment":[{"href":"https:\/\/hydrastoretcg.cl\/index.php?rest_route=%2Fwp%2Fv2%2Fmedia&parent=880"}],"wp:term":[{"taxonomy":"product_brand","embeddable":true,"href":"https:\/\/hydrastoretcg.cl\/index.php?rest_route=%2Fwp%2Fv2%2Fproduct_brand&post=880"},{"taxonomy":"product_cat","embeddable":true,"href":"https:\/\/hydrastoretcg.cl\/index.php?rest_route=%2Fwp%2Fv2%2Fproduct_cat&post=880"},{"taxonomy":"product_tag","embeddable":true,"href":"https:\/\/hydrastoretcg.cl\/index.php?rest_route=%2Fwp%2Fv2%2Fproduct_tag&post=880"}],"curies":[{"name":"wp","href":"https:\/\/api.w.org\/{rel}","templated":true}]}}