{"id":874,"date":"2025-10-27T23:50:53","date_gmt":"2025-10-28T02:50:53","guid":{"rendered":"https:\/\/hydrastoretcg.cl\/?post_type=product&#038;p=874"},"modified":"2026-04-02T12:56:17","modified_gmt":"2026-04-02T15:56:17","slug":"box-mega-kangaaskhan-ex-ingles","status":"publish","type":"product","link":"https:\/\/hydrastoretcg.cl\/?product=box-mega-kangaaskhan-ex-ingles","title":{"rendered":"Box &#8211; Mega Kangaaskhan Ex &#8211; Ingl\u00e9s"},"content":{"rendered":"<p>Listo para desatar la velocidad y la fuerza de Mega Kangaskhan Ex y su hijo que entra al combate para dar mayor destreza a tu juego. Roba cartas r\u00e1pidamente con la habilidad recado y luego aumenta tu ataque lanzando monedas para da\u00f1ar mucho m\u00e1s fuerte al pok\u00e9mon rival. Descubre la sinergia de este producto acompa\u00f1ado de sobres para dar mayor din\u00e1mica.<\/p>\n<p>Este producto incluye:<\/p>\n<ul>\n<li>1 carta promo foil Mega Kangaskhan Ex.<\/li>\n<li>1 carta overside promo lenticular de Mega Kangaskhan Ex.<\/li>\n<li>4 sobres de Pok\u00e9mon TCG.<\/li>\n<\/ul>\n","protected":false},"excerpt":{"rendered":"<p>Listo para desatar la velocidad y la fuerza de Mega Kangaskhan Ex y su hijo que entra al combate para dar mayor destreza a tu juego. Roba cartas r\u00e1pidamente con la habilidad recado y luego aumenta tu ataque lanzando monedas para da\u00f1ar mucho m\u00e1s fuerte al pok\u00e9mon rival. Descubre la sinergia de este producto acompa\u00f1ado [&hellip;]<\/p>\n","protected":false},"featured_media":875,"template":"","meta":[],"product_brand":[52],"product_cat":[165,28,26],"product_tag":[67,68,38],"class_list":{"0":"post-874","1":"product","2":"type-product","3":"status-publish","4":"has-post-thumbnail","6":"product_brand-pokemon-tcg","7":"product_cat-megaevolution","8":"product_cat-pokemon","9":"product_cat-tcg","10":"product_tag-box","11":"product_tag-kangaskhan","12":"product_tag-pokemon","14":"first","15":"outofstock","16":"sale","17":"taxable","18":"shipping-taxable","19":"purchasable","20":"product-type-simple"},"jetpack_sharing_enabled":true,"_links":{"self":[{"href":"https:\/\/hydrastoretcg.cl\/index.php?rest_route=\/wp\/v2\/product\/874","targetHints":{"allow":["GET"]}}],"collection":[{"href":"https:\/\/hydrastoretcg.cl\/index.php?rest_route=\/wp\/v2\/product"}],"about":[{"href":"https:\/\/hydrastoretcg.cl\/index.php?rest_route=\/wp\/v2\/types\/product"}],"wp:featuredmedia":[{"embeddable":true,"href":"https:\/\/hydrastoretcg.cl\/index.php?rest_route=\/wp\/v2\/media\/875"}],"wp:attachment":[{"href":"https:\/\/hydrastoretcg.cl\/index.php?rest_route=%2Fwp%2Fv2%2Fmedia&parent=874"}],"wp:term":[{"taxonomy":"product_brand","embeddable":true,"href":"https:\/\/hydrastoretcg.cl\/index.php?rest_route=%2Fwp%2Fv2%2Fproduct_brand&post=874"},{"taxonomy":"product_cat","embeddable":true,"href":"https:\/\/hydrastoretcg.cl\/index.php?rest_route=%2Fwp%2Fv2%2Fproduct_cat&post=874"},{"taxonomy":"product_tag","embeddable":true,"href":"https:\/\/hydrastoretcg.cl\/index.php?rest_route=%2Fwp%2Fv2%2Fproduct_tag&post=874"}],"curies":[{"name":"wp","href":"https:\/\/api.w.org\/{rel}","templated":true}]}}