{"id":871,"date":"2025-10-27T23:43:53","date_gmt":"2025-10-28T02:43:53","guid":{"rendered":"https:\/\/hydrastoretcg.cl\/?post_type=product&#038;p=871"},"modified":"2026-04-04T15:53:31","modified_gmt":"2026-04-04T18:53:31","slug":"premium-collection-mega-venasaur-ex-ingles","status":"publish","type":"product","link":"https:\/\/hydrastoretcg.cl\/?product=premium-collection-mega-venasaur-ex-ingles","title":{"rendered":"Premium Collection &#8211; Mega Venusaur Ex &#8211; Ingl\u00e9s"},"content":{"rendered":"<p>Tu colecci\u00f3n florece y alcanza un nuevo nivel de poder con la colecci\u00f3n de Mega Venusaur Ex. Mant\u00e9n la energ\u00eda de tus pok\u00e9mon al m\u00e1ximo y siempre listos para atacar con la habilidad Transferencia Solar de Mega Venusaur Ex y enfr\u00e9ntate a cada situaci\u00f3n listo para atacar.<\/p>\n<p>Este producto incluye:<\/p>\n<ul>\n<li>1 carta promo foil de Mega Venusaur Ex.<\/li>\n<li>1 carta overside promo lenticular de Mega Venusaur Ex.<\/li>\n<li>1 set de stickers de Mega Venusaur Ex.<\/li>\n<li>8 sobres de Pok\u00e9mon TCG.<\/li>\n<\/ul>\n","protected":false},"excerpt":{"rendered":"<p>Tu colecci\u00f3n florece y alcanza un nuevo nivel de poder con la colecci\u00f3n de Mega Venusaur Ex. Mant\u00e9n la energ\u00eda de tus pok\u00e9mon al m\u00e1ximo y siempre listos para atacar con la habilidad Transferencia Solar de Mega Venusaur Ex y enfr\u00e9ntate a cada situaci\u00f3n listo para atacar. Este producto incluye: 1 carta promo foil de [&hellip;]<\/p>\n","protected":false},"featured_media":872,"template":"","meta":[],"product_brand":[52],"product_cat":[165,146,28,26],"product_tag":[67,65,38,66],"class_list":{"0":"post-871","1":"product","2":"type-product","3":"status-publish","4":"has-post-thumbnail","6":"product_brand-pokemon-tcg","7":"product_cat-megaevolution","8":"product_cat-ofertas","9":"product_cat-pokemon","10":"product_cat-tcg","11":"product_tag-box","12":"product_tag-coleccion","13":"product_tag-pokemon","14":"product_tag-venasaur","16":"first","17":"instock","18":"sale","19":"taxable","20":"shipping-taxable","21":"purchasable","22":"product-type-simple"},"jetpack_sharing_enabled":true,"_links":{"self":[{"href":"https:\/\/hydrastoretcg.cl\/index.php?rest_route=\/wp\/v2\/product\/871","targetHints":{"allow":["GET"]}}],"collection":[{"href":"https:\/\/hydrastoretcg.cl\/index.php?rest_route=\/wp\/v2\/product"}],"about":[{"href":"https:\/\/hydrastoretcg.cl\/index.php?rest_route=\/wp\/v2\/types\/product"}],"wp:featuredmedia":[{"embeddable":true,"href":"https:\/\/hydrastoretcg.cl\/index.php?rest_route=\/wp\/v2\/media\/872"}],"wp:attachment":[{"href":"https:\/\/hydrastoretcg.cl\/index.php?rest_route=%2Fwp%2Fv2%2Fmedia&parent=871"}],"wp:term":[{"taxonomy":"product_brand","embeddable":true,"href":"https:\/\/hydrastoretcg.cl\/index.php?rest_route=%2Fwp%2Fv2%2Fproduct_brand&post=871"},{"taxonomy":"product_cat","embeddable":true,"href":"https:\/\/hydrastoretcg.cl\/index.php?rest_route=%2Fwp%2Fv2%2Fproduct_cat&post=871"},{"taxonomy":"product_tag","embeddable":true,"href":"https:\/\/hydrastoretcg.cl\/index.php?rest_route=%2Fwp%2Fv2%2Fproduct_tag&post=871"}],"curies":[{"name":"wp","href":"https:\/\/api.w.org\/{rel}","templated":true}]}}