{"id":866,"date":"2025-10-27T22:53:02","date_gmt":"2025-10-28T01:53:02","guid":{"rendered":"https:\/\/hydrastoretcg.cl\/?post_type=product&#038;p=866"},"modified":"2026-02-24T16:36:03","modified_gmt":"2026-02-24T19:36:03","slug":"booster-bundle-phantasmal-flames-ingles","status":"publish","type":"product","link":"https:\/\/hydrastoretcg.cl\/?product=booster-bundle-phantasmal-flames-ingles","title":{"rendered":"Booster Bundle &#8211; Phantasmal Flames &#8211; Ingl\u00e9s"},"content":{"rendered":"<p>El s\u00faper poder de las Megaevoluciones est\u00e1 de vuelta en una nueva entrega con el set de Llamaradas Fantasmales que trae nuevas y poderosas cartas, entrenadores esenciales en tu mazo y nuevas criaturas listas para entrar a la batalla.<\/p>\n<p>Este Booster Bundle incluye:<\/p>\n<ul>\n<li>6 sobres del set Phantasmal Flames.<\/li>\n<li>Cartas aleatorias de Pok\u00e9mon, Entrenador y Energ\u00eda.<\/li>\n<li>Posibilidad de obtener cartas ultra raras, raras y hologr\u00e1ficas.<\/li>\n<\/ul>\n<p>&nbsp;<\/p>\n","protected":false},"excerpt":{"rendered":"<p>El s\u00faper poder de las Megaevoluciones est\u00e1 de vuelta en una nueva entrega con el set de Llamaradas Fantasmales que trae nuevas y poderosas cartas, entrenadores esenciales en tu mazo y nuevas criaturas listas para entrar a la batalla. Este Booster Bundle incluye: 6 sobres del set Phantasmal Flames. Cartas aleatorias de Pok\u00e9mon, Entrenador y [&hellip;]<\/p>\n","protected":false},"featured_media":867,"template":"","meta":[],"product_brand":[52],"product_cat":[28,26],"product_tag":[60,61,62,38,56],"class_list":{"0":"post-866","1":"product","2":"type-product","3":"status-publish","4":"has-post-thumbnail","6":"product_brand-pokemon-tcg","7":"product_cat-pokemon","8":"product_cat-tcg","9":"product_tag-booster","10":"product_tag-bundle","11":"product_tag-llamaradas","12":"product_tag-pokemon","13":"product_tag-sobres","15":"first","16":"outofstock","17":"sale","18":"taxable","19":"shipping-taxable","20":"purchasable","21":"product-type-simple"},"jetpack_sharing_enabled":true,"_links":{"self":[{"href":"https:\/\/hydrastoretcg.cl\/index.php?rest_route=\/wp\/v2\/product\/866","targetHints":{"allow":["GET"]}}],"collection":[{"href":"https:\/\/hydrastoretcg.cl\/index.php?rest_route=\/wp\/v2\/product"}],"about":[{"href":"https:\/\/hydrastoretcg.cl\/index.php?rest_route=\/wp\/v2\/types\/product"}],"wp:featuredmedia":[{"embeddable":true,"href":"https:\/\/hydrastoretcg.cl\/index.php?rest_route=\/wp\/v2\/media\/867"}],"wp:attachment":[{"href":"https:\/\/hydrastoretcg.cl\/index.php?rest_route=%2Fwp%2Fv2%2Fmedia&parent=866"}],"wp:term":[{"taxonomy":"product_brand","embeddable":true,"href":"https:\/\/hydrastoretcg.cl\/index.php?rest_route=%2Fwp%2Fv2%2Fproduct_brand&post=866"},{"taxonomy":"product_cat","embeddable":true,"href":"https:\/\/hydrastoretcg.cl\/index.php?rest_route=%2Fwp%2Fv2%2Fproduct_cat&post=866"},{"taxonomy":"product_tag","embeddable":true,"href":"https:\/\/hydrastoretcg.cl\/index.php?rest_route=%2Fwp%2Fv2%2Fproduct_tag&post=866"}],"curies":[{"name":"wp","href":"https:\/\/api.w.org\/{rel}","templated":true}]}}