{"id":862,"date":"2025-10-27T22:34:11","date_gmt":"2025-10-28T01:34:11","guid":{"rendered":"https:\/\/hydrastoretcg.cl\/?post_type=product&#038;p=862"},"modified":"2026-04-03T21:45:40","modified_gmt":"2026-04-04T00:45:40","slug":"figure-collection-mega-lucaraio-ex-espanol","status":"publish","type":"product","link":"https:\/\/hydrastoretcg.cl\/?product=figure-collection-mega-lucaraio-ex-espanol","title":{"rendered":"Figure Collection &#8211; Mega Lucaraio Ex &#8211; Espa\u00f1ol"},"content":{"rendered":"<p>Llega Mega Lucario Ex a doblegar a sus rivales repartiendo energ\u00edas descartadas en los pok\u00e9mon de tu banca para armar un equipo invatible de cara a la batalla. Adem\u00e1s, podr\u00e1s contar con un sinnumero de aliados como refuerzo para incorporar desde los sobres de refuerzo de este gran producto.<\/p>\n<p>Este box contiene:<\/p>\n<ul>\n<li>1 carta hologr\u00e1fica grabada en relieve de Mega Lucario Ex.<\/li>\n<li>1 carta jumbo promocional de Mega Lucario Ex.<\/li>\n<li>1 figura de alto detalle de Mega Lucario.<\/li>\n<li>5 sobres de refuerzo de Pok\u00e9mon TCG.<\/li>\n<li>1 c\u00f3digo para jugar online.<\/li>\n<\/ul>\n<p>Un producto ideal para los coleccionistas m\u00e1s intr\u00e9pidos y que no puede faltar en tu equipo.<\/p>\n","protected":false},"excerpt":{"rendered":"<p>Llega Mega Lucario Ex a doblegar a sus rivales repartiendo energ\u00edas descartadas en los pok\u00e9mon de tu banca para armar un equipo invatible de cara a la batalla. Adem\u00e1s, podr\u00e1s contar con un sinnumero de aliados como refuerzo para incorporar desde los sobres de refuerzo de este gran producto. Este box contiene: 1 carta hologr\u00e1fica [&hellip;]<\/p>\n","protected":false},"featured_media":860,"template":"","meta":[],"product_brand":[52],"product_cat":[165,146,28,26],"product_tag":[54,57,58,38],"class_list":{"0":"post-862","1":"product","2":"type-product","3":"status-publish","4":"has-post-thumbnail","6":"product_brand-pokemon-tcg","7":"product_cat-megaevolution","8":"product_cat-ofertas","9":"product_cat-pokemon","10":"product_cat-tcg","11":"product_tag-deck","12":"product_tag-lucario","13":"product_tag-megaevolucion","14":"product_tag-pokemon","16":"first","17":"instock","18":"sale","19":"taxable","20":"shipping-taxable","21":"purchasable","22":"product-type-simple"},"jetpack_sharing_enabled":true,"_links":{"self":[{"href":"https:\/\/hydrastoretcg.cl\/index.php?rest_route=\/wp\/v2\/product\/862","targetHints":{"allow":["GET"]}}],"collection":[{"href":"https:\/\/hydrastoretcg.cl\/index.php?rest_route=\/wp\/v2\/product"}],"about":[{"href":"https:\/\/hydrastoretcg.cl\/index.php?rest_route=\/wp\/v2\/types\/product"}],"wp:featuredmedia":[{"embeddable":true,"href":"https:\/\/hydrastoretcg.cl\/index.php?rest_route=\/wp\/v2\/media\/860"}],"wp:attachment":[{"href":"https:\/\/hydrastoretcg.cl\/index.php?rest_route=%2Fwp%2Fv2%2Fmedia&parent=862"}],"wp:term":[{"taxonomy":"product_brand","embeddable":true,"href":"https:\/\/hydrastoretcg.cl\/index.php?rest_route=%2Fwp%2Fv2%2Fproduct_brand&post=862"},{"taxonomy":"product_cat","embeddable":true,"href":"https:\/\/hydrastoretcg.cl\/index.php?rest_route=%2Fwp%2Fv2%2Fproduct_cat&post=862"},{"taxonomy":"product_tag","embeddable":true,"href":"https:\/\/hydrastoretcg.cl\/index.php?rest_route=%2Fwp%2Fv2%2Fproduct_tag&post=862"}],"curies":[{"name":"wp","href":"https:\/\/api.w.org\/{rel}","templated":true}]}}