{"id":855,"date":"2025-10-27T22:17:14","date_gmt":"2025-10-28T01:17:14","guid":{"rendered":"https:\/\/hydrastoretcg.cl\/?post_type=product&#038;p=855"},"modified":"2026-04-02T12:58:06","modified_gmt":"2026-04-02T15:58:06","slug":"rival-battle-deck-marnie-ingles","status":"publish","type":"product","link":"https:\/\/hydrastoretcg.cl\/?product=rival-battle-deck-marnie-ingles","title":{"rendered":"Rival Battle Deck &#8211; Marnie &#8211; Ingl\u00e9s"},"content":{"rendered":"<p>Desata la batalla de los rivales con este Battle Deck r\u00e1pido y f\u00e1cil de jugar con una din\u00e1mica simple y de f\u00e1cil aprendizaje para sumarte al mundo Pok\u00e9mon.<\/p>\n<p>Marnie lidera junto a Morpenko con una actitud desafiante para encender r\u00e1pidamente el campo de batalla.<\/p>\n<p>Este deck cuenta con:<\/p>\n<ul>\n<li>1 mazo de 60 cartas listo para jugar.<\/li>\n<li>1 set de contadores de da\u00f1o.<\/li>\n<li>1 moneda met\u00e1lica.<\/li>\n<li>1 portamazos.<\/li>\n<li>1 playmat de doble cara y 1 hoja de estrategias.<\/li>\n<li>1 c\u00f3digo para jugar en l\u00ednea con este mazo.<\/li>\n<\/ul>\n<p>&nbsp;<\/p>\n","protected":false},"excerpt":{"rendered":"<p>Desata la batalla de los rivales con este Battle Deck r\u00e1pido y f\u00e1cil de jugar con una din\u00e1mica simple y de f\u00e1cil aprendizaje para sumarte al mundo Pok\u00e9mon. Marnie lidera junto a Morpenko con una actitud desafiante para encender r\u00e1pidamente el campo de batalla. Este deck cuenta con: 1 mazo de 60 cartas listo para [&hellip;]<\/p>\n","protected":false},"featured_media":856,"template":"","meta":[],"product_brand":[52],"product_cat":[28,167,26],"product_tag":[54,55,53,38],"class_list":{"0":"post-855","1":"product","2":"type-product","3":"status-publish","4":"has-post-thumbnail","6":"product_brand-pokemon-tcg","7":"product_cat-pokemon","8":"product_cat-scarlet-violet-destined-rivals","9":"product_cat-tcg","10":"product_tag-deck","11":"product_tag-marnie","12":"product_tag-mazo","13":"product_tag-pokemon","15":"first","16":"outofstock","17":"taxable","18":"shipping-taxable","19":"purchasable","20":"product-type-simple"},"jetpack_sharing_enabled":true,"_links":{"self":[{"href":"https:\/\/hydrastoretcg.cl\/index.php?rest_route=\/wp\/v2\/product\/855","targetHints":{"allow":["GET"]}}],"collection":[{"href":"https:\/\/hydrastoretcg.cl\/index.php?rest_route=\/wp\/v2\/product"}],"about":[{"href":"https:\/\/hydrastoretcg.cl\/index.php?rest_route=\/wp\/v2\/types\/product"}],"wp:featuredmedia":[{"embeddable":true,"href":"https:\/\/hydrastoretcg.cl\/index.php?rest_route=\/wp\/v2\/media\/856"}],"wp:attachment":[{"href":"https:\/\/hydrastoretcg.cl\/index.php?rest_route=%2Fwp%2Fv2%2Fmedia&parent=855"}],"wp:term":[{"taxonomy":"product_brand","embeddable":true,"href":"https:\/\/hydrastoretcg.cl\/index.php?rest_route=%2Fwp%2Fv2%2Fproduct_brand&post=855"},{"taxonomy":"product_cat","embeddable":true,"href":"https:\/\/hydrastoretcg.cl\/index.php?rest_route=%2Fwp%2Fv2%2Fproduct_cat&post=855"},{"taxonomy":"product_tag","embeddable":true,"href":"https:\/\/hydrastoretcg.cl\/index.php?rest_route=%2Fwp%2Fv2%2Fproduct_tag&post=855"}],"curies":[{"name":"wp","href":"https:\/\/api.w.org\/{rel}","templated":true}]}}