{"id":850,"date":"2025-10-27T21:52:10","date_gmt":"2025-10-28T00:52:10","guid":{"rendered":"https:\/\/hydrastoretcg.cl\/?post_type=product&#038;p=850"},"modified":"2025-11-10T17:26:44","modified_gmt":"2025-11-10T20:26:44","slug":"commander-deck-outlaw-of-thunder-junction-quick-draw","status":"publish","type":"product","link":"https:\/\/hydrastoretcg.cl\/?product=commander-deck-outlaw-of-thunder-junction-quick-draw","title":{"rendered":"Commander Deck Outlaw of Thunder Junction &#8211; Quick Draw"},"content":{"rendered":"<p>La combinaci\u00f3n m\u00e1s r\u00e1pida del oeste llega a tu mesa con este mazo Commander de Magic The Gathering. Juega una combinaci\u00f3n poderosa de colores azul y rojo que te permite apoyarte en su comandante,\u00a0 Stella Lee, Wild Card, para lanzar m\u00faltiples instant\u00e1neos y conjuros en cada uno de tus turnos, quit\u00e1ndole oportunidades de responder a tus oponentes.<\/p>\n<p>Este commander deck cuenta con:<\/p>\n<ul>\n<li>1 Outlaw of Thunder Junction Collector Booster<\/li>\n<li>10 tockens doble cara<\/li>\n<li>1 deck box<\/li>\n<li>1 contador de vidas<\/li>\n<\/ul>\n<p>Deck en ingl\u00e9s.<\/p>\n","protected":false},"excerpt":{"rendered":"<p>La combinaci\u00f3n m\u00e1s r\u00e1pida del oeste llega a tu mesa con este mazo Commander de Magic The Gathering. Juega una combinaci\u00f3n poderosa de colores azul y rojo que te permite apoyarte en su comandante,\u00a0 Stella Lee, Wild Card, para lanzar m\u00faltiples instant\u00e1neos y conjuros en cada uno de tus turnos, quit\u00e1ndole oportunidades de responder a [&hellip;]<\/p>\n","protected":false},"featured_media":851,"template":"","meta":[],"product_brand":[47],"product_cat":[27,26],"product_tag":[49,50,51,48],"class_list":{"0":"post-850","1":"product","2":"type-product","3":"status-publish","4":"has-post-thumbnail","6":"product_brand-magic-the-gathering","7":"product_cat-magicthegathering","8":"product_cat-tcg","9":"product_tag-commander","10":"product_tag-mtg","11":"product_tag-outlaw","12":"product_tag-tcg","14":"first","15":"outofstock","16":"taxable","17":"shipping-taxable","18":"purchasable","19":"product-type-simple"},"jetpack_sharing_enabled":true,"_links":{"self":[{"href":"https:\/\/hydrastoretcg.cl\/index.php?rest_route=\/wp\/v2\/product\/850","targetHints":{"allow":["GET"]}}],"collection":[{"href":"https:\/\/hydrastoretcg.cl\/index.php?rest_route=\/wp\/v2\/product"}],"about":[{"href":"https:\/\/hydrastoretcg.cl\/index.php?rest_route=\/wp\/v2\/types\/product"}],"wp:featuredmedia":[{"embeddable":true,"href":"https:\/\/hydrastoretcg.cl\/index.php?rest_route=\/wp\/v2\/media\/851"}],"wp:attachment":[{"href":"https:\/\/hydrastoretcg.cl\/index.php?rest_route=%2Fwp%2Fv2%2Fmedia&parent=850"}],"wp:term":[{"taxonomy":"product_brand","embeddable":true,"href":"https:\/\/hydrastoretcg.cl\/index.php?rest_route=%2Fwp%2Fv2%2Fproduct_brand&post=850"},{"taxonomy":"product_cat","embeddable":true,"href":"https:\/\/hydrastoretcg.cl\/index.php?rest_route=%2Fwp%2Fv2%2Fproduct_cat&post=850"},{"taxonomy":"product_tag","embeddable":true,"href":"https:\/\/hydrastoretcg.cl\/index.php?rest_route=%2Fwp%2Fv2%2Fproduct_tag&post=850"}],"curies":[{"name":"wp","href":"https:\/\/api.w.org\/{rel}","templated":true}]}}