{"id":844,"date":"2025-10-27T21:27:19","date_gmt":"2025-10-28T00:27:19","guid":{"rendered":"https:\/\/hydrastoretcg.cl\/?post_type=product&#038;p=844"},"modified":"2025-12-30T19:49:52","modified_gmt":"2025-12-30T22:49:52","slug":"protectores-top-deck-oversleeve-standard-100","status":"publish","type":"product","link":"https:\/\/hydrastoretcg.cl\/producto\/protectores-top-deck-oversleeve-standard-100\/","title":{"rendered":"Protectores Top Deck Oversleeve Standard 100"},"content":{"rendered":"<p>Jugar con la m\u00e1xima protecci\u00f3n es posible con estos sobreprotectores transparentes que cuidan mejor tus cartas y tambi\u00e9n esos protectores que tanto te gustan. 100 unidades en tama\u00f1o standard.<\/p>\n<p>Compatible con los principales TCG: Pok\u00e9mon, Magic The Gathering, Mitos y Leyendas, One Piece, Yu Gi Oh! y m\u00e1s.<\/p>\n","protected":false},"excerpt":{"rendered":"<p>Jugar con la m\u00e1xima protecci\u00f3n es posible con estos sobreprotectores transparentes que cuidan mejor tus cartas y tambi\u00e9n esos protectores que tanto te gustan. 100 unidades en tama\u00f1o standard. Compatible con los principales TCG: Pok\u00e9mon, Magic The Gathering, Mitos y Leyendas, One Piece, Yu Gi Oh! y m\u00e1s.<\/p>\n","protected":false},"featured_media":845,"template":"","meta":[],"product_brand":[39],"product_cat":[30,32],"product_tag":[46,44,45],"class_list":{"0":"post-844","1":"product","2":"type-product","3":"status-publish","4":"has-post-thumbnail","6":"product_brand-top-deck","7":"product_cat-accesorios","8":"product_cat-protectores","9":"product_tag-fundas","10":"product_tag-protectores","11":"product_tag-sleevers","13":"first","14":"outofstock","15":"taxable","16":"shipping-taxable","17":"purchasable","18":"product-type-simple"},"jetpack_sharing_enabled":true,"_links":{"self":[{"href":"https:\/\/hydrastoretcg.cl\/wp-json\/wp\/v2\/product\/844","targetHints":{"allow":["GET"]}}],"collection":[{"href":"https:\/\/hydrastoretcg.cl\/wp-json\/wp\/v2\/product"}],"about":[{"href":"https:\/\/hydrastoretcg.cl\/wp-json\/wp\/v2\/types\/product"}],"wp:featuredmedia":[{"embeddable":true,"href":"https:\/\/hydrastoretcg.cl\/wp-json\/wp\/v2\/media\/845"}],"wp:attachment":[{"href":"https:\/\/hydrastoretcg.cl\/wp-json\/wp\/v2\/media?parent=844"}],"wp:term":[{"taxonomy":"product_brand","embeddable":true,"href":"https:\/\/hydrastoretcg.cl\/wp-json\/wp\/v2\/product_brand?post=844"},{"taxonomy":"product_cat","embeddable":true,"href":"https:\/\/hydrastoretcg.cl\/wp-json\/wp\/v2\/product_cat?post=844"},{"taxonomy":"product_tag","embeddable":true,"href":"https:\/\/hydrastoretcg.cl\/wp-json\/wp\/v2\/product_tag?post=844"}],"curies":[{"name":"wp","href":"https:\/\/api.w.org\/{rel}","templated":true}]}}