{"id":836,"date":"2025-10-27T20:48:24","date_gmt":"2025-10-27T23:48:24","guid":{"rendered":"https:\/\/hydrastoretcg.cl\/?post_type=product&#038;p=836"},"modified":"2025-12-30T19:49:52","modified_gmt":"2025-12-30T22:49:52","slug":"protectores-top-deck-standard-60","status":"publish","type":"product","link":"https:\/\/hydrastoretcg.cl\/?product=protectores-top-deck-standard-60","title":{"rendered":"Protectores Top Deck Standard 60"},"content":{"rendered":"<p>Protege tus cartas con la m\u00e1xima seguridad con estas fundas que permiten un gran baraje gracias a su terminaci\u00f3n trasera texturizada. Son 60 unidades ideales para tus mazos.<\/p>\n<p>Compatible con los principales TCG: Pok\u00e9mon, Magic The Gathering, Mitos y Leyendas, One Piece, Yu Gi Oh! y m\u00e1s.<\/p>\n","protected":false},"excerpt":{"rendered":"<p>Protege tus cartas con la m\u00e1xima seguridad con estas fundas que permiten un gran baraje gracias a su terminaci\u00f3n trasera texturizada. Son 60 unidades ideales para tus mazos. Compatible con los principales TCG: Pok\u00e9mon, Magic The Gathering, Mitos y Leyendas, One Piece, Yu Gi Oh! y m\u00e1s.<\/p>\n","protected":false},"featured_media":837,"template":"","meta":[],"product_brand":[39],"product_cat":[30,32],"product_tag":[46,44,45],"class_list":{"0":"post-836","1":"product","2":"type-product","3":"status-publish","4":"has-post-thumbnail","6":"product_brand-top-deck","7":"product_cat-accesorios","8":"product_cat-protectores","9":"product_tag-fundas","10":"product_tag-protectores","11":"product_tag-sleevers","13":"first","14":"outofstock","15":"taxable","16":"shipping-taxable","17":"purchasable","18":"product-type-simple"},"jetpack_sharing_enabled":true,"_links":{"self":[{"href":"https:\/\/hydrastoretcg.cl\/index.php?rest_route=\/wp\/v2\/product\/836","targetHints":{"allow":["GET"]}}],"collection":[{"href":"https:\/\/hydrastoretcg.cl\/index.php?rest_route=\/wp\/v2\/product"}],"about":[{"href":"https:\/\/hydrastoretcg.cl\/index.php?rest_route=\/wp\/v2\/types\/product"}],"wp:featuredmedia":[{"embeddable":true,"href":"https:\/\/hydrastoretcg.cl\/index.php?rest_route=\/wp\/v2\/media\/837"}],"wp:attachment":[{"href":"https:\/\/hydrastoretcg.cl\/index.php?rest_route=%2Fwp%2Fv2%2Fmedia&parent=836"}],"wp:term":[{"taxonomy":"product_brand","embeddable":true,"href":"https:\/\/hydrastoretcg.cl\/index.php?rest_route=%2Fwp%2Fv2%2Fproduct_brand&post=836"},{"taxonomy":"product_cat","embeddable":true,"href":"https:\/\/hydrastoretcg.cl\/index.php?rest_route=%2Fwp%2Fv2%2Fproduct_cat&post=836"},{"taxonomy":"product_tag","embeddable":true,"href":"https:\/\/hydrastoretcg.cl\/index.php?rest_route=%2Fwp%2Fv2%2Fproduct_tag&post=836"}],"curies":[{"name":"wp","href":"https:\/\/api.w.org\/{rel}","templated":true}]}}