{"id":832,"date":"2025-10-27T20:42:20","date_gmt":"2025-10-27T23:42:20","guid":{"rendered":"https:\/\/hydrastoretcg.cl\/?post_type=product&#038;p=832"},"modified":"2025-12-30T19:49:52","modified_gmt":"2025-12-30T22:49:52","slug":"protetectorestop-deck-premium-small-100","status":"publish","type":"product","link":"https:\/\/hydrastoretcg.cl\/?product=protetectorestop-deck-premium-small-100","title":{"rendered":"Protetectores Top Deck Premium Small 100"},"content":{"rendered":"<p>Protege tus cartas al m\u00e1ximo con estos sleevers dise\u00f1ados para combinar m\u00e1xima protecci\u00f3n con un baraje perfecto. Estas fundas est\u00e1n hechas para tama\u00f1o small para mejorar el ajuste en tus cartas. Cuentan con un back texturizado mate para garantizar un barajado suave. El pack incluye 100 unidades de fundas.<\/p>\n<p>Compatible con Mitos y Leyendas y Yu Gi Oh!<\/p>\n","protected":false},"excerpt":{"rendered":"<p>Protege tus cartas al m\u00e1ximo con estos sleevers dise\u00f1ados para combinar m\u00e1xima protecci\u00f3n con un baraje perfecto. Estas fundas est\u00e1n hechas para tama\u00f1o small para mejorar el ajuste en tus cartas. Cuentan con un back texturizado mate para garantizar un barajado suave. El pack incluye 100 unidades de fundas. Compatible con Mitos y Leyendas y [&hellip;]<\/p>\n","protected":false},"featured_media":833,"template":"","meta":[],"product_brand":[39],"product_cat":[30,32],"product_tag":[46,44,45],"class_list":{"0":"post-832","1":"product","2":"type-product","3":"status-publish","4":"has-post-thumbnail","6":"product_brand-top-deck","7":"product_cat-accesorios","8":"product_cat-protectores","9":"product_tag-fundas","10":"product_tag-protectores","11":"product_tag-sleevers","13":"first","14":"outofstock","15":"taxable","16":"shipping-taxable","17":"purchasable","18":"product-type-simple"},"jetpack_sharing_enabled":true,"_links":{"self":[{"href":"https:\/\/hydrastoretcg.cl\/index.php?rest_route=\/wp\/v2\/product\/832","targetHints":{"allow":["GET"]}}],"collection":[{"href":"https:\/\/hydrastoretcg.cl\/index.php?rest_route=\/wp\/v2\/product"}],"about":[{"href":"https:\/\/hydrastoretcg.cl\/index.php?rest_route=\/wp\/v2\/types\/product"}],"wp:featuredmedia":[{"embeddable":true,"href":"https:\/\/hydrastoretcg.cl\/index.php?rest_route=\/wp\/v2\/media\/833"}],"wp:attachment":[{"href":"https:\/\/hydrastoretcg.cl\/index.php?rest_route=%2Fwp%2Fv2%2Fmedia&parent=832"}],"wp:term":[{"taxonomy":"product_brand","embeddable":true,"href":"https:\/\/hydrastoretcg.cl\/index.php?rest_route=%2Fwp%2Fv2%2Fproduct_brand&post=832"},{"taxonomy":"product_cat","embeddable":true,"href":"https:\/\/hydrastoretcg.cl\/index.php?rest_route=%2Fwp%2Fv2%2Fproduct_cat&post=832"},{"taxonomy":"product_tag","embeddable":true,"href":"https:\/\/hydrastoretcg.cl\/index.php?rest_route=%2Fwp%2Fv2%2Fproduct_tag&post=832"}],"curies":[{"name":"wp","href":"https:\/\/api.w.org\/{rel}","templated":true}]}}