{"id":830,"date":"2025-10-27T20:36:57","date_gmt":"2025-10-27T23:36:57","guid":{"rendered":"https:\/\/hydrastoretcg.cl\/?post_type=product&#038;p=830"},"modified":"2025-12-30T19:49:52","modified_gmt":"2025-12-30T22:49:52","slug":"protectores-top-deck-premium-standard-100","status":"publish","type":"product","link":"https:\/\/hydrastoretcg.cl\/?product=protectores-top-deck-premium-standard-100","title":{"rendered":"Protectores Top Deck Premium Standard 100"},"content":{"rendered":"<p>Protege tus cartas al m\u00e1ximo con estos sleevers dise\u00f1ados para combinar m\u00e1xima protecci\u00f3n con un baraje perfecto. Estas fundas est\u00e1n hechas para tama\u00f1o standard que permiten en algunos formatos a\u00f1adir incluso una capa anterior de protecci\u00f3n. Cuentan con un back texturizado mate para garantizar un barajado suave. El pack incluye 100 unidades de fundas.<\/p>\n<p>Compatible con los principales TCG: Pok\u00e9mon, Magic The Gathering, Mitos y Leyendas, One Piece, Yu Gi Oh! y m\u00e1s.<\/p>\n","protected":false},"excerpt":{"rendered":"<p>Protege tus cartas al m\u00e1ximo con estos sleevers dise\u00f1ados para combinar m\u00e1xima protecci\u00f3n con un baraje perfecto. Estas fundas est\u00e1n hechas para tama\u00f1o standard que permiten en algunos formatos a\u00f1adir incluso una capa anterior de protecci\u00f3n. Cuentan con un back texturizado mate para garantizar un barajado suave. El pack incluye 100 unidades de fundas. Compatible [&hellip;]<\/p>\n","protected":false},"featured_media":831,"template":"","meta":[],"product_brand":[39],"product_cat":[30,32],"product_tag":[46,44,45],"class_list":{"0":"post-830","1":"product","2":"type-product","3":"status-publish","4":"has-post-thumbnail","6":"product_brand-top-deck","7":"product_cat-accesorios","8":"product_cat-protectores","9":"product_tag-fundas","10":"product_tag-protectores","11":"product_tag-sleevers","13":"first","14":"outofstock","15":"taxable","16":"shipping-taxable","17":"purchasable","18":"product-type-simple"},"jetpack_sharing_enabled":true,"_links":{"self":[{"href":"https:\/\/hydrastoretcg.cl\/index.php?rest_route=\/wp\/v2\/product\/830","targetHints":{"allow":["GET"]}}],"collection":[{"href":"https:\/\/hydrastoretcg.cl\/index.php?rest_route=\/wp\/v2\/product"}],"about":[{"href":"https:\/\/hydrastoretcg.cl\/index.php?rest_route=\/wp\/v2\/types\/product"}],"wp:featuredmedia":[{"embeddable":true,"href":"https:\/\/hydrastoretcg.cl\/index.php?rest_route=\/wp\/v2\/media\/831"}],"wp:attachment":[{"href":"https:\/\/hydrastoretcg.cl\/index.php?rest_route=%2Fwp%2Fv2%2Fmedia&parent=830"}],"wp:term":[{"taxonomy":"product_brand","embeddable":true,"href":"https:\/\/hydrastoretcg.cl\/index.php?rest_route=%2Fwp%2Fv2%2Fproduct_brand&post=830"},{"taxonomy":"product_cat","embeddable":true,"href":"https:\/\/hydrastoretcg.cl\/index.php?rest_route=%2Fwp%2Fv2%2Fproduct_cat&post=830"},{"taxonomy":"product_tag","embeddable":true,"href":"https:\/\/hydrastoretcg.cl\/index.php?rest_route=%2Fwp%2Fv2%2Fproduct_tag&post=830"}],"curies":[{"name":"wp","href":"https:\/\/api.w.org\/{rel}","templated":true}]}}