{"id":822,"date":"2025-10-27T20:05:27","date_gmt":"2025-10-27T23:05:27","guid":{"rendered":"https:\/\/hydrastoretcg.cl\/?post_type=product&#038;p=822"},"modified":"2026-02-23T17:51:50","modified_gmt":"2026-02-23T20:51:50","slug":"portamazo-xl-120","status":"publish","type":"product","link":"https:\/\/hydrastoretcg.cl\/?product=portamazo-xl-120","title":{"rendered":"Portamazo XL 120"},"content":{"rendered":"<p>Un deckbox simple, pero firme y resistente para mover tus mazos de la forma m\u00e1s segura. Hecho con pl\u00e1stico libre de \u00e1cido tiene un soporte real que evita que tus cartas se doblen. Tiene capacidad para 120 cartas con sus protectores y trae consigo un \u00fatil separador de cartas.<\/p>\n<p>Compatible con los principales TCG: Pok\u00e9mon, Magic The Gathering, Mitos y Leyendas, One Piece, Yu Gi Oh! y m\u00e1s.<\/p>\n","protected":false},"excerpt":{"rendered":"<p>Un deckbox simple, pero firme y resistente para mover tus mazos de la forma m\u00e1s segura. Hecho con pl\u00e1stico libre de \u00e1cido tiene un soporte real que evita que tus cartas se doblen. Tiene capacidad para 120 cartas con sus protectores y trae consigo un \u00fatil separador de cartas. Compatible con los principales TCG: Pok\u00e9mon, [&hellip;]<\/p>\n","protected":false},"featured_media":823,"template":"","meta":[],"product_brand":[39],"product_cat":[30,34],"product_tag":[40,41],"class_list":{"0":"post-822","1":"product","2":"type-product","3":"status-publish","4":"has-post-thumbnail","6":"product_brand-top-deck","7":"product_cat-accesorios","8":"product_cat-deckbox","9":"product_tag-deckbox","10":"product_tag-portamazo","12":"first","13":"outofstock","14":"taxable","15":"shipping-taxable","16":"purchasable","17":"product-type-simple"},"jetpack_sharing_enabled":true,"_links":{"self":[{"href":"https:\/\/hydrastoretcg.cl\/index.php?rest_route=\/wp\/v2\/product\/822","targetHints":{"allow":["GET"]}}],"collection":[{"href":"https:\/\/hydrastoretcg.cl\/index.php?rest_route=\/wp\/v2\/product"}],"about":[{"href":"https:\/\/hydrastoretcg.cl\/index.php?rest_route=\/wp\/v2\/types\/product"}],"wp:featuredmedia":[{"embeddable":true,"href":"https:\/\/hydrastoretcg.cl\/index.php?rest_route=\/wp\/v2\/media\/823"}],"wp:attachment":[{"href":"https:\/\/hydrastoretcg.cl\/index.php?rest_route=%2Fwp%2Fv2%2Fmedia&parent=822"}],"wp:term":[{"taxonomy":"product_brand","embeddable":true,"href":"https:\/\/hydrastoretcg.cl\/index.php?rest_route=%2Fwp%2Fv2%2Fproduct_brand&post=822"},{"taxonomy":"product_cat","embeddable":true,"href":"https:\/\/hydrastoretcg.cl\/index.php?rest_route=%2Fwp%2Fv2%2Fproduct_cat&post=822"},{"taxonomy":"product_tag","embeddable":true,"href":"https:\/\/hydrastoretcg.cl\/index.php?rest_route=%2Fwp%2Fv2%2Fproduct_tag&post=822"}],"curies":[{"name":"wp","href":"https:\/\/api.w.org\/{rel}","templated":true}]}}