{"id":816,"date":"2025-10-27T19:45:19","date_gmt":"2025-10-27T22:45:19","guid":{"rendered":"https:\/\/hydrastoretcg.cl\/?post_type=product&#038;p=816"},"modified":"2026-02-23T17:51:39","modified_gmt":"2026-02-23T20:51:39","slug":"portamazo-premium-top-box-400","status":"publish","type":"product","link":"https:\/\/hydrastoretcg.cl\/?product=portamazo-premium-top-box-400","title":{"rendered":"Portamazo Premium Top Box 400"},"content":{"rendered":"<p>Exclusivo para fan\u00e1ticos del TCG. Este Deckbox de alta capacidad tiene espacio para llevar hasta 400 cartas con sus protectores en perfecto orden. Hecho de eco-cuero exterior con terminaciones premium y un interior de tela para cuidar tus decks y hacer m\u00e1s f\u00e1cil el sacarlos.<\/p>\n<p>Compatible con los principales TCG: Pok\u00e9mon, Magic The Gathering, Mitos y Leyendas, One Piece, Yu Gi Oh! y m\u00e1s.<\/p>\n","protected":false},"excerpt":{"rendered":"<p>Exclusivo para fan\u00e1ticos del TCG. Este Deckbox de alta capacidad tiene espacio para llevar hasta 400 cartas con sus protectores en perfecto orden. Hecho de eco-cuero exterior con terminaciones premium y un interior de tela para cuidar tus decks y hacer m\u00e1s f\u00e1cil el sacarlos. Compatible con los principales TCG: Pok\u00e9mon, Magic The Gathering, Mitos [&hellip;]<\/p>\n","protected":false},"featured_media":817,"template":"","meta":[],"product_brand":[39],"product_cat":[30,34],"product_tag":[40,41],"class_list":{"0":"post-816","1":"product","2":"type-product","3":"status-publish","4":"has-post-thumbnail","6":"product_brand-top-deck","7":"product_cat-accesorios","8":"product_cat-deckbox","9":"product_tag-deckbox","10":"product_tag-portamazo","12":"first","13":"outofstock","14":"taxable","15":"shipping-taxable","16":"purchasable","17":"product-type-simple"},"jetpack_sharing_enabled":true,"_links":{"self":[{"href":"https:\/\/hydrastoretcg.cl\/index.php?rest_route=\/wp\/v2\/product\/816","targetHints":{"allow":["GET"]}}],"collection":[{"href":"https:\/\/hydrastoretcg.cl\/index.php?rest_route=\/wp\/v2\/product"}],"about":[{"href":"https:\/\/hydrastoretcg.cl\/index.php?rest_route=\/wp\/v2\/types\/product"}],"wp:featuredmedia":[{"embeddable":true,"href":"https:\/\/hydrastoretcg.cl\/index.php?rest_route=\/wp\/v2\/media\/817"}],"wp:attachment":[{"href":"https:\/\/hydrastoretcg.cl\/index.php?rest_route=%2Fwp%2Fv2%2Fmedia&parent=816"}],"wp:term":[{"taxonomy":"product_brand","embeddable":true,"href":"https:\/\/hydrastoretcg.cl\/index.php?rest_route=%2Fwp%2Fv2%2Fproduct_brand&post=816"},{"taxonomy":"product_cat","embeddable":true,"href":"https:\/\/hydrastoretcg.cl\/index.php?rest_route=%2Fwp%2Fv2%2Fproduct_cat&post=816"},{"taxonomy":"product_tag","embeddable":true,"href":"https:\/\/hydrastoretcg.cl\/index.php?rest_route=%2Fwp%2Fv2%2Fproduct_tag&post=816"}],"curies":[{"name":"wp","href":"https:\/\/api.w.org\/{rel}","templated":true}]}}