{"id":806,"date":"2025-10-27T19:24:23","date_gmt":"2025-10-27T22:24:23","guid":{"rendered":"https:\/\/hydrastoretcg.cl\/?post_type=product&#038;p=806"},"modified":"2026-02-13T01:07:19","modified_gmt":"2026-02-13T04:07:19","slug":"portamazo-dice-top-box","status":"publish","type":"product","link":"https:\/\/hydrastoretcg.cl\/?product=portamazo-dice-top-box","title":{"rendered":"Portamazo Magnetic Dice Top Box"},"content":{"rendered":"<p>Mant\u00e9n tus cartas totalmente protegidas con un deckbox premium con capacidad para 100 cartas con protectores. Su exterior est\u00e1 hecho de eco-cuero con apariencia elegante y un interior terminado en suave tela que hace que guardar y sacar tu mazo sea mucho m\u00e1s simple. Adem\u00e1s, cuenta con un compartimiento para dados con un acceso simple y suave que permite mantener tu equipaci\u00f3n a mano mientras vas jugando.<\/p>\n<p>Su apertura es magn\u00e9tica, lo que permite abrirlo con gran facilidad y que no se de vuelta cuando est\u00e9 en tu mochila. Adem\u00e1s su tapa se posiciona f\u00e1cilmente en la parte inferior para mantenerlo abierto mientras juegas.<\/p>\n<p>Compatible con los principales TCG: Pok\u00e9mon, Magic The Gathering, Mitos y Leyendas, One Piece, Yu Gi Oh! y m\u00e1s.<\/p>\n","protected":false},"excerpt":{"rendered":"<p>Mant\u00e9n tus cartas totalmente protegidas con un deckbox premium con capacidad para 100 cartas con protectores. Su exterior est\u00e1 hecho de eco-cuero con apariencia elegante y un interior terminado en suave tela que hace que guardar y sacar tu mazo sea mucho m\u00e1s simple. Adem\u00e1s, cuenta con un compartimiento para dados con un acceso simple [&hellip;]<\/p>\n","protected":false},"featured_media":814,"template":"","meta":[],"product_brand":[39],"product_cat":[30,34],"product_tag":[40,42],"class_list":{"0":"post-806","1":"product","2":"type-product","3":"status-publish","4":"has-post-thumbnail","6":"product_brand-top-deck","7":"product_cat-accesorios","8":"product_cat-deckbox","9":"product_tag-deckbox","10":"product_tag-portamazos","12":"first","13":"outofstock","14":"taxable","15":"shipping-taxable","16":"purchasable","17":"product-type-simple"},"jetpack_sharing_enabled":true,"_links":{"self":[{"href":"https:\/\/hydrastoretcg.cl\/index.php?rest_route=\/wp\/v2\/product\/806","targetHints":{"allow":["GET"]}}],"collection":[{"href":"https:\/\/hydrastoretcg.cl\/index.php?rest_route=\/wp\/v2\/product"}],"about":[{"href":"https:\/\/hydrastoretcg.cl\/index.php?rest_route=\/wp\/v2\/types\/product"}],"wp:featuredmedia":[{"embeddable":true,"href":"https:\/\/hydrastoretcg.cl\/index.php?rest_route=\/wp\/v2\/media\/814"}],"wp:attachment":[{"href":"https:\/\/hydrastoretcg.cl\/index.php?rest_route=%2Fwp%2Fv2%2Fmedia&parent=806"}],"wp:term":[{"taxonomy":"product_brand","embeddable":true,"href":"https:\/\/hydrastoretcg.cl\/index.php?rest_route=%2Fwp%2Fv2%2Fproduct_brand&post=806"},{"taxonomy":"product_cat","embeddable":true,"href":"https:\/\/hydrastoretcg.cl\/index.php?rest_route=%2Fwp%2Fv2%2Fproduct_cat&post=806"},{"taxonomy":"product_tag","embeddable":true,"href":"https:\/\/hydrastoretcg.cl\/index.php?rest_route=%2Fwp%2Fv2%2Fproduct_tag&post=806"}],"curies":[{"name":"wp","href":"https:\/\/api.w.org\/{rel}","templated":true}]}}