{"id":1824,"date":"2026-01-05T18:03:44","date_gmt":"2026-01-05T21:03:44","guid":{"rendered":"https:\/\/hydrastoretcg.cl\/?post_type=product&#038;p=1824"},"modified":"2026-04-01T22:31:57","modified_gmt":"2026-04-02T01:31:57","slug":"lorwyn-eclipsed-draft-night","status":"publish","type":"product","link":"https:\/\/hydrastoretcg.cl\/?product=lorwyn-eclipsed-draft-night","title":{"rendered":"Lorwyn Eclipsed &#8211; Draft Night (Ingl\u00e9s)"},"content":{"rendered":"<p>\u00a1Monta una fiesta de draft con esta caja! Draft Night es un kit completo para organizar una sesi\u00f3n de Draft de dos en dos para cuatro jugadores. Esta modalidad invita a hacer drafts r\u00e1pidos y \u00e1giles que son geniales para jugar en casa o a\u00f1adirles una pizca de variedad a las noches de juegos. Adem\u00e1s, quien gane podr\u00e1 coronarse con el sobre de coleccionista que incluye de <em>Lorwyn Eclipsed<\/em> (o puedes qued\u00e1rtelo t\u00fa, no vamos a juzgarte por ello).<\/p>\n<p><strong><br \/>\nContenido clave de los productos<\/strong><\/p>\n<ul>\n<li>12 <em data-start=\"613\" data-end=\"627\">Play Booster<\/em>\u00a0de\u00a0<em data-start=\"631\" data-end=\"648\">Lorwyn Eclipsed<\/em><\/li>\n<li>1 <em data-start=\"613\" data-end=\"627\">Collector Booster<\/em>\u00a0de\u00a0<em data-start=\"631\" data-end=\"648\">Lorwyn Eclipsed<\/em><\/li>\n<li>90 tierras b\u00e1sicas de <em data-start=\"631\" data-end=\"648\">Lorwyn Eclipsed<\/em><\/li>\n<\/ul>\n<p>Como funciona:<\/p>\n<ul>\n<li><strong>Draft<\/strong>: inicia con tres <em data-start=\"613\" data-end=\"627\">Play Booster<\/em>. Abre el primero, elige dos cartas y pasa. Repita con las cartas y <em data-start=\"613\" data-end=\"627\">Play Booster<\/em> restantes.<\/li>\n<li>Construcci\u00f3n del mazo:\u00a0construye un mazo de 40 cartas con tus selecciones, agregando cualquier n\u00famero de tierras b\u00e1sicas .<\/li>\n<\/ul>\n","protected":false},"excerpt":{"rendered":"<p>\u00a1Monta una fiesta de draft con esta caja! Draft Night es un kit completo para organizar una sesi\u00f3n de Draft de dos en dos para cuatro jugadores. Esta modalidad invita a hacer drafts r\u00e1pidos y \u00e1giles que son geniales para jugar en casa o a\u00f1adirles una pizca de variedad a las noches de juegos. Adem\u00e1s, [&hellip;]<\/p>\n","protected":false},"featured_media":1454,"template":"","meta":[],"product_brand":[47],"product_cat":[148,27,146,26],"product_tag":[],"class_list":{"0":"post-1824","1":"product","2":"type-product","3":"status-publish","4":"has-post-thumbnail","6":"product_brand-magic-the-gathering","7":"product_cat-le","8":"product_cat-magicthegathering","9":"product_cat-ofertas","10":"product_cat-tcg","12":"first","13":"instock","14":"sale","15":"taxable","16":"shipping-taxable","17":"purchasable","18":"product-type-simple"},"jetpack_sharing_enabled":true,"_links":{"self":[{"href":"https:\/\/hydrastoretcg.cl\/index.php?rest_route=\/wp\/v2\/product\/1824","targetHints":{"allow":["GET"]}}],"collection":[{"href":"https:\/\/hydrastoretcg.cl\/index.php?rest_route=\/wp\/v2\/product"}],"about":[{"href":"https:\/\/hydrastoretcg.cl\/index.php?rest_route=\/wp\/v2\/types\/product"}],"wp:featuredmedia":[{"embeddable":true,"href":"https:\/\/hydrastoretcg.cl\/index.php?rest_route=\/wp\/v2\/media\/1454"}],"wp:attachment":[{"href":"https:\/\/hydrastoretcg.cl\/index.php?rest_route=%2Fwp%2Fv2%2Fmedia&parent=1824"}],"wp:term":[{"taxonomy":"product_brand","embeddable":true,"href":"https:\/\/hydrastoretcg.cl\/index.php?rest_route=%2Fwp%2Fv2%2Fproduct_brand&post=1824"},{"taxonomy":"product_cat","embeddable":true,"href":"https:\/\/hydrastoretcg.cl\/index.php?rest_route=%2Fwp%2Fv2%2Fproduct_cat&post=1824"},{"taxonomy":"product_tag","embeddable":true,"href":"https:\/\/hydrastoretcg.cl\/index.php?rest_route=%2Fwp%2Fv2%2Fproduct_tag&post=1824"}],"curies":[{"name":"wp","href":"https:\/\/api.w.org\/{rel}","templated":true}]}}