{"id":1730,"date":"2026-03-23T00:00:16","date_gmt":"2026-03-23T03:00:16","guid":{"rendered":"https:\/\/hydrastoretcg.cl\/?post_type=product&#038;p=1730"},"modified":"2026-04-04T11:31:09","modified_gmt":"2026-04-04T14:31:09","slug":"elite-trainer-box-chaos-rising","status":"publish","type":"product","link":"https:\/\/hydrastoretcg.cl\/?product=elite-trainer-box-chaos-rising","title":{"rendered":"Pokemon TCG Chaos Rising Elite Trainer Box (ETB) Ingl\u00e9s"},"content":{"rendered":"<p data-start=\"257\" data-end=\"490\">Sum\u00e9rgete en la nueva expansi\u00f3n de <strong data-start=\"292\" data-end=\"333\"><span class=\"hover:entity-accent entity-underline inline cursor-pointer align-baseline\"><span class=\"whitespace-normal\">Pok\u00e9mon Trading Card Game<\/span><\/span><\/strong> con la <strong data-start=\"341\" data-end=\"378\">Elite Trainer Box de Chaos Rising<\/strong>, el producto ideal para jugadores y coleccionistas que buscan una experiencia completa desde el primer momento.<\/p>\n<p data-start=\"492\" data-end=\"660\">Esta caja re\u00fane sobres, accesorios premium y todo lo necesario para comenzar tu camino en la expansi\u00f3n, ya sea mejorando tu mazo o explorando las nuevas cartas del set.<\/p>\n<h2 data-section-id=\"4uxx8h\" data-start=\"662\" data-end=\"677\">\ud83d\udce6 Contenido<\/h2>\n<p data-start=\"678\" data-end=\"1002\">\u2022 9 sobres de Chaos Rising<br data-start=\"704\" data-end=\"707\" \/>\u2022 1 carta promo exclusiva<br data-start=\"732\" data-end=\"735\" \/>\u2022 65 fundas para cartas<br data-start=\"758\" data-end=\"761\" \/>\u2022 45 cartas de energ\u00eda<br data-start=\"783\" data-end=\"786\" \/>\u2022 6 dados contadores de da\u00f1o<br data-start=\"814\" data-end=\"817\" \/>\u2022 1 dado de lanzamiento de moneda<br data-start=\"850\" data-end=\"853\" \/>\u2022 2 marcadores de condici\u00f3n<br data-start=\"880\" data-end=\"883\" \/>\u2022 1 caja de colecci\u00f3n con separadores<br data-start=\"920\" data-end=\"923\" \/>\u2022 1 gu\u00eda del jugador de la expansi\u00f3n<br data-start=\"959\" data-end=\"962\" \/>\u2022 1 carta con c\u00f3digo para juego online<\/p>\n<h2 data-section-id=\"ge8muj\" data-start=\"1004\" data-end=\"1021\">\ud83c\udfaf Ideal para:<\/h2>\n<p data-start=\"1022\" data-end=\"1119\">\u2022 Jugadores que quieren entrar al set<br data-start=\"1059\" data-end=\"1062\" \/>\u2022 Regalos y coleccionistas<br data-start=\"1088\" data-end=\"1091\" \/>\u2022 Mejorar mazos con estilo<\/p>\n<h2 data-start=\"1022\" data-end=\"1119\"><span class=\"x1rg5ohu x16dsc37 x19la9d6 x1fc57z9 x6ikm8r x10wlt62 x19co3pv x11tp94h xw4jnvo x1qx5ct2 xfibh0p xiy17q3 x1xsqp64 x1lkfr7t xexx8yu xyri2b x18d9i69 x1c1uobl\"><span class=\"xrtxmta x1bhl96m\">\ud83d\uddd3\ufe0f Lanzamiento 22 de mayo de 2026<\/span><\/span><\/h2>\n","protected":false},"excerpt":{"rendered":"<p>Sum\u00e9rgete en la nueva expansi\u00f3n de Pok\u00e9mon Trading Card Game con la Elite Trainer Box de Chaos Rising, el producto ideal para jugadores y coleccionistas que buscan una experiencia completa desde el primer momento. Esta caja re\u00fane sobres, accesorios premium y todo lo necesario para comenzar tu camino en la expansi\u00f3n, ya sea mejorando tu [&hellip;]<\/p>\n","protected":false},"featured_media":1751,"template":"","meta":[],"product_brand":[52],"product_cat":[161,146,28,35,26],"product_tag":[],"class_list":{"0":"post-1730","1":"product","2":"type-product","3":"status-publish","4":"has-post-thumbnail","6":"product_brand-pokemon-tcg","7":"product_cat-megaevolution-chaos-rising","8":"product_cat-ofertas","9":"product_cat-pokemon","10":"product_cat-preventas","11":"product_cat-tcg","13":"first","14":"instock","15":"sale","16":"taxable","17":"shipping-taxable","18":"purchasable","19":"product-type-simple"},"jetpack_sharing_enabled":true,"_links":{"self":[{"href":"https:\/\/hydrastoretcg.cl\/index.php?rest_route=\/wp\/v2\/product\/1730","targetHints":{"allow":["GET"]}}],"collection":[{"href":"https:\/\/hydrastoretcg.cl\/index.php?rest_route=\/wp\/v2\/product"}],"about":[{"href":"https:\/\/hydrastoretcg.cl\/index.php?rest_route=\/wp\/v2\/types\/product"}],"wp:featuredmedia":[{"embeddable":true,"href":"https:\/\/hydrastoretcg.cl\/index.php?rest_route=\/wp\/v2\/media\/1751"}],"wp:attachment":[{"href":"https:\/\/hydrastoretcg.cl\/index.php?rest_route=%2Fwp%2Fv2%2Fmedia&parent=1730"}],"wp:term":[{"taxonomy":"product_brand","embeddable":true,"href":"https:\/\/hydrastoretcg.cl\/index.php?rest_route=%2Fwp%2Fv2%2Fproduct_brand&post=1730"},{"taxonomy":"product_cat","embeddable":true,"href":"https:\/\/hydrastoretcg.cl\/index.php?rest_route=%2Fwp%2Fv2%2Fproduct_cat&post=1730"},{"taxonomy":"product_tag","embeddable":true,"href":"https:\/\/hydrastoretcg.cl\/index.php?rest_route=%2Fwp%2Fv2%2Fproduct_tag&post=1730"}],"curies":[{"name":"wp","href":"https:\/\/api.w.org\/{rel}","templated":true}]}}