{"id":1710,"date":"2026-03-16T14:00:31","date_gmt":"2026-03-16T17:00:31","guid":{"rendered":"https:\/\/hydrastoretcg.cl\/?post_type=product&#038;p=1710"},"modified":"2026-04-01T21:43:58","modified_gmt":"2026-04-02T00:43:58","slug":"mini-portfolio-q1-2026","status":"publish","type":"product","link":"https:\/\/hydrastoretcg.cl\/?product=mini-portfolio-q1-2026","title":{"rendered":"Mini Portfolio (Q1 2026)"},"content":{"rendered":"<p data-start=\"3169\" data-end=\"3286\">El <strong data-start=\"3172\" data-end=\"3205\">Mini Portfolio de Pok\u00e9mon TCG<\/strong> es una forma pr\u00e1ctica y compacta de comenzar a organizar tu colecci\u00f3n de cartas.<\/p>\n<p data-start=\"3288\" data-end=\"3446\">Incluye un peque\u00f1o \u00e1lbum con ilustraciones de Pok\u00e9mon donde podr\u00e1s guardar tus cartas favoritas, adem\u00e1s de un sobre de Pok\u00e9mon TCG para comenzar tu colecci\u00f3n.<\/p>\n<p data-start=\"3448\" data-end=\"3553\">Es un producto ideal para nuevos coleccionistas o para quienes quieren llevar sus cartas de forma segura.<\/p>\n<h3 data-section-id=\"6vd6sw\" data-start=\"3555\" data-end=\"3581\">Contenido del producto<\/h3>\n<p data-start=\"3582\" data-end=\"3651\">\u2022 1 mini portfolio para guardar cartas<br data-start=\"3620\" data-end=\"3623\" \/>\u2022 1 sobre de <strong data-start=\"3636\" data-end=\"3651\">Pok\u00e9mon TCG<\/strong><\/p>\n","protected":false},"excerpt":{"rendered":"<p>El Mini Portfolio de Pok\u00e9mon TCG es una forma pr\u00e1ctica y compacta de comenzar a organizar tu colecci\u00f3n de cartas. Incluye un peque\u00f1o \u00e1lbum con ilustraciones de Pok\u00e9mon donde podr\u00e1s guardar tus cartas favoritas, adem\u00e1s de un sobre de Pok\u00e9mon TCG para comenzar tu colecci\u00f3n. Es un producto ideal para nuevos coleccionistas o para quienes [&hellip;]<\/p>\n","protected":false},"featured_media":1704,"template":"","meta":[],"product_brand":[52],"product_cat":[162,28,26],"product_tag":[],"class_list":{"0":"post-1710","1":"product","2":"type-product","3":"status-publish","4":"has-post-thumbnail","6":"product_brand-pokemon-tcg","7":"product_cat-megaevolution-perfect-order","8":"product_cat-pokemon","9":"product_cat-tcg","11":"first","12":"instock","13":"taxable","14":"shipping-taxable","15":"purchasable","16":"product-type-simple"},"jetpack_sharing_enabled":true,"_links":{"self":[{"href":"https:\/\/hydrastoretcg.cl\/index.php?rest_route=\/wp\/v2\/product\/1710","targetHints":{"allow":["GET"]}}],"collection":[{"href":"https:\/\/hydrastoretcg.cl\/index.php?rest_route=\/wp\/v2\/product"}],"about":[{"href":"https:\/\/hydrastoretcg.cl\/index.php?rest_route=\/wp\/v2\/types\/product"}],"wp:featuredmedia":[{"embeddable":true,"href":"https:\/\/hydrastoretcg.cl\/index.php?rest_route=\/wp\/v2\/media\/1704"}],"wp:attachment":[{"href":"https:\/\/hydrastoretcg.cl\/index.php?rest_route=%2Fwp%2Fv2%2Fmedia&parent=1710"}],"wp:term":[{"taxonomy":"product_brand","embeddable":true,"href":"https:\/\/hydrastoretcg.cl\/index.php?rest_route=%2Fwp%2Fv2%2Fproduct_brand&post=1710"},{"taxonomy":"product_cat","embeddable":true,"href":"https:\/\/hydrastoretcg.cl\/index.php?rest_route=%2Fwp%2Fv2%2Fproduct_cat&post=1710"},{"taxonomy":"product_tag","embeddable":true,"href":"https:\/\/hydrastoretcg.cl\/index.php?rest_route=%2Fwp%2Fv2%2Fproduct_tag&post=1710"}],"curies":[{"name":"wp","href":"https:\/\/api.w.org\/{rel}","templated":true}]}}