{"id":1708,"date":"2026-03-16T14:00:36","date_gmt":"2026-03-16T17:00:36","guid":{"rendered":"https:\/\/hydrastoretcg.cl\/?post_type=product&#038;p=1708"},"modified":"2026-04-01T21:40:46","modified_gmt":"2026-04-02T00:40:46","slug":"booster-bundle-perfect-order","status":"publish","type":"product","link":"https:\/\/hydrastoretcg.cl\/?product=booster-bundle-perfect-order","title":{"rendered":"Booster Bundle \u2013 Perfect Order"},"content":{"rendered":"<p data-start=\"2109\" data-end=\"2282\">El <strong data-start=\"2112\" data-end=\"2147\">Booster Bundle de Perfect Order<\/strong> es una excelente opci\u00f3n para entrenadores que quieren abrir varios sobres de la expansi\u00f3n sin necesidad de adquirir una caja completa.<\/p>\n<p data-start=\"2284\" data-end=\"2460\">Este producto ofrece una forma accesible de expandir tu colecci\u00f3n y buscar las cartas m\u00e1s poderosas de <strong data-start=\"2387\" data-end=\"2404\">Perfect Order<\/strong>, incluyendo nuevas cartas de la era de Mega Evolutions.<\/p>\n<p data-start=\"2462\" data-end=\"2562\">Ideal para jugadores que quieren reforzar su deck o para coleccionistas que buscan completar el set.<\/p>\n<h3 data-section-id=\"6vd6sw\" data-start=\"2564\" data-end=\"2590\">Contenido del producto<\/h3>\n<p data-start=\"2591\" data-end=\"2635\">\u2022 6 sobres de <strong data-start=\"2605\" data-end=\"2635\">Pok\u00e9mon TCG: Perfect Order<\/strong><\/p>\n","protected":false},"excerpt":{"rendered":"<p>El Booster Bundle de Perfect Order es una excelente opci\u00f3n para entrenadores que quieren abrir varios sobres de la expansi\u00f3n sin necesidad de adquirir una caja completa. Este producto ofrece una forma accesible de expandir tu colecci\u00f3n y buscar las cartas m\u00e1s poderosas de Perfect Order, incluyendo nuevas cartas de la era de Mega Evolutions. [&hellip;]<\/p>\n","protected":false},"featured_media":1705,"template":"","meta":[],"product_brand":[52],"product_cat":[162,28,26],"product_tag":[],"class_list":{"0":"post-1708","1":"product","2":"type-product","3":"status-publish","4":"has-post-thumbnail","6":"product_brand-pokemon-tcg","7":"product_cat-megaevolution-perfect-order","8":"product_cat-pokemon","9":"product_cat-tcg","11":"first","12":"outofstock","13":"taxable","14":"shipping-taxable","15":"purchasable","16":"product-type-simple"},"jetpack_sharing_enabled":true,"_links":{"self":[{"href":"https:\/\/hydrastoretcg.cl\/index.php?rest_route=\/wp\/v2\/product\/1708","targetHints":{"allow":["GET"]}}],"collection":[{"href":"https:\/\/hydrastoretcg.cl\/index.php?rest_route=\/wp\/v2\/product"}],"about":[{"href":"https:\/\/hydrastoretcg.cl\/index.php?rest_route=\/wp\/v2\/types\/product"}],"wp:featuredmedia":[{"embeddable":true,"href":"https:\/\/hydrastoretcg.cl\/index.php?rest_route=\/wp\/v2\/media\/1705"}],"wp:attachment":[{"href":"https:\/\/hydrastoretcg.cl\/index.php?rest_route=%2Fwp%2Fv2%2Fmedia&parent=1708"}],"wp:term":[{"taxonomy":"product_brand","embeddable":true,"href":"https:\/\/hydrastoretcg.cl\/index.php?rest_route=%2Fwp%2Fv2%2Fproduct_brand&post=1708"},{"taxonomy":"product_cat","embeddable":true,"href":"https:\/\/hydrastoretcg.cl\/index.php?rest_route=%2Fwp%2Fv2%2Fproduct_cat&post=1708"},{"taxonomy":"product_tag","embeddable":true,"href":"https:\/\/hydrastoretcg.cl\/index.php?rest_route=%2Fwp%2Fv2%2Fproduct_tag&post=1708"}],"curies":[{"name":"wp","href":"https:\/\/api.w.org\/{rel}","templated":true}]}}