{"id":1646,"date":"2026-03-02T14:59:06","date_gmt":"2026-03-02T17:59:06","guid":{"rendered":"https:\/\/hydrastoretcg.cl\/?post_type=product&#038;p=1646"},"modified":"2026-04-01T22:24:50","modified_gmt":"2026-04-02T01:24:50","slug":"preventa-secrets-of-strixhaven-bundle","status":"publish","type":"product","link":"https:\/\/hydrastoretcg.cl\/?product=preventa-secrets-of-strixhaven-bundle","title":{"rendered":"*Preventa* Secrets of Strixhaven \u2014 Bundle"},"content":{"rendered":"<p data-start=\"328\" data-end=\"713\">\u00a1Prep\u00e1rate para el regreso a la prestigiosa universidad de magia! Este <strong data-start=\"399\" data-end=\"409\">Bundle<\/strong> de <em data-start=\"413\" data-end=\"436\">Secrets of Strixhaven<\/em> es una excelente forma de comenzar tu aventura en la colecci\u00f3n. Incluye una selecci\u00f3n de <strong data-start=\"526\" data-end=\"543\">Play Boosters<\/strong>, cartas de tierra y accesorios tem\u00e1ticos que lo hacen ideal tanto para abrir y jugar como para expandir tu colecci\u00f3n con facilidad.<\/p>\n<p data-start=\"715\" data-end=\"753\"><strong data-start=\"715\" data-end=\"751\">Contenido est\u00e1ndar del producto:<\/strong><\/p>\n<ul data-start=\"754\" data-end=\"1032\">\n<li data-start=\"754\" data-end=\"798\">\n<p data-start=\"756\" data-end=\"798\">9 Play Boosters de Secrets of Strixhaven<\/p>\n<\/li>\n<li data-start=\"799\" data-end=\"838\">\n<p data-start=\"801\" data-end=\"838\">15 cartas b\u00e1sicas de tierra no foil<\/p>\n<\/li>\n<li data-start=\"839\" data-end=\"875\">\n<p data-start=\"841\" data-end=\"875\">15 cartas b\u00e1sicas de tierra foil<\/p>\n<\/li>\n<li data-start=\"876\" data-end=\"920\">\n<p data-start=\"878\" data-end=\"920\">1 carta promocional con arte alternativo<\/p>\n<\/li>\n<li data-start=\"921\" data-end=\"973\">\n<p data-start=\"923\" data-end=\"973\">1 contador de vidas Spindown de edici\u00f3n tem\u00e1tica<\/p>\n<\/li>\n<li data-start=\"974\" data-end=\"1032\">\n<p data-start=\"976\" data-end=\"1032\">Caja de almacenamiento tem\u00e1tica y cartas de referencia<\/p>\n<\/li>\n<\/ul>\n<p data-start=\"1034\" data-end=\"1192\">Este producto es perfecto para jugadores nuevos y veteranos que buscan cartas, recursos y accesorios en un solo paquete.<\/p>\n","protected":false},"excerpt":{"rendered":"<p>\u00a1Prep\u00e1rate para el regreso a la prestigiosa universidad de magia! Este Bundle de Secrets of Strixhaven es una excelente forma de comenzar tu aventura en la colecci\u00f3n. Incluye una selecci\u00f3n de Play Boosters, cartas de tierra y accesorios tem\u00e1ticos que lo hacen ideal tanto para abrir y jugar como para expandir tu colecci\u00f3n con facilidad. [&hellip;]<\/p>\n","protected":false},"featured_media":1645,"template":"","meta":[],"product_brand":[47],"product_cat":[27,146,35,147,26],"product_tag":[],"class_list":{"0":"post-1646","1":"product","2":"type-product","3":"status-publish","4":"has-post-thumbnail","6":"product_brand-magic-the-gathering","7":"product_cat-magicthegathering","8":"product_cat-ofertas","9":"product_cat-preventas","10":"product_cat-sos","11":"product_cat-tcg","13":"first","14":"instock","15":"sale","16":"taxable","17":"shipping-taxable","18":"purchasable","19":"product-type-simple"},"jetpack_sharing_enabled":true,"_links":{"self":[{"href":"https:\/\/hydrastoretcg.cl\/index.php?rest_route=\/wp\/v2\/product\/1646","targetHints":{"allow":["GET"]}}],"collection":[{"href":"https:\/\/hydrastoretcg.cl\/index.php?rest_route=\/wp\/v2\/product"}],"about":[{"href":"https:\/\/hydrastoretcg.cl\/index.php?rest_route=\/wp\/v2\/types\/product"}],"wp:featuredmedia":[{"embeddable":true,"href":"https:\/\/hydrastoretcg.cl\/index.php?rest_route=\/wp\/v2\/media\/1645"}],"wp:attachment":[{"href":"https:\/\/hydrastoretcg.cl\/index.php?rest_route=%2Fwp%2Fv2%2Fmedia&parent=1646"}],"wp:term":[{"taxonomy":"product_brand","embeddable":true,"href":"https:\/\/hydrastoretcg.cl\/index.php?rest_route=%2Fwp%2Fv2%2Fproduct_brand&post=1646"},{"taxonomy":"product_cat","embeddable":true,"href":"https:\/\/hydrastoretcg.cl\/index.php?rest_route=%2Fwp%2Fv2%2Fproduct_cat&post=1646"},{"taxonomy":"product_tag","embeddable":true,"href":"https:\/\/hydrastoretcg.cl\/index.php?rest_route=%2Fwp%2Fv2%2Fproduct_tag&post=1646"}],"curies":[{"name":"wp","href":"https:\/\/api.w.org\/{rel}","templated":true}]}}