{"id":1610,"date":"2026-02-25T18:55:39","date_gmt":"2026-02-25T21:55:39","guid":{"rendered":"https:\/\/hydrastoretcg.cl\/?post_type=product&#038;p=1610"},"modified":"2026-04-02T13:12:48","modified_gmt":"2026-04-02T16:12:48","slug":"toolkit-desafio-primer-bloque-2026","status":"publish","type":"product","link":"https:\/\/hydrastoretcg.cl\/?product=toolkit-desafio-primer-bloque-2026","title":{"rendered":"Toolkit Desafio &#8211; Primer Bloque 2026"},"content":{"rendered":"<p data-start=\"268\" data-end=\"452\">La nueva <strong data-start=\"277\" data-end=\"318\">Toolkit Desaf\u00edo 2026 de Primer Bloque<\/strong> llega para potenciar el formato Extendido con cartas clave, reworks estrat\u00e9gicos y nuevas incorporaciones que refrescan el metajuego.<\/p>\n<p data-start=\"454\" data-end=\"688\">Incluye una combinaci\u00f3n perfecta entre reimpresiones competitivas, cartas in\u00e9ditas y sobres de Dominios de Ra Aniversario, convirti\u00e9ndola en un producto ideal tanto para jugadores que buscan optimizar su mazo como para coleccionistas.<\/p>\n<h3 data-start=\"690\" data-end=\"704\">Contenido:<\/h3>\n<ul data-start=\"705\" data-end=\"892\">\n<li data-start=\"705\" data-end=\"754\">\n<p data-start=\"707\" data-end=\"754\">8 Cartas Reprint para Primer Bloque Extendido<\/p>\n<\/li>\n<li data-start=\"755\" data-end=\"803\">\n<p data-start=\"757\" data-end=\"803\">6 Cartas Nuevas para Primer Bloque Extendido<\/p>\n<\/li>\n<li data-start=\"804\" data-end=\"852\">\n<p data-start=\"806\" data-end=\"852\">2 Cartas Rework para Primer Bloque Extendido<\/p>\n<\/li>\n<li data-start=\"853\" data-end=\"892\">\n<p data-start=\"855\" data-end=\"892\">8 Sobres Dominios de Ra Aniversario<\/p>\n<\/li>\n<\/ul>\n<p data-start=\"894\" data-end=\"1051\">\u2728 <strong data-start=\"896\" data-end=\"928\">Posibilidad de carta secreta<\/strong> (1 de cada 2 Toolkit)<br data-start=\"950\" data-end=\"953\" \/>Las cartas Herrero y Nacimiento de Pegaso pueden aparecer en versi\u00f3n secreta negro\/dorado premium.<\/p>\n<p><strong>*Fecha de Lanzamiento: 27 de Marzo<\/strong><\/p>\n","protected":false},"excerpt":{"rendered":"<p>La nueva Toolkit Desaf\u00edo 2026 de Primer Bloque llega para potenciar el formato Extendido con cartas clave, reworks estrat\u00e9gicos y nuevas incorporaciones que refrescan el metajuego. Incluye una combinaci\u00f3n perfecta entre reimpresiones competitivas, cartas in\u00e9ditas y sobres de Dominios de Ra Aniversario, convirti\u00e9ndola en un producto ideal tanto para jugadores que buscan optimizar su mazo [&hellip;]<\/p>\n","protected":false},"featured_media":1629,"template":"","meta":[],"product_brand":[114],"product_cat":[29,160,26],"product_tag":[],"class_list":{"0":"post-1610","1":"product","2":"type-product","3":"status-publish","4":"has-post-thumbnail","6":"product_brand-mitos-y-leyendas","7":"product_cat-mitosyleyendas","8":"product_cat-primer-bloque","9":"product_cat-tcg","11":"first","12":"instock","13":"taxable","14":"shipping-taxable","15":"purchasable","16":"product-type-simple"},"jetpack_sharing_enabled":true,"_links":{"self":[{"href":"https:\/\/hydrastoretcg.cl\/index.php?rest_route=\/wp\/v2\/product\/1610","targetHints":{"allow":["GET"]}}],"collection":[{"href":"https:\/\/hydrastoretcg.cl\/index.php?rest_route=\/wp\/v2\/product"}],"about":[{"href":"https:\/\/hydrastoretcg.cl\/index.php?rest_route=\/wp\/v2\/types\/product"}],"wp:featuredmedia":[{"embeddable":true,"href":"https:\/\/hydrastoretcg.cl\/index.php?rest_route=\/wp\/v2\/media\/1629"}],"wp:attachment":[{"href":"https:\/\/hydrastoretcg.cl\/index.php?rest_route=%2Fwp%2Fv2%2Fmedia&parent=1610"}],"wp:term":[{"taxonomy":"product_brand","embeddable":true,"href":"https:\/\/hydrastoretcg.cl\/index.php?rest_route=%2Fwp%2Fv2%2Fproduct_brand&post=1610"},{"taxonomy":"product_cat","embeddable":true,"href":"https:\/\/hydrastoretcg.cl\/index.php?rest_route=%2Fwp%2Fv2%2Fproduct_cat&post=1610"},{"taxonomy":"product_tag","embeddable":true,"href":"https:\/\/hydrastoretcg.cl\/index.php?rest_route=%2Fwp%2Fv2%2Fproduct_tag&post=1610"}],"curies":[{"name":"wp","href":"https:\/\/api.w.org\/{rel}","templated":true}]}}