{"id":1608,"date":"2026-02-25T18:53:53","date_gmt":"2026-02-25T21:53:53","guid":{"rendered":"https:\/\/hydrastoretcg.cl\/?post_type=product&#038;p=1608"},"modified":"2026-04-02T13:12:48","modified_gmt":"2026-04-02T16:12:48","slug":"toolkit-amatista-primer-bloque-2026","status":"publish","type":"product","link":"https:\/\/hydrastoretcg.cl\/?product=toolkit-amatista-primer-bloque-2026","title":{"rendered":"Toolkit Amatista &#8211; Primer Bloque 2026"},"content":{"rendered":"<p data-start=\"1134\" data-end=\"1309\">La <strong data-start=\"1137\" data-end=\"1162\">Toolkit Amatista 2026<\/strong> ampl\u00eda las posibilidades estrat\u00e9gicas de Primer Bloque Extendido con nuevas herramientas, reworks y cartas competitivas que impactar\u00e1n el formato.<\/p>\n<p data-start=\"1311\" data-end=\"1432\">Un producto pensado para jugadores que buscan actualizar su colecci\u00f3n con cartas relevantes y alto potencial competitivo.<\/p>\n<h3 data-start=\"1434\" data-end=\"1448\">Contenido:<\/h3>\n<ul data-start=\"1449\" data-end=\"1636\">\n<li data-start=\"1449\" data-end=\"1498\">\n<p data-start=\"1451\" data-end=\"1498\">8 Cartas Reprint para Primer Bloque Extendido<\/p>\n<\/li>\n<li data-start=\"1499\" data-end=\"1547\">\n<p data-start=\"1501\" data-end=\"1547\">6 Cartas Nuevas para Primer Bloque Extendido<\/p>\n<\/li>\n<li data-start=\"1548\" data-end=\"1596\">\n<p data-start=\"1550\" data-end=\"1596\">2 Cartas Rework para Primer Bloque Extendido<\/p>\n<\/li>\n<li data-start=\"1597\" data-end=\"1636\">\n<p data-start=\"1599\" data-end=\"1636\">8 Sobres Dominios de Ra Aniversario<\/p>\n<\/li>\n<\/ul>\n<p data-start=\"1638\" data-end=\"1796\">\u2728 <strong data-start=\"1640\" data-end=\"1672\">Posibilidad de carta secreta<\/strong> (1 de cada 2 Toolkit)<br data-start=\"1694\" data-end=\"1697\" \/>Las cartas La Llama de Brigit y Abu Simbel pueden aparecer en versi\u00f3n secreta negro\/dorado premium.<\/p>\n<p><strong>*Fecha de Lanzamiento: 27 de Marzo<\/strong><\/p>\n","protected":false},"excerpt":{"rendered":"<p>La Toolkit Amatista 2026 ampl\u00eda las posibilidades estrat\u00e9gicas de Primer Bloque Extendido con nuevas herramientas, reworks y cartas competitivas que impactar\u00e1n el formato. Un producto pensado para jugadores que buscan actualizar su colecci\u00f3n con cartas relevantes y alto potencial competitivo. Contenido: 8 Cartas Reprint para Primer Bloque Extendido 6 Cartas Nuevas para Primer Bloque Extendido [&hellip;]<\/p>\n","protected":false},"featured_media":1630,"template":"","meta":[],"product_brand":[114],"product_cat":[29,160,26],"product_tag":[],"class_list":{"0":"post-1608","1":"product","2":"type-product","3":"status-publish","4":"has-post-thumbnail","6":"product_brand-mitos-y-leyendas","7":"product_cat-mitosyleyendas","8":"product_cat-primer-bloque","9":"product_cat-tcg","11":"first","12":"instock","13":"taxable","14":"shipping-taxable","15":"purchasable","16":"product-type-simple"},"jetpack_sharing_enabled":true,"_links":{"self":[{"href":"https:\/\/hydrastoretcg.cl\/index.php?rest_route=\/wp\/v2\/product\/1608","targetHints":{"allow":["GET"]}}],"collection":[{"href":"https:\/\/hydrastoretcg.cl\/index.php?rest_route=\/wp\/v2\/product"}],"about":[{"href":"https:\/\/hydrastoretcg.cl\/index.php?rest_route=\/wp\/v2\/types\/product"}],"wp:featuredmedia":[{"embeddable":true,"href":"https:\/\/hydrastoretcg.cl\/index.php?rest_route=\/wp\/v2\/media\/1630"}],"wp:attachment":[{"href":"https:\/\/hydrastoretcg.cl\/index.php?rest_route=%2Fwp%2Fv2%2Fmedia&parent=1608"}],"wp:term":[{"taxonomy":"product_brand","embeddable":true,"href":"https:\/\/hydrastoretcg.cl\/index.php?rest_route=%2Fwp%2Fv2%2Fproduct_brand&post=1608"},{"taxonomy":"product_cat","embeddable":true,"href":"https:\/\/hydrastoretcg.cl\/index.php?rest_route=%2Fwp%2Fv2%2Fproduct_cat&post=1608"},{"taxonomy":"product_tag","embeddable":true,"href":"https:\/\/hydrastoretcg.cl\/index.php?rest_route=%2Fwp%2Fv2%2Fproduct_tag&post=1608"}],"curies":[{"name":"wp","href":"https:\/\/api.w.org\/{rel}","templated":true}]}}