{"id":1541,"date":"2026-02-24T18:43:56","date_gmt":"2026-02-24T21:43:56","guid":{"rendered":"https:\/\/hydrastoretcg.cl\/?post_type=product&#038;p=1541"},"modified":"2026-04-02T17:34:33","modified_gmt":"2026-04-02T20:34:33","slug":"elite-trainer-box-ascend-heroes","status":"publish","type":"product","link":"https:\/\/hydrastoretcg.cl\/?product=elite-trainer-box-ascend-heroes","title":{"rendered":"Elite Trainer Box Ascend Heroes"},"content":{"rendered":"<p>La Elite Trainer Box Ascend Heroes es un producto oficial de Pok\u00e9mon TCG dise\u00f1ado para jugadores que buscan sobres de la expansi\u00f3n Ascend Heroes junto con accesorios oficiales para torneo.<\/p>\n<p>Esta ETB es una excelente opci\u00f3n para armar o fortalecer mazos en formato Standard, adem\u00e1s de ser uno de los productos m\u00e1s buscados por coleccionistas.<\/p>\n<p>Contenido de la ETB Ascend Heroes<\/p>\n<p>9 sobres oficiales de la expansi\u00f3n Ascend Heroes<\/p>\n<p>1 carta promo exclusiva<\/p>\n<p>65 fundas tem\u00e1ticas<\/p>\n<p>Dados oficiales y marcadores<\/p>\n<p>Separadores de mazo<\/p>\n<p>Gu\u00eda estrat\u00e9gica de la expansi\u00f3n<\/p>\n<p>C\u00f3digo para Pok\u00e9mon TCG Live<\/p>\n<p>Compra tu ETB Pok\u00e9mon en Chile<\/p>\n<p>En Hydra Store encontrar\u00e1s productos oficiales Pok\u00e9mon TCG con retiro en tienda en Maip\u00fa o compra online.<\/p>\n","protected":false},"excerpt":{"rendered":"<p>La Elite Trainer Box Ascend Heroes es un producto oficial de Pok\u00e9mon TCG dise\u00f1ado para jugadores que buscan sobres de la expansi\u00f3n Ascend Heroes junto con accesorios oficiales para torneo. Esta ETB es una excelente opci\u00f3n para armar o fortalecer mazos en formato Standard, adem\u00e1s de ser uno de los productos m\u00e1s buscados por coleccionistas. [&hellip;]<\/p>\n","protected":false},"featured_media":1543,"template":"","meta":[],"product_brand":[],"product_cat":[163,28,26],"product_tag":[],"class_list":{"0":"post-1541","1":"product","2":"type-product","3":"status-publish","4":"has-post-thumbnail","6":"product_cat-megaevolution-ascended-heroes","7":"product_cat-pokemon","8":"product_cat-tcg","10":"first","11":"outofstock","12":"sale","13":"taxable","14":"shipping-taxable","15":"purchasable","16":"product-type-simple"},"jetpack_sharing_enabled":true,"_links":{"self":[{"href":"https:\/\/hydrastoretcg.cl\/index.php?rest_route=\/wp\/v2\/product\/1541","targetHints":{"allow":["GET"]}}],"collection":[{"href":"https:\/\/hydrastoretcg.cl\/index.php?rest_route=\/wp\/v2\/product"}],"about":[{"href":"https:\/\/hydrastoretcg.cl\/index.php?rest_route=\/wp\/v2\/types\/product"}],"wp:featuredmedia":[{"embeddable":true,"href":"https:\/\/hydrastoretcg.cl\/index.php?rest_route=\/wp\/v2\/media\/1543"}],"wp:attachment":[{"href":"https:\/\/hydrastoretcg.cl\/index.php?rest_route=%2Fwp%2Fv2%2Fmedia&parent=1541"}],"wp:term":[{"taxonomy":"product_brand","embeddable":true,"href":"https:\/\/hydrastoretcg.cl\/index.php?rest_route=%2Fwp%2Fv2%2Fproduct_brand&post=1541"},{"taxonomy":"product_cat","embeddable":true,"href":"https:\/\/hydrastoretcg.cl\/index.php?rest_route=%2Fwp%2Fv2%2Fproduct_cat&post=1541"},{"taxonomy":"product_tag","embeddable":true,"href":"https:\/\/hydrastoretcg.cl\/index.php?rest_route=%2Fwp%2Fv2%2Fproduct_tag&post=1541"}],"curies":[{"name":"wp","href":"https:\/\/api.w.org\/{rel}","templated":true}]}}