{"id":1538,"date":"2026-02-24T18:44:03","date_gmt":"2026-02-24T21:44:03","guid":{"rendered":"https:\/\/hydrastoretcg.cl\/?post_type=product&#038;p=1538"},"modified":"2026-04-04T14:38:23","modified_gmt":"2026-04-04T17:38:23","slug":"%f0%9f%8e%81-pokemon-tcg-collector-chest-chest-collector","status":"publish","type":"product","link":"https:\/\/hydrastoretcg.cl\/?product=%f0%9f%8e%81-pokemon-tcg-collector-chest-chest-collector","title":{"rendered":"\ud83c\udf81 Pok\u00e9mon TCG Collector Chest (Chest Collector)"},"content":{"rendered":"<p style=\"text-align: center;\" data-start=\"336\" data-end=\"547\">La <strong data-start=\"339\" data-end=\"370\">Pok\u00e9mon TCG Collector Chest<\/strong> es una caja met\u00e1lica de colecci\u00f3n ideal para jugadores y coleccionistas que buscan sobres oficiales, cartas promocionales exclusivas y accesorios tem\u00e1ticos en un solo producto.<\/p>\n<p data-start=\"549\" data-end=\"713\">Este producto es perfecto como regalo Pok\u00e9mon, para comenzar en el juego o para ampliar tu colecci\u00f3n con cartas especiales incluidas exclusivamente en este formato.<\/p>\n<h2 data-start=\"715\" data-end=\"750\">\u00bfQu\u00e9 incluye la Collector Chest?<\/h2>\n<ul data-start=\"752\" data-end=\"1000\">\n<li data-start=\"752\" data-end=\"787\">\n<p data-start=\"754\" data-end=\"787\">3 Cartas Foil exclusivas<\/p>\n<\/li>\n<li data-start=\"788\" data-end=\"823\">\n<p data-start=\"790\" data-end=\"823\">6 Sobres oficiales de Pok\u00e9mon TCG<\/p>\n<\/li>\n<li data-start=\"824\" data-end=\"897\">\n<p data-start=\"826\" data-end=\"897\">Accesorios tem\u00e1ticos (stickers, mini carpeta y moneda Mega Lucario)<\/p>\n<\/li>\n<li data-start=\"898\" data-end=\"930\">\n<p data-start=\"900\" data-end=\"930\">C\u00f3digo para Pok\u00e9mon TCG Live<\/p>\n<\/li>\n<li data-start=\"931\" data-end=\"1000\">\n<p data-start=\"933\" data-end=\"1000\">Caja met\u00e1lica reutilizable ideal para guardar cartas y accesorios<\/p>\n<\/li>\n<\/ul>\n","protected":false},"excerpt":{"rendered":"<p>La Pok\u00e9mon TCG Collector Chest es una caja met\u00e1lica de colecci\u00f3n ideal para jugadores y coleccionistas que buscan sobres oficiales, cartas promocionales exclusivas y accesorios tem\u00e1ticos en un solo producto. Este producto es perfecto como regalo Pok\u00e9mon, para comenzar en el juego o para ampliar tu colecci\u00f3n con cartas especiales incluidas exclusivamente en este formato. [&hellip;]<\/p>\n","protected":false},"featured_media":1545,"template":"","meta":[],"product_brand":[52],"product_cat":[165,146,28,26],"product_tag":[],"class_list":{"0":"post-1538","1":"product","2":"type-product","3":"status-publish","4":"has-post-thumbnail","6":"product_brand-pokemon-tcg","7":"product_cat-megaevolution","8":"product_cat-ofertas","9":"product_cat-pokemon","10":"product_cat-tcg","12":"first","13":"instock","14":"sale","15":"sold-individually","16":"taxable","17":"shipping-taxable","18":"purchasable","19":"product-type-simple"},"jetpack_sharing_enabled":true,"_links":{"self":[{"href":"https:\/\/hydrastoretcg.cl\/index.php?rest_route=\/wp\/v2\/product\/1538","targetHints":{"allow":["GET"]}}],"collection":[{"href":"https:\/\/hydrastoretcg.cl\/index.php?rest_route=\/wp\/v2\/product"}],"about":[{"href":"https:\/\/hydrastoretcg.cl\/index.php?rest_route=\/wp\/v2\/types\/product"}],"wp:featuredmedia":[{"embeddable":true,"href":"https:\/\/hydrastoretcg.cl\/index.php?rest_route=\/wp\/v2\/media\/1545"}],"wp:attachment":[{"href":"https:\/\/hydrastoretcg.cl\/index.php?rest_route=%2Fwp%2Fv2%2Fmedia&parent=1538"}],"wp:term":[{"taxonomy":"product_brand","embeddable":true,"href":"https:\/\/hydrastoretcg.cl\/index.php?rest_route=%2Fwp%2Fv2%2Fproduct_brand&post=1538"},{"taxonomy":"product_cat","embeddable":true,"href":"https:\/\/hydrastoretcg.cl\/index.php?rest_route=%2Fwp%2Fv2%2Fproduct_cat&post=1538"},{"taxonomy":"product_tag","embeddable":true,"href":"https:\/\/hydrastoretcg.cl\/index.php?rest_route=%2Fwp%2Fv2%2Fproduct_tag&post=1538"}],"curies":[{"name":"wp","href":"https:\/\/api.w.org\/{rel}","templated":true}]}}