{"id":1535,"date":"2026-02-24T18:17:22","date_gmt":"2026-02-24T21:17:22","guid":{"rendered":"https:\/\/hydrastoretcg.cl\/?post_type=product&#038;p=1535"},"modified":"2026-04-01T22:24:50","modified_gmt":"2026-04-02T01:24:50","slug":"preventa-secrets-of-strixhaven-collector-booster-box","status":"publish","type":"product","link":"https:\/\/hydrastoretcg.cl\/?product=preventa-secrets-of-strixhaven-collector-booster-box","title":{"rendered":"*Preventa* Secrets of Strixhaven &#8211; Collector Booster Box"},"content":{"rendered":"<p>El Collector Booster est\u00e1 dise\u00f1ado para coleccionistas y jugadores que quieren lo mejor de lo mejor de Secrets of Strixhaven. Cada sobre contiene 15 cartas con enfoque en rarezas, foils y estilos exclusivos, incluyendo m\u00faltiples cartas raras o m\u00edticas, adem\u00e1s de encontrarse cartas de la Mystical Archive con tratamientos visuales \u00fanicos.<\/p>\n<p>&nbsp;<\/p>\n<p><strong data-start=\"1554\" data-end=\"1579\">Importante \u2013 Preventa<\/strong><br data-start=\"1579\" data-end=\"1582\" \/>Este producto se encuentra en preventa.<br data-start=\"1621\" data-end=\"1624\" \/>Las \u00f3rdenes que incluyan este producto se enviar\u00e1n una vez liberado oficialmente.<br data-start=\"1708\" data-end=\"1711\" \/>La imagen del producto puede variar seg\u00fan indicaciones del distribuidor o proveedor oficial.<\/p>\n","protected":false},"excerpt":{"rendered":"<p>El Collector Booster est\u00e1 dise\u00f1ado para coleccionistas y jugadores que quieren lo mejor de lo mejor de Secrets of Strixhaven. Cada sobre contiene 15 cartas con enfoque en rarezas, foils y estilos exclusivos, incluyendo m\u00faltiples cartas raras o m\u00edticas, adem\u00e1s de encontrarse cartas de la Mystical Archive con tratamientos visuales \u00fanicos. &nbsp; Importante \u2013 PreventaEste [&hellip;]<\/p>\n","protected":false},"featured_media":1641,"template":"","meta":[],"product_brand":[47],"product_cat":[27,35,147,26],"product_tag":[],"class_list":{"0":"post-1535","1":"product","2":"type-product","3":"status-publish","4":"has-post-thumbnail","6":"product_brand-magic-the-gathering","7":"product_cat-magicthegathering","8":"product_cat-preventas","9":"product_cat-sos","10":"product_cat-tcg","12":"first","13":"outofstock","14":"taxable","15":"shipping-taxable","16":"purchasable","17":"product-type-simple"},"jetpack_sharing_enabled":true,"_links":{"self":[{"href":"https:\/\/hydrastoretcg.cl\/index.php?rest_route=\/wp\/v2\/product\/1535","targetHints":{"allow":["GET"]}}],"collection":[{"href":"https:\/\/hydrastoretcg.cl\/index.php?rest_route=\/wp\/v2\/product"}],"about":[{"href":"https:\/\/hydrastoretcg.cl\/index.php?rest_route=\/wp\/v2\/types\/product"}],"wp:featuredmedia":[{"embeddable":true,"href":"https:\/\/hydrastoretcg.cl\/index.php?rest_route=\/wp\/v2\/media\/1641"}],"wp:attachment":[{"href":"https:\/\/hydrastoretcg.cl\/index.php?rest_route=%2Fwp%2Fv2%2Fmedia&parent=1535"}],"wp:term":[{"taxonomy":"product_brand","embeddable":true,"href":"https:\/\/hydrastoretcg.cl\/index.php?rest_route=%2Fwp%2Fv2%2Fproduct_brand&post=1535"},{"taxonomy":"product_cat","embeddable":true,"href":"https:\/\/hydrastoretcg.cl\/index.php?rest_route=%2Fwp%2Fv2%2Fproduct_cat&post=1535"},{"taxonomy":"product_tag","embeddable":true,"href":"https:\/\/hydrastoretcg.cl\/index.php?rest_route=%2Fwp%2Fv2%2Fproduct_tag&post=1535"}],"curies":[{"name":"wp","href":"https:\/\/api.w.org\/{rel}","templated":true}]}}