{"id":1528,"date":"2026-02-24T18:03:50","date_gmt":"2026-02-24T21:03:50","guid":{"rendered":"https:\/\/hydrastoretcg.cl\/?post_type=product&#038;p=1528"},"modified":"2026-04-01T22:24:50","modified_gmt":"2026-04-02T01:24:50","slug":"preventa-secrets-of-strixhaven-witherbloom-pestilence-commander-decks-espanol","status":"publish","type":"product","link":"https:\/\/hydrastoretcg.cl\/?product=preventa-secrets-of-strixhaven-witherbloom-pestilence-commander-decks-espanol","title":{"rendered":"*Preventa* Secrets of Strixhaven &#8211; Witherbloom Pestilence Commander Decks Espa\u00f1ol"},"content":{"rendered":"<p>\u00a1Sum\u00e9rgete directamente en el formato Commander! Este mazo preconstruido de Secrets of Strixhaven viene listo para jugar y representa uno de los estilos \u00fanicos de las escuelas m\u00e1gicas de la universidad. Incluye cartas enfocadas en la tem\u00e1tica de su colegio, ideal para partidas multijugador casual o competitivo.<\/p>\n<p>Se avecinan problemas cuando Dina lidera tus fuerzas de Flor Marchita, \u00a1as\u00ed que prepara a las Plagas para el sacrificio! Los sacrificios otorgan vida, cartas y contadores apilables para que puedas aplastar a la competencia.<\/p>\n<p>Contenido del Commander Deck:<\/p>\n<p>100 cartas Magic listas para jugar (incluye cartas nuevas de la colecci\u00f3n)<\/p>\n<p>Comandante o criaturas legendarias destacadas<\/p>\n<p>Tokens doble cara<\/p>\n<p>Caja guardamazo tem\u00e1tica<\/p>\n<p>Hoja de estrategia y tarjeta de referencia<\/p>\n<p>Excelente opci\u00f3n para quienes quieren empezar a jugar Commander con una identidad tem\u00e1tica definida y cartas nuevas para la colecci\u00f3n.<\/p>\n<p>&nbsp;<\/p>\n<p><strong data-start=\"1554\" data-end=\"1579\">Importante \u2013 Preventa<\/strong><br data-start=\"1579\" data-end=\"1582\" \/>Este producto se encuentra en preventa.<br data-start=\"1621\" data-end=\"1624\" \/>Las \u00f3rdenes que incluyan este producto se enviar\u00e1n una vez liberado oficialmente.<br data-start=\"1708\" data-end=\"1711\" \/>La imagen del producto puede variar seg\u00fan indicaciones del distribuidor o proveedor oficial.<\/p>\n","protected":false},"excerpt":{"rendered":"<p>\u00a1Sum\u00e9rgete directamente en el formato Commander! Este mazo preconstruido de Secrets of Strixhaven viene listo para jugar y representa uno de los estilos \u00fanicos de las escuelas m\u00e1gicas de la universidad. Incluye cartas enfocadas en la tem\u00e1tica de su colegio, ideal para partidas multijugador casual o competitivo. Se avecinan problemas cuando Dina lidera tus fuerzas [&hellip;]<\/p>\n","protected":false},"featured_media":1526,"template":"","meta":[],"product_brand":[47],"product_cat":[27,146,35,147,26],"product_tag":[],"class_list":{"0":"post-1528","1":"product","2":"type-product","3":"status-publish","4":"has-post-thumbnail","6":"product_brand-magic-the-gathering","7":"product_cat-magicthegathering","8":"product_cat-ofertas","9":"product_cat-preventas","10":"product_cat-sos","11":"product_cat-tcg","13":"first","14":"instock","15":"sale","16":"taxable","17":"shipping-taxable","18":"purchasable","19":"product-type-simple"},"jetpack_sharing_enabled":true,"_links":{"self":[{"href":"https:\/\/hydrastoretcg.cl\/index.php?rest_route=\/wp\/v2\/product\/1528","targetHints":{"allow":["GET"]}}],"collection":[{"href":"https:\/\/hydrastoretcg.cl\/index.php?rest_route=\/wp\/v2\/product"}],"about":[{"href":"https:\/\/hydrastoretcg.cl\/index.php?rest_route=\/wp\/v2\/types\/product"}],"wp:featuredmedia":[{"embeddable":true,"href":"https:\/\/hydrastoretcg.cl\/index.php?rest_route=\/wp\/v2\/media\/1526"}],"wp:attachment":[{"href":"https:\/\/hydrastoretcg.cl\/index.php?rest_route=%2Fwp%2Fv2%2Fmedia&parent=1528"}],"wp:term":[{"taxonomy":"product_brand","embeddable":true,"href":"https:\/\/hydrastoretcg.cl\/index.php?rest_route=%2Fwp%2Fv2%2Fproduct_brand&post=1528"},{"taxonomy":"product_cat","embeddable":true,"href":"https:\/\/hydrastoretcg.cl\/index.php?rest_route=%2Fwp%2Fv2%2Fproduct_cat&post=1528"},{"taxonomy":"product_tag","embeddable":true,"href":"https:\/\/hydrastoretcg.cl\/index.php?rest_route=%2Fwp%2Fv2%2Fproduct_tag&post=1528"}],"curies":[{"name":"wp","href":"https:\/\/api.w.org\/{rel}","templated":true}]}}