{"id":1474,"date":"2026-02-12T14:30:21","date_gmt":"2026-02-12T17:30:21","guid":{"rendered":"https:\/\/hydrastoretcg.cl\/?post_type=product&#038;p=1474"},"modified":"2026-04-05T01:07:00","modified_gmt":"2026-04-05T05:07:00","slug":"mtg-tmnt-pizza-bundle-ingles","status":"publish","type":"product","link":"https:\/\/hydrastoretcg.cl\/?product=mtg-tmnt-pizza-bundle-ingles","title":{"rendered":"MTG TMNT \u2014 Pizza Bundle (Ingl\u00e9s)"},"content":{"rendered":"<p data-start=\"2580\" data-end=\"2752\">La pizza es parte fundamental del ADN de las Tortugas Ninja, y el <strong data-start=\"2646\" data-end=\"2674\">Pizza Bundle de MTG TMNT<\/strong> captura ese lado m\u00e1s relajado y divertido del equipo despu\u00e9s de cada batalla.<\/p>\n<p data-start=\"2754\" data-end=\"2959\">Un producto especial de la colecci\u00f3n <strong data-start=\"2791\" data-end=\"2846\">Magic: The Gathering \u2014 Teenage Mutant Ninja Turtles<\/strong>, perfecto para coleccionistas y fans de la franquicia que quieran celebrar esta colaboraci\u00f3n entre Magic y TMNT.<\/p>\n<p><strong>Contenido del Bundle:<\/strong><\/p>\n<ul>\n<li>9 sobres de juego de Magic: The Gathering | Teenage Mutant Ninja Turtles<\/li>\n<li>Cada sobre de juego contiene 14 cartas de Magic: The Gathering<\/li>\n<li>Puede contener las siguientes cartas: 1 a 252 de TMT; 1 a 20 de PZA\n<ul>\n<li>Entre 1 y 5 cartas raras o de una rareza superior (2: 25 %; 3: 3 %; 4 o 5: &lt;1 %)<\/li>\n<li>Entre 2 y 5 cartas poco comunes<\/li>\n<li>Entre 6 y 10 cartas comunes<\/li>\n<li>1 carta de tierra<\/li>\n<li>1 carta de cualquier rareza es foil tradicional<\/li>\n<li>Hay una tortuga rara m\u00edtica foil sin borde en menos del 1 % de los sobres<\/li>\n<li>Una tierra foil tradicional sustituye a una tierra en el 20 % de los sobres<\/li>\n<li>1 sobre de coleccionista de Magic: The Gathering | Teenage Mutant Ninja Turtles<\/li>\n<li>El sobre de coleccionista contiene 15 cartas de Magic: The Gathering<\/li>\n<li>Puede contener las siguientes cartas: 1 a 190 y 196 a 314 de TMT; 1 a 97 de TMC; 1 a 20 de PZA<\/li>\n<li>Entre 0 y 3 cartas surge foil<\/li>\n<li>Entre 9 y 12 cartas foil tradicionales<\/li>\n<li>5 cartas raras o de una rareza superior<\/li>\n<li>3 o 4 cartas poco comunes<\/li>\n<li>5 o 6 cartas comunes<\/li>\n<li>1 carta de tierra<\/li>\n<li>Hay una carta de estrella principal sin borde con la firma de Kevin Eastman en menos del 1 % de los sobres<\/li>\n<li>2 de 6 cartas promocionales<\/li>\n<\/ul>\n<\/li>\n<li>5 cartas de tierra b\u00e1sica de pizza foil tradicionales con arte completo<\/li>\n<li>25 cartas de tierra b\u00e1sica de pizza no foil con arte completo<\/li>\n<li>Contador de vidas Spindown sobredimensionado especial del Pizza Bundle<\/li>\n<\/ul>\n<p data-start=\"2961\" data-end=\"2988\">Producto oficial en ingl\u00e9s.<\/p>\n","protected":false},"excerpt":{"rendered":"<p>La pizza es parte fundamental del ADN de las Tortugas Ninja, y el Pizza Bundle de MTG TMNT captura ese lado m\u00e1s relajado y divertido del equipo despu\u00e9s de cada batalla. Un producto especial de la colecci\u00f3n Magic: The Gathering \u2014 Teenage Mutant Ninja Turtles, perfecto para coleccionistas y fans de la franquicia que quieran [&hellip;]<\/p>\n","protected":false},"featured_media":1475,"template":"","meta":[],"product_brand":[47],"product_cat":[175,27,26],"product_tag":[],"class_list":{"0":"post-1474","1":"product","2":"type-product","3":"status-publish","4":"has-post-thumbnail","6":"product_brand-magic-the-gathering","7":"product_cat-las-tortugas-ninja","8":"product_cat-magicthegathering","9":"product_cat-tcg","11":"first","12":"instock","13":"taxable","14":"shipping-taxable","15":"purchasable","16":"product-type-simple"},"jetpack_sharing_enabled":true,"_links":{"self":[{"href":"https:\/\/hydrastoretcg.cl\/index.php?rest_route=\/wp\/v2\/product\/1474","targetHints":{"allow":["GET"]}}],"collection":[{"href":"https:\/\/hydrastoretcg.cl\/index.php?rest_route=\/wp\/v2\/product"}],"about":[{"href":"https:\/\/hydrastoretcg.cl\/index.php?rest_route=\/wp\/v2\/types\/product"}],"wp:featuredmedia":[{"embeddable":true,"href":"https:\/\/hydrastoretcg.cl\/index.php?rest_route=\/wp\/v2\/media\/1475"}],"wp:attachment":[{"href":"https:\/\/hydrastoretcg.cl\/index.php?rest_route=%2Fwp%2Fv2%2Fmedia&parent=1474"}],"wp:term":[{"taxonomy":"product_brand","embeddable":true,"href":"https:\/\/hydrastoretcg.cl\/index.php?rest_route=%2Fwp%2Fv2%2Fproduct_brand&post=1474"},{"taxonomy":"product_cat","embeddable":true,"href":"https:\/\/hydrastoretcg.cl\/index.php?rest_route=%2Fwp%2Fv2%2Fproduct_cat&post=1474"},{"taxonomy":"product_tag","embeddable":true,"href":"https:\/\/hydrastoretcg.cl\/index.php?rest_route=%2Fwp%2Fv2%2Fproduct_tag&post=1474"}],"curies":[{"name":"wp","href":"https:\/\/api.w.org\/{rel}","templated":true}]}}