{"id":1470,"date":"2026-02-12T13:58:06","date_gmt":"2026-02-12T16:58:06","guid":{"rendered":"https:\/\/hydrastoretcg.cl\/?post_type=product&#038;p=1470"},"modified":"2026-04-01T22:31:30","modified_gmt":"2026-04-02T01:31:30","slug":"mtg-tmnt-bundle-ingles","status":"publish","type":"product","link":"https:\/\/hydrastoretcg.cl\/?product=mtg-tmnt-bundle-ingles","title":{"rendered":"MTG TMNT \u2014 Bundle (Ingl\u00e9s)"},"content":{"rendered":"<p data-start=\"1558\" data-end=\"1770\">El <strong data-start=\"1561\" data-end=\"1626\">Bundle de Magic: The Gathering \u2014 Teenage Mutant Ninja Turtles<\/strong> es una excelente forma de sumergirse en esta colaboraci\u00f3n, reuniendo sobres de la colecci\u00f3n y accesorios de juego en una presentaci\u00f3n tem\u00e1tica.<\/p>\n<p data-start=\"1772\" data-end=\"1956\">Revive el esp\u00edritu de aventura de las Tortugas Ninja mientras expandes tu colecci\u00f3n de Magic con cartas inspiradas en sus aliados, enemigos y el estilo urbano que define la franquicia.<\/p>\n<p data-start=\"1958\" data-end=\"1972\"><strong data-start=\"1958\" data-end=\"1972\">Contenido:<\/strong><\/p>\n<ul data-start=\"1973\" data-end=\"2048\">\n<li data-start=\"1973\" data-end=\"2006\">\n<p data-start=\"1975\" data-end=\"2006\">Sobres de la colecci\u00f3n MTG TMNT<\/p>\n<\/li>\n<li data-start=\"2007\" data-end=\"2026\">\n<p data-start=\"2009\" data-end=\"2026\">Caja guardacartas<\/p>\n<\/li>\n<li data-start=\"2027\" data-end=\"2048\">\n<p data-start=\"2029\" data-end=\"2048\">Accesorios de juego<\/p>\n<\/li>\n<\/ul>\n","protected":false},"excerpt":{"rendered":"<p>El Bundle de Magic: The Gathering \u2014 Teenage Mutant Ninja Turtles es una excelente forma de sumergirse en esta colaboraci\u00f3n, reuniendo sobres de la colecci\u00f3n y accesorios de juego en una presentaci\u00f3n tem\u00e1tica. Revive el esp\u00edritu de aventura de las Tortugas Ninja mientras expandes tu colecci\u00f3n de Magic con cartas inspiradas en sus aliados, enemigos [&hellip;]<\/p>\n","protected":false},"featured_media":1471,"template":"","meta":[],"product_brand":[47],"product_cat":[175,27,146,26],"product_tag":[],"class_list":{"0":"post-1470","1":"product","2":"type-product","3":"status-publish","4":"has-post-thumbnail","6":"product_brand-magic-the-gathering","7":"product_cat-las-tortugas-ninja","8":"product_cat-magicthegathering","9":"product_cat-ofertas","10":"product_cat-tcg","12":"first","13":"instock","14":"sale","15":"taxable","16":"shipping-taxable","17":"purchasable","18":"product-type-simple"},"jetpack_sharing_enabled":true,"_links":{"self":[{"href":"https:\/\/hydrastoretcg.cl\/index.php?rest_route=\/wp\/v2\/product\/1470","targetHints":{"allow":["GET"]}}],"collection":[{"href":"https:\/\/hydrastoretcg.cl\/index.php?rest_route=\/wp\/v2\/product"}],"about":[{"href":"https:\/\/hydrastoretcg.cl\/index.php?rest_route=\/wp\/v2\/types\/product"}],"wp:featuredmedia":[{"embeddable":true,"href":"https:\/\/hydrastoretcg.cl\/index.php?rest_route=\/wp\/v2\/media\/1471"}],"wp:attachment":[{"href":"https:\/\/hydrastoretcg.cl\/index.php?rest_route=%2Fwp%2Fv2%2Fmedia&parent=1470"}],"wp:term":[{"taxonomy":"product_brand","embeddable":true,"href":"https:\/\/hydrastoretcg.cl\/index.php?rest_route=%2Fwp%2Fv2%2Fproduct_brand&post=1470"},{"taxonomy":"product_cat","embeddable":true,"href":"https:\/\/hydrastoretcg.cl\/index.php?rest_route=%2Fwp%2Fv2%2Fproduct_cat&post=1470"},{"taxonomy":"product_tag","embeddable":true,"href":"https:\/\/hydrastoretcg.cl\/index.php?rest_route=%2Fwp%2Fv2%2Fproduct_tag&post=1470"}],"curies":[{"name":"wp","href":"https:\/\/api.w.org\/{rel}","templated":true}]}}